{"id":4994,"date":"2026-02-03T15:32:12","date_gmt":"2026-02-03T15:32:12","guid":{"rendered":"https:\/\/demo8.izveide.id.lv\/?post_type=product&#038;p=4994"},"modified":"2026-02-03T15:32:22","modified_gmt":"2026-02-03T15:32:22","slug":"florin-sv-rapid-code-0747","status":"publish","type":"product","link":"https:\/\/demo8.izveide.id.lv\/lv\/products\/florin-sv-rapid-code-0747\/","title":{"rendered":"Florin SV Rapid (kods 0747)"},"content":{"rendered":"<p><img decoding=\"async\" alt=\"Description\" src=\"\/wp-content\/uploads\/2026\/01\/0747-PARENT_desc.jpg\"\/><\/p>\n<p><p><\/p>\n<p> <b>L\u012aDZEKLIS TRAUKU UN DOZATORU T\u012aR\u012a\u0160ANAI AUKST\u0100 \u016aDEN\u012a<\/b><\/p>\n<p><b>\u012apa\u0161\u012bbas<\/b>&#8211; \u0160\u0137idrs, sk\u0101bs l\u012bdzeklis tauku, olbaltumvielu un miner\u0101lo nogul\u0161\u0146u t\u012br\u012b\u0161anai.- Satur fosf\u0101tsk\u0101bes un virsmakt\u012bv\u0101s vielas.- Str\u0101d\u0101jot ar l\u012bdzekli, j\u0101\u0146em v\u0113r\u0101 alum\u012bnija pretkorozijas iztur\u012bbu, hlor\u012bdu saturs darba \u0161\u0137\u012bdum\u0101 nedr\u012bkst p\u0101rsniegt 50 mg\/l.- L\u012bdzeklis neboj\u0101 sk\u0101bju iztur\u012bgus materi\u0101lus.<\/p>\n<p><b>Pielieto\u0161anas iesp\u0113jas<\/b>Piena r\u016bpniec\u012bba:- Ide\u0101li piem\u0113rots iek\u0101rtu un cauru\u013cvadu t\u012br\u012b\u0161anai, sviesta ra\u017eo\u0161anas iek\u0101rtu mazg\u0101\u0161anai, tilp\u0146u un autocisternu mazg\u0101\u0161anai.- L\u012bdzekli izmantot k\u0101 visp\u0101r\u0113j\u0101 mazg\u0101\u0161an\u0101 ar s\u0101rmainajiem l\u012bdzek\u013ciem, at\u0161\u0137aid\u012btu proporcij\u0101 1:100 l\u012bdz 1:200.- Darba \u0161\u0137\u012bdums var b\u016bt gan auksts, gan silts, bet ne karst\u0101ks par +60 \u00baC.Alus ra\u017eo\u0161ana:- Piem\u0113rots tilp\u0146u sk\u0101bajai mazg\u0101\u0161anai ar aukstu \u016bdeni at\u0161\u0137aid\u012btu 1:75 l\u012bdz 1:1000.- Piem\u0113rots izlie\u0161anas un doz\u0113\u0161anas iek\u0101rtu mazg\u0101\u0161anai ar aukstu jeb karstu \u016bdeni (+70 \u00baC) at\u0161\u0137aid\u012btu 1:50 l\u012bdz 1:100.Citas sf\u0113ras:- Piem\u0113rots miner\u0101lo nogul\u0161\u0146u no\u0146em\u0161anai no jebkur\u0101m iek\u0101rt\u0101m.- Piem\u0113rots ner\u016bs\u0113jo\u0161\u0101 t\u0113rauda \u0101r\u0113jo virsmu t\u012br\u012b\u0161anai.- Izmantojams akmens gr\u012bdu mazg\u0101\u0161anai un sanit\u0101raj\u0101m telp\u0101m.- Izmantojams stikla taras mazg\u0101\u0161anai (alus kausiem) aukst\u0101 \u016bden\u012b, trauku mazg\u0101\u0161anas ma\u0161\u012bn\u0101s.- Ga\u013cas produktu uzglab\u0101\u0161anas taras mazg\u0101\u0161ana.<\/p>\n<p><b>Tehniskais raksturojums<\/b><\/p>\n<p><b>Fizisk\u0101 forma<\/b>: \u0161\u0137idrums<b>Bl\u012bvums (20 \u00baC)<\/b>: 1.44 g \/ ml<\/p>\n<p><b>pH l\u012bmenis<\/b>: 1 <\/p>\n","protected":false},"excerpt":{"rendered":"<p>L\u012aDZEKLIS TRAUKU UN DOZATORU T\u012aR\u012a\u0160ANAI AUKST\u0100 \u016aDEN\u012a \u012apa\u0161\u012bbas&#8211; \u0160\u0137idrs, sk\u0101bs l\u012bdzeklis tauku, olbaltumvielu un miner\u0101lo nogul\u0161\u0146u t\u012br\u012b\u0161anai.- Satur fosf\u0101tsk\u0101bes un virsmakt\u012bv\u0101s vielas.- Str\u0101d\u0101jot ar l\u012bdzekli, j\u0101\u0146em v\u0113r\u0101 alum\u012bnija pretkorozijas iztur\u012bbu, hlor\u012bdu saturs darba \u0161\u0137\u012bdum\u0101 nedr\u012bkst p\u0101rsniegt 50 mg\/l.- L\u012bdzeklis neboj\u0101 sk\u0101bju iztur\u012bgus materi\u0101lus. Pielieto\u0161anas iesp\u0113jasPiena r\u016bpniec\u012bba:- Ide\u0101li piem\u0113rots iek\u0101rtu un cauru\u013cvadu t\u012br\u012b\u0161anai, sviesta ra\u017eo\u0161anas iek\u0101rtu&#8230;<\/p>\n","protected":false},"featured_media":4995,"comment_status":"open","ping_status":"closed","template":"","meta":[],"product_brand":[337],"product_cat":[353,374,356],"product_tag":[],"class_list":{"0":"post-4994","1":"product","2":"type-product","3":"status-publish","4":"has-post-thumbnail","6":"product_brand-flore-chemie","7":"product_cat-flore-chemie-produkti","8":"product_cat-specialie-mazgasanas-tirisanas-un-kopsanas-lidzekli-partikas-nozarei-virtuvem-maiznicam-kupinatavam-saldetavam-u-c","9":"product_cat-viesnicas-un-sabiedriskas-edinasanas-uznemumi","11":"first","12":"instock","13":"shipping-taxable","14":"purchasable","15":"product-type-variable","16":"has-default-attributes"},"_links":{"self":[{"href":"https:\/\/demo8.izveide.id.lv\/lv\/wp-json\/wp\/v2\/product\/4994","targetHints":{"allow":["GET"]}}],"collection":[{"href":"https:\/\/demo8.izveide.id.lv\/lv\/wp-json\/wp\/v2\/product"}],"about":[{"href":"https:\/\/demo8.izveide.id.lv\/lv\/wp-json\/wp\/v2\/types\/product"}],"replies":[{"embeddable":true,"href":"https:\/\/demo8.izveide.id.lv\/lv\/wp-json\/wp\/v2\/comments?post=4994"}],"wp:featuredmedia":[{"embeddable":true,"href":"https:\/\/demo8.izveide.id.lv\/lv\/wp-json\/wp\/v2\/media\/4995"}],"wp:attachment":[{"href":"https:\/\/demo8.izveide.id.lv\/lv\/wp-json\/wp\/v2\/media?parent=4994"}],"wp:term":[{"taxonomy":"product_brand","embeddable":true,"href":"https:\/\/demo8.izveide.id.lv\/lv\/wp-json\/wp\/v2\/product_brand?post=4994"},{"taxonomy":"product_cat","embeddable":true,"href":"https:\/\/demo8.izveide.id.lv\/lv\/wp-json\/wp\/v2\/product_cat?post=4994"},{"taxonomy":"product_tag","embeddable":true,"href":"https:\/\/demo8.izveide.id.lv\/lv\/wp-json\/wp\/v2\/product_tag?post=4994"}],"curies":[{"name":"wp","href":"https:\/\/api.w.org\/{rel}","templated":true}]}}