{"id":4979,"date":"2026-02-03T15:32:07","date_gmt":"2026-02-03T15:32:07","guid":{"rendered":"https:\/\/demo8.izveide.id.lv\/?post_type=product&#038;p=4979"},"modified":"2026-02-03T15:32:22","modified_gmt":"2026-02-03T15:32:22","slug":"florin-s-limette-code-0624","status":"publish","type":"product","link":"https:\/\/demo8.izveide.id.lv\/lv\/products\/florin-s-limette-code-0624\/","title":{"rendered":"Florin S Limette (kods 0624)"},"content":{"rendered":"<p><img decoding=\"async\" src=\"\/wp-content\/uploads\/2026\/01\/0624-PARENT_desc.jpg\"\/><\/p>\n<p><p><\/p>\n<p> <b>L\u012aDZEKLIS KALCIJA, MAGNIJA UN R\u016aSAS TRAIPU T\u012aR\u012a\u0160ANAI<\/b><\/p>\n<p><b>\u012apa\u0161\u012bbas<\/b>&#8211; Alternat\u012bvs t\u012br\u012b\u0161anas l\u012bdzeklis bez s\u0101lssk\u0101bes un s\u0113rsk\u0101bes sast\u0101v\u0101.- \u0160\u0137\u012bdina kalcija un magnija nogulsnes, k\u0101 ar\u012b citas neorganisko s\u0101\u013cu nogulsnes.- Piem\u0113rots efekt\u012bvai virsmu t\u012br\u012b\u0161anai no r\u016bsas, ur\u012bnakmens u.c.- T\u012bra virsmas vienlaic\u012bgi no taukiem un r\u016bsas.- Str\u0101d\u0101jot p\u0113c instrukcijas, l\u012bdzekli var pielietot ner\u016bs\u0113jo\u0161\u0101 t\u0113rauda virsm\u0101m, k\u0101 ar\u012b saskarsm\u0113 ar gumijas deta\u013c\u0101m.- Sast\u0101v\u0101 eso\u0161\u0101s dezinfic\u0113jo\u0161\u0101s vielas nov\u0113r\u0161 mikroorganismu vairo\u0161anos, k\u0101 ar\u012b s\u0113n\u012b\u0161u un p\u016b\u0161anas bakt\u0113riju att\u012bst\u012bbu.<\/p>\n<p><b>Pielieto\u0161anas iesp\u0113jas<\/b>&#8211; \u016adens att\u012br\u012b\u0161anas iek\u0101rtas, nos\u0113dumakas, \u016bdens apg\u0101des sist\u0113mas.- Viesn\u012bcas, p\u0101rtikas r\u016bpniec\u012bba un tirdzniec\u012bba, slimn\u012bcas, peldbaseini, pirtis, sanit\u0101rie mezgli u.c.- Ga\u013cas un piena r\u016bpniec\u012bbas uz\u0146\u0113mumi, e\u013c\u013cas ra\u017eo\u0161ana, alus br\u016b\u017ei.<b>Pielieto\u0161anas veidi un uzglab\u0101\u0161ana<\/b>&#8211; Visp\u0101r\u0113jai t\u012br\u012b\u0161anai at\u0161\u0137aid\u012bt proporcij\u0101 1:10 l\u012bdz 1:100.- T\u012br\u012b\u0161anai ar ma\u0161\u012bn\u0101m l\u012bdz 1:200.- Sarg\u0101t no sasal\u0161anas!- Uzman\u012bbu! Sarg\u0101t no b\u0113rniem! L\u012bdzeklim nok\u013c\u016bstot ac\u012bs jeb uz \u0101das, skalot ar lielu \u016bdens daudzumu. Notiekot nelaimes gad\u012bjumam, nekav\u0113joties griezties pie \u0101rsta. B\u012bstam\u012bbas kategorija \u201cXi\u201d.<\/p>\n<p><b>Tehniskais raksturojums<\/b><\/p>\n<p><b>Fizisk\u0101 forma<\/b>: \u0161\u0137idrums<b>Bl\u012bvums (20 \u00baC)<\/b>: 1.10 g \/ ml<\/p>\n<p><b>pH l\u012bmenis<\/b>: 1 &#8211; 2<b>V\u0101r\u012b\u0161an\u0101s diapazons<\/b>: +100 \u00baC<\/p>\n<p><b>Sast\u0101vs<\/b>: virsmakt\u012bv\u0101s vielas, amidosulf\u0101tsk\u0101be, fosforsk\u0101be, amonija savienojumi, antikorozijas inhibitor <\/p>\n","protected":false},"excerpt":{"rendered":"<p>L\u012aDZEKLIS KALCIJA, MAGNIJA UN R\u016aSAS TRAIPU T\u012aR\u012a\u0160ANAI \u012apa\u0161\u012bbas&#8211; Alternat\u012bvs t\u012br\u012b\u0161anas l\u012bdzeklis bez s\u0101lssk\u0101bes un s\u0113rsk\u0101bes sast\u0101v\u0101.- \u0160\u0137\u012bdina kalcija un magnija nogulsnes, k\u0101 ar\u012b citas neorganisko s\u0101\u013cu nogulsnes.- Piem\u0113rots efekt\u012bvai virsmu t\u012br\u012b\u0161anai no r\u016bsas, ur\u012bnakmens u.c.- T\u012bra virsmas vienlaic\u012bgi no taukiem un r\u016bsas.- Str\u0101d\u0101jot p\u0113c instrukcijas, l\u012bdzekli var pielietot ner\u016bs\u0113jo\u0161\u0101 t\u0113rauda virsm\u0101m, k\u0101 ar\u012b saskarsm\u0113 ar&#8230;<\/p>\n","protected":false},"featured_media":4980,"comment_status":"open","ping_status":"closed","template":"","meta":[],"product_brand":[337],"product_cat":[353,356,359],"product_tag":[],"class_list":{"0":"post-4979","1":"product","2":"type-product","3":"status-publish","4":"has-post-thumbnail","6":"product_brand-flore-chemie","7":"product_cat-flore-chemie-produkti","8":"product_cat-viesnicas-un-sabiedriskas-edinasanas-uznemumi","9":"product_cat-visparejie-mazgasanas-tirisanas-un-kopsanas-lidzekli","11":"first","12":"instock","13":"shipping-taxable","14":"purchasable","15":"product-type-variable","16":"has-default-attributes"},"_links":{"self":[{"href":"https:\/\/demo8.izveide.id.lv\/lv\/wp-json\/wp\/v2\/product\/4979","targetHints":{"allow":["GET"]}}],"collection":[{"href":"https:\/\/demo8.izveide.id.lv\/lv\/wp-json\/wp\/v2\/product"}],"about":[{"href":"https:\/\/demo8.izveide.id.lv\/lv\/wp-json\/wp\/v2\/types\/product"}],"replies":[{"embeddable":true,"href":"https:\/\/demo8.izveide.id.lv\/lv\/wp-json\/wp\/v2\/comments?post=4979"}],"wp:featuredmedia":[{"embeddable":true,"href":"https:\/\/demo8.izveide.id.lv\/lv\/wp-json\/wp\/v2\/media\/4980"}],"wp:attachment":[{"href":"https:\/\/demo8.izveide.id.lv\/lv\/wp-json\/wp\/v2\/media?parent=4979"}],"wp:term":[{"taxonomy":"product_brand","embeddable":true,"href":"https:\/\/demo8.izveide.id.lv\/lv\/wp-json\/wp\/v2\/product_brand?post=4979"},{"taxonomy":"product_cat","embeddable":true,"href":"https:\/\/demo8.izveide.id.lv\/lv\/wp-json\/wp\/v2\/product_cat?post=4979"},{"taxonomy":"product_tag","embeddable":true,"href":"https:\/\/demo8.izveide.id.lv\/lv\/wp-json\/wp\/v2\/product_tag?post=4979"}],"curies":[{"name":"wp","href":"https:\/\/api.w.org\/{rel}","templated":true}]}}