{"id":4967,"date":"2026-02-03T15:31:59","date_gmt":"2026-02-03T15:31:59","guid":{"rendered":"https:\/\/demo8.izveide.id.lv\/?post_type=product&#038;p=4967"},"modified":"2026-02-03T15:32:22","modified_gmt":"2026-02-03T15:32:22","slug":"flamil-rlx-100-code-0585","status":"publish","type":"product","link":"https:\/\/demo8.izveide.id.lv\/lv\/products\/flamil-rlx-100-code-0585\/","title":{"rendered":"Flamil RLX 100 (kods 0585)"},"content":{"rendered":"<p><img decoding=\"async\" src=\"\/wp-content\/uploads\/2026\/01\/0585-PARENT_desc.jpg\"\/><\/p>\n<p><p><\/p>\n<p> <b>STIPRI S\u0100RMAINS L\u012aDZEKLIS K\u016aPIN\u0100\u0160ANAS KR\u0100\u0160\u0145U T\u012aR\u012a\u0160ANAI<\/b><\/p>\n<p><b>\u012apa\u0161\u012bbas<\/b>&#8211; L\u012bdzeklim nepiem\u012bt as\u0101 un specifisk\u0101 smaka.- Visjaun\u0101k\u0101s paaudzes akt\u012bv\u0101s vielas \u013cauj sasniegt lielisku rezult\u0101tu bez gr\u016bt\u012bb\u0101m not\u012brot pat stipri piedegu\u0161os d\u016bmu sve\u0137us, kv\u0113pus un citus net\u012brumus.- Maksim\u0101li uzlabota vielas formula.<\/p>\n<p><b>Pielieto\u0161anas iesp\u0113jas<\/b>&#8211; K\u016bpin\u0101\u0161anas kr\u0101snis un kameras ga\u013cas un zivju p\u0101rstr\u0101des cehos.- Maizes ceptuves.- D\u016bmu \u0123eneratori.- Tvaika nos\u016bc\u0113ji \u012bpa\u0161i smagos gad\u012bjumos.<b>Pielieto\u0161anas veidi un uzglab\u0101\u0161ana<\/b>&#8211; Lietot l\u012bdzekli uzsmidzinot to uz apstr\u0101d\u0101jam\u0101s virsmas ar pulverizatora vai augstspiediena iek\u0101rtas pal\u012bdz\u012bbu.- \u0160\u0137\u012bduma koncentr\u0101cija ir atkar\u012bga no pies\u0101r\u0146ojuma pak\u0101pes &#8211; no 1:10 l\u012bdz 1:100.- Iz\u0161\u0137\u012bdin\u0101tos net\u012brumus noskalot ar \u016bdens str\u016bklu.- Str\u0101d\u0101jot ar prepar\u0101tu lietot aizsargbrilles un gumijas cimdus. Gumijas cimdu viet\u0101 ieteicams izmantot \u201ebiolo\u0123iskos aizsargcimdus\u201d Florin HSC.- Uzman\u012bbu! Nelietot uz kr\u0101saino met\u0101lu virsm\u0101m!<\/p>\n<p><b>Tehniskais raksturojums<\/b><\/p>\n<p><b>Fizisk\u0101 forma<\/b>: \u0161\u0137idrums<\/p>\n<p><b>pH l\u012bmenis<\/b>: 14<\/p>\n<p><b>Sast\u0101vs<\/b>: s\u0101rmi, virsmakt\u012bv\u0101s vielas, papildvielas <\/p>\n","protected":false},"excerpt":{"rendered":"<p>STIPRI S\u0100RMAINS L\u012aDZEKLIS K\u016aPIN\u0100\u0160ANAS KR\u0100\u0160\u0145U T\u012aR\u012a\u0160ANAI \u012apa\u0161\u012bbas&#8211; L\u012bdzeklim nepiem\u012bt as\u0101 un specifisk\u0101 smaka.- Visjaun\u0101k\u0101s paaudzes akt\u012bv\u0101s vielas \u013cauj sasniegt lielisku rezult\u0101tu bez gr\u016bt\u012bb\u0101m not\u012brot pat stipri piedegu\u0161os d\u016bmu sve\u0137us, kv\u0113pus un citus net\u012brumus.- Maksim\u0101li uzlabota vielas formula. Pielieto\u0161anas iesp\u0113jas&#8211; K\u016bpin\u0101\u0161anas kr\u0101snis un kameras ga\u013cas un zivju p\u0101rstr\u0101des cehos.- Maizes ceptuves.- D\u016bmu \u0123eneratori.- Tvaika nos\u016bc\u0113ji \u012bpa\u0161i&#8230;<\/p>\n","protected":false},"featured_media":4968,"comment_status":"open","ping_status":"closed","template":"","meta":[],"product_brand":[337],"product_cat":[353,374,356],"product_tag":[],"class_list":{"0":"post-4967","1":"product","2":"type-product","3":"status-publish","4":"has-post-thumbnail","6":"product_brand-flore-chemie","7":"product_cat-flore-chemie-produkti","8":"product_cat-specialie-mazgasanas-tirisanas-un-kopsanas-lidzekli-partikas-nozarei-virtuvem-maiznicam-kupinatavam-saldetavam-u-c","9":"product_cat-viesnicas-un-sabiedriskas-edinasanas-uznemumi","11":"first","12":"instock","13":"shipping-taxable","14":"purchasable","15":"product-type-variable","16":"has-default-attributes"},"_links":{"self":[{"href":"https:\/\/demo8.izveide.id.lv\/lv\/wp-json\/wp\/v2\/product\/4967","targetHints":{"allow":["GET"]}}],"collection":[{"href":"https:\/\/demo8.izveide.id.lv\/lv\/wp-json\/wp\/v2\/product"}],"about":[{"href":"https:\/\/demo8.izveide.id.lv\/lv\/wp-json\/wp\/v2\/types\/product"}],"replies":[{"embeddable":true,"href":"https:\/\/demo8.izveide.id.lv\/lv\/wp-json\/wp\/v2\/comments?post=4967"}],"wp:featuredmedia":[{"embeddable":true,"href":"https:\/\/demo8.izveide.id.lv\/lv\/wp-json\/wp\/v2\/media\/4968"}],"wp:attachment":[{"href":"https:\/\/demo8.izveide.id.lv\/lv\/wp-json\/wp\/v2\/media?parent=4967"}],"wp:term":[{"taxonomy":"product_brand","embeddable":true,"href":"https:\/\/demo8.izveide.id.lv\/lv\/wp-json\/wp\/v2\/product_brand?post=4967"},{"taxonomy":"product_cat","embeddable":true,"href":"https:\/\/demo8.izveide.id.lv\/lv\/wp-json\/wp\/v2\/product_cat?post=4967"},{"taxonomy":"product_tag","embeddable":true,"href":"https:\/\/demo8.izveide.id.lv\/lv\/wp-json\/wp\/v2\/product_tag?post=4967"}],"curies":[{"name":"wp","href":"https:\/\/api.w.org\/{rel}","templated":true}]}}