{"id":4950,"date":"2026-02-03T15:31:54","date_gmt":"2026-02-03T15:31:54","guid":{"rendered":"https:\/\/demo8.izveide.id.lv\/?post_type=product&#038;p=4950"},"modified":"2026-02-03T15:32:01","modified_gmt":"2026-02-03T15:32:01","slug":"flor-plus-super-visco-stabil-spray-flor-plus-super-visco-stabil-flussig-code-0033-0032","status":"publish","type":"product","link":"https:\/\/demo8.izveide.id.lv\/lv\/products\/flor-plus-super-visco-stabil-spray-flor-plus-super-visco-stabil-flussig-code-0033-0032\/","title":{"rendered":"Flor Plus Super Visco Stabil Spray \/ Flor Plus Super Visco Stabil fl\u00fcssig (kods 0033 \/ 0032)"},"content":{"rendered":"<p><img decoding=\"async\" alt=\"0033-PARENT\" class=\"alignnone size-full wp-image-2133\" src=\"\/wp-content\/uploads\/2026\/01\/0033-PARENT_desc.jpg\" width=\"100%\" srcset=\"https:\/\/demo8.izveide.id.lv\/wp-content\/uploads\/2026\/01\/0033-PARENT_desc.jpg 958w, https:\/\/demo8.izveide.id.lv\/wp-content\/uploads\/2026\/01\/0033-PARENT_desc-600x391.jpg 600w, https:\/\/demo8.izveide.id.lv\/wp-content\/uploads\/2026\/01\/0033-PARENT_desc-300x196.jpg 300w\" sizes=\"(max-width: 958px) 100vw, 958px\" \/><\/p>\n<p> <b>PILN\u012aGI SINT\u0112TISKA EFEKT\u012aVA SM\u0112RVIELA<\/b><\/p>\n<p><b>\u012apa\u0161\u012bbas<\/b>:*Piln\u012bgi sint\u0113tiska, bezkr\u0101sas sm\u0113rviela ar augstu viskozit\u0101ti.*Sm\u0113rvielai piem\u012bt lieliskas adhez\u012bv\u0101s \u012bpa\u0161\u012bbas, t\u0101 neatdal\u0101s no virsmas pat pie \u013coti augsta deta\u013cu rot\u0101cijas \u0101truma.*Mazina troksni un triecieniedarb\u012bbu.*Sm\u0113rviela atgr\u016b\u017e \u016bdeni, nepil un nesve\u0137o.*Efekt\u012bvi aizsarg\u0101 deta\u013cas, kur\u0101m j\u0101iztur \u016bdens, tvaiku, s\u0101\u013cu, sk\u0101bes un s\u0101rmu, k\u0101 ar\u012b cita veida agres\u012bvas vides iedarb\u012bba.*Iztur\u012bga pret tvaika spiedienu.*Temperat\u016bras iztur\u012bbas robe\u017ea no -40 \u00baC l\u012bdz +130 \u00baC.*Sm\u0113rviela ir \u013coti ekonomiska izmanto\u0161an\u0101.<\/p>\n<p><b>Pielieto\u0161anas iesp\u0113jas<\/b>:*Lentu transportieri, \u0137\u0113des, ap\u013cveida transportieri.*Komplic\u0113tie sp\u0113ka pievadi, sl\u0113d\u017ei.*Atkl\u0101tie kard\u0101nu savienojumi.*Sl\u0113d\u017ei, atsl\u0113gas, transmisijas, aizb\u012bd\u0146i.*Mak\u0161\u0137er\u0113\u0161anas spoles, \u012bpa\u0161i saskarsm\u0113 ar j\u016bras \u016bdeni.<b>Pielieto\u0161anas veidi un uzglab\u0101\u0161ana<\/b>:<span style=\"letter-spacing: normal;\">*Vispirms no\u0146emt veco sm\u0113rvielu paliekas.<\/span><br \/>*Uzsm\u0113r\u0113t jeb uzsmidzin\u0101t uz virsmas pl\u0101nu k\u0101rti\u0146u.*Nepie\u013caut liekas sm\u0113rvielas uzkr\u0101\u0161anos uz virsmas.<\/p>\n<p><b>Tehniskais raksturojums<\/b>:<br \/>*<\/p>\n<p><b>Fizisk\u0101 forma<\/b>: aerosols \/ \u0161\u0137idrums*<b>Bl\u012bvums (20 \u00baC)<\/b>: 1.25 g \/ ml*<b>Uzliesmo\u0161anas temperat\u016bra<\/b>: +170 \u00baC*<b>Viskozit\u0101te<\/b>: 1800 c St*<b>Produkta kods<\/b>: 032 \/ 033 <\/p>\n","protected":false},"excerpt":{"rendered":"<p>PILN\u012aGI SINT\u0112TISKA EFEKT\u012aVA SM\u0112RVIELA \u012apa\u0161\u012bbas:*Piln\u012bgi sint\u0113tiska, bezkr\u0101sas sm\u0113rviela ar augstu viskozit\u0101ti.*Sm\u0113rvielai piem\u012bt lieliskas adhez\u012bv\u0101s \u012bpa\u0161\u012bbas, t\u0101 neatdal\u0101s no virsmas pat pie \u013coti augsta deta\u013cu rot\u0101cijas \u0101truma.*Mazina troksni un triecieniedarb\u012bbu.*Sm\u0113rviela atgr\u016b\u017e \u016bdeni, nepil un nesve\u0137o.*Efekt\u012bvi aizsarg\u0101 deta\u013cas, kur\u0101m j\u0101iztur \u016bdens, tvaiku, s\u0101\u013cu, sk\u0101bes un s\u0101rmu, k\u0101 ar\u012b cita veida agres\u012bvas vides iedarb\u012bba.*Iztur\u012bga pret tvaika spiedienu.*Temperat\u016bras iztur\u012bbas&#8230;<\/p>\n","protected":false},"featured_media":4951,"comment_status":"open","ping_status":"closed","template":"","meta":[],"product_brand":[337],"product_cat":[392,353,398],"product_tag":[],"class_list":{"0":"post-4950","1":"product","2":"type-product","3":"status-publish","4":"has-post-thumbnail","6":"product_brand-flore-chemie","7":"product_cat-efektivie-tirisanas-un-smeresanas-produkti","8":"product_cat-flore-chemie-produkti","9":"product_cat-smervielas-un-montazas-pastas","11":"first","12":"instock","13":"shipping-taxable","14":"purchasable","15":"product-type-variable","16":"has-default-attributes"},"_links":{"self":[{"href":"https:\/\/demo8.izveide.id.lv\/lv\/wp-json\/wp\/v2\/product\/4950","targetHints":{"allow":["GET"]}}],"collection":[{"href":"https:\/\/demo8.izveide.id.lv\/lv\/wp-json\/wp\/v2\/product"}],"about":[{"href":"https:\/\/demo8.izveide.id.lv\/lv\/wp-json\/wp\/v2\/types\/product"}],"replies":[{"embeddable":true,"href":"https:\/\/demo8.izveide.id.lv\/lv\/wp-json\/wp\/v2\/comments?post=4950"}],"wp:featuredmedia":[{"embeddable":true,"href":"https:\/\/demo8.izveide.id.lv\/lv\/wp-json\/wp\/v2\/media\/4951"}],"wp:attachment":[{"href":"https:\/\/demo8.izveide.id.lv\/lv\/wp-json\/wp\/v2\/media?parent=4950"}],"wp:term":[{"taxonomy":"product_brand","embeddable":true,"href":"https:\/\/demo8.izveide.id.lv\/lv\/wp-json\/wp\/v2\/product_brand?post=4950"},{"taxonomy":"product_cat","embeddable":true,"href":"https:\/\/demo8.izveide.id.lv\/lv\/wp-json\/wp\/v2\/product_cat?post=4950"},{"taxonomy":"product_tag","embeddable":true,"href":"https:\/\/demo8.izveide.id.lv\/lv\/wp-json\/wp\/v2\/product_tag?post=4950"}],"curies":[{"name":"wp","href":"https:\/\/api.w.org\/{rel}","templated":true}]}}