{"id":4929,"date":"2026-02-03T15:31:50","date_gmt":"2026-02-03T15:31:50","guid":{"rendered":"https:\/\/demo8.izveide.id.lv\/?post_type=product&#038;p=4929"},"modified":"2026-02-03T15:32:01","modified_gmt":"2026-02-03T15:32:01","slug":"florin-ec-spray-florin-ec-flussig-code-0467-0410","status":"publish","type":"product","link":"https:\/\/demo8.izveide.id.lv\/lv\/products\/florin-ec-spray-florin-ec-flussig-code-0467-0410\/","title":{"rendered":"Florin EC Spray \/ Florin EC fl\u00fcssig (kods 0467 \/ 0410)"},"content":{"rendered":"<p><img decoding=\"async\" alt=\"0467-PARENT\" class=\"alignnone size-full wp-image-2147\" src=\"\/wp-content\/uploads\/2026\/01\/0467-PARENT_desc.jpg\" width=\"100%\" srcset=\"https:\/\/demo8.izveide.id.lv\/wp-content\/uploads\/2026\/01\/0467-PARENT_desc.jpg 1000w, https:\/\/demo8.izveide.id.lv\/wp-content\/uploads\/2026\/01\/0467-PARENT_desc-600x450.jpg 600w, https:\/\/demo8.izveide.id.lv\/wp-content\/uploads\/2026\/01\/0467-PARENT_desc-300x225.jpg 300w\" sizes=\"(max-width: 1000px) 100vw, 1000px\" \/><\/p>\n<p><p><\/p>\n<p> <b>ELEKTRONISKO IEK\u0100RTU T\u012aR\u012a\u0160ANAS L\u012aDZEKLIS<\/b><\/p>\n<p><b>\u012apa\u0161\u012bbas<\/b>&#8211; Speci\u0101lais l\u012bdzeklis taukvielu t\u012br\u012b\u0161anai no elektroniskaj\u0101m un elektrosist\u0113mu da\u013c\u0101m.- Nesatur halog\u0113nos \u016bde\u0146ra\u017eus.- Nesatur aromatiz\u0113t\u0101jus.- Efekt\u012bvi not\u012bra taukvielas u.c. pies\u0101r\u0146ojumu.- L\u012bdzeklim piem\u012bt viegla smar\u017ea, kas \u0101tri izgaist.- Neiedarbojas destrukt\u012bvi uz sint\u0113tiskajiem materi\u0101liem.<\/p>\n<p><b>Pielieto\u0161anas iesp\u0113jas<\/b>&#8211; Datoru un video sist\u0113mas.- Kontroles un m\u0113rapar\u0101ti.- Releji, signaliz\u0101cijas sist\u0113mas.- Au\u0161anas un ad\u012b\u0161anas stelles un ma\u0161\u012bnas.<b>Pielieto\u0161anas veidi un uzglab\u0101\u0161ana<\/b>&#8211; Liel\u0101ka apjoma priek\u0161metiem un da\u013c\u0101m, l\u012bdzekli pielietot neat\u0161\u0137aid\u012btu izsmidzinot to uz virsmas.- Maziem mezgliem, l\u012bdzekli izsmidzin\u0101t uz dr\u0101nas jeb salvetes un t\u012br\u012bt virsmu ar t\u0101s pal\u012bdz\u012bbu.- Liela izm\u0113ra releju t\u012br\u012b\u0161anai, izsmidzin\u0101t l\u012bdzekli ar sp\u0113c\u012bgu str\u016bklu, p\u0113c tam no\u017e\u0101v\u0113t ar gaisa str\u016bklu.<\/p>\n<p><b>Tehniskais raksturojums<\/b><\/p>\n<p><b>Fizisk\u0101 forma<\/b>: aerosols \/ \u0161\u0137idrums<b>Bl\u012bvums (20 \u00baC)<\/b>: 0.69 g \/ ml<b>V\u0101r\u012b\u0161an\u0101s diapazons<\/b>: +105 \u00baC<\/p>\n<p><b>Sast\u0101vs<\/b>: izoparaf\u012bnu un og\u013c\u016bde\u0146ra\u017eu mais\u012bjums <\/p>\n","protected":false},"excerpt":{"rendered":"<p>ELEKTRONISKO IEK\u0100RTU T\u012aR\u012a\u0160ANAS L\u012aDZEKLIS \u012apa\u0161\u012bbas&#8211; Speci\u0101lais l\u012bdzeklis taukvielu t\u012br\u012b\u0161anai no elektroniskaj\u0101m un elektrosist\u0113mu da\u013c\u0101m.- Nesatur halog\u0113nos \u016bde\u0146ra\u017eus.- Nesatur aromatiz\u0113t\u0101jus.- Efekt\u012bvi not\u012bra taukvielas u.c. pies\u0101r\u0146ojumu.- L\u012bdzeklim piem\u012bt viegla smar\u017ea, kas \u0101tri izgaist.- Neiedarbojas destrukt\u012bvi uz sint\u0113tiskajiem materi\u0101liem. Pielieto\u0161anas iesp\u0113jas&#8211; Datoru un video sist\u0113mas.- Kontroles un m\u0113rapar\u0101ti.- Releji, signaliz\u0101cijas sist\u0113mas.- Au\u0161anas un ad\u012b\u0161anas stelles un ma\u0161\u012bnas.Pielieto\u0161anas veidi&#8230;<\/p>\n","protected":false},"featured_media":4930,"comment_status":"open","ping_status":"closed","template":"","meta":[],"product_brand":[337],"product_cat":[353,377,389],"product_tag":[],"class_list":{"0":"post-4929","1":"product","2":"type-product","3":"status-publish","4":"has-post-thumbnail","6":"product_brand-flore-chemie","7":"product_cat-flore-chemie-produkti","8":"product_cat-industrija-masinbuve-elektroiekartas","9":"product_cat-specialie-iekartu-aizsardzibas-un-kopsanas-lidzekli-rusas-skidinataji-izolatori-elektroiekartu-tirisanai-un-elektronikai-u-c","11":"first","12":"instock","13":"shipping-taxable","14":"purchasable","15":"product-type-variable","16":"has-default-attributes"},"_links":{"self":[{"href":"https:\/\/demo8.izveide.id.lv\/lv\/wp-json\/wp\/v2\/product\/4929","targetHints":{"allow":["GET"]}}],"collection":[{"href":"https:\/\/demo8.izveide.id.lv\/lv\/wp-json\/wp\/v2\/product"}],"about":[{"href":"https:\/\/demo8.izveide.id.lv\/lv\/wp-json\/wp\/v2\/types\/product"}],"replies":[{"embeddable":true,"href":"https:\/\/demo8.izveide.id.lv\/lv\/wp-json\/wp\/v2\/comments?post=4929"}],"wp:featuredmedia":[{"embeddable":true,"href":"https:\/\/demo8.izveide.id.lv\/lv\/wp-json\/wp\/v2\/media\/4930"}],"wp:attachment":[{"href":"https:\/\/demo8.izveide.id.lv\/lv\/wp-json\/wp\/v2\/media?parent=4929"}],"wp:term":[{"taxonomy":"product_brand","embeddable":true,"href":"https:\/\/demo8.izveide.id.lv\/lv\/wp-json\/wp\/v2\/product_brand?post=4929"},{"taxonomy":"product_cat","embeddable":true,"href":"https:\/\/demo8.izveide.id.lv\/lv\/wp-json\/wp\/v2\/product_cat?post=4929"},{"taxonomy":"product_tag","embeddable":true,"href":"https:\/\/demo8.izveide.id.lv\/lv\/wp-json\/wp\/v2\/product_tag?post=4929"}],"curies":[{"name":"wp","href":"https:\/\/api.w.org\/{rel}","templated":true}]}}