{"id":4915,"date":"2026-02-03T15:31:44","date_gmt":"2026-02-03T15:31:44","guid":{"rendered":"https:\/\/demo8.izveide.id.lv\/?post_type=product&#038;p=4915"},"modified":"2026-02-03T15:31:47","modified_gmt":"2026-02-03T15:31:47","slug":"florin-df-spray-florin-df-flussig-code-0013-0012","status":"publish","type":"product","link":"https:\/\/demo8.izveide.id.lv\/lv\/products\/florin-df-spray-florin-df-flussig-code-0013-0012\/","title":{"rendered":"Florin DF Spray \/ Florin DF fl\u00fcssig (kods 0013 \/ 0012)"},"content":{"rendered":"<p><img decoding=\"async\" alt=\"0013-PARENT\" class=\"alignnone size-full wp-image-2155\" src=\"\/wp-content\/uploads\/2026\/01\/0013-PARENT_desc.jpg\" width=\"100%\" srcset=\"https:\/\/demo8.izveide.id.lv\/wp-content\/uploads\/2026\/01\/0013-PARENT_desc.jpg 1280w, https:\/\/demo8.izveide.id.lv\/wp-content\/uploads\/2026\/01\/0013-PARENT_desc-600x375.jpg 600w, https:\/\/demo8.izveide.id.lv\/wp-content\/uploads\/2026\/01\/0013-PARENT_desc-300x188.jpg 300w, https:\/\/demo8.izveide.id.lv\/wp-content\/uploads\/2026\/01\/0013-PARENT_desc-1024x640.jpg 1024w\" sizes=\"(max-width: 1280px) 100vw, 1280px\" \/><\/p>\n<p><p><\/p>\n<p> <b>L\u012aDZEKLIS ELEKTRISKO UN MEH\u0100NISKO IEK\u0100RTU AIZSARDZ\u012aBAI NO MITRUMA UN R\u016aSAS<\/b><\/p>\n<p><b>\u012apa\u0161\u012bbas<\/b>&#8211; L\u012bdzeklis veido uz elektroaparat\u016bras virsmas molekul\u0101ru aizsargsl\u0101ni, kas atgr\u016b\u017e mitrumu un \u016bdeni, vienlaic\u012bgi netrauc\u0113jot elektrovad\u012btsp\u0113ju.- L\u012bdzeklis pasarg\u0101 no \u016bdens, korozijas, t\u012bra un iee\u013c\u013co.- Nov\u0113r\u0161 meh\u0101nisko da\u013cu ieklemm\u0113\u0161anos un apledojumu.- Nok\u013c\u016bstot zem \u016bdens jeb samirkstot, elektroaparat\u016bra p\u0113c apstr\u0101des ar l\u012bdzekli no jauna k\u013c\u016bst darba sp\u0113j\u012bga.- Sa\u012bsina darba ieguld\u012bjumus elektroaparat\u016bras remontam, palielina t\u0101s jaudu un darb\u012bbas ilgumu.- Nekait\u012bgs met\u0101liem, plastmas\u0101m, emaljai, gumijai un keramikai.<\/p>\n<p><b>Pielieto\u0161anas iesp\u0113jas<\/b>&#8211; Elektrodzin\u0113ju tinumi, \u0123eneratori, transformatori, p\u0101rtrauc\u0113ji, regul\u0113\u0161anas un aizdedzes iek\u0101rtas, releji, taisngrie\u017ei, savienojuma spailes, signaliz\u0101cijas iek\u0101rtas, dro\u0161in\u0101t\u0101ji, sl\u0113d\u017ei, sadales k\u0101rbas.- Jaunu elektroiek\u0101rtu profilakse.<b>Pielieto\u0161anas veidi un uzglab\u0101\u0161ana<\/b>&#8211; L\u012bdzekli pielietot <span style=\"letter-spacing: normal;\">uz aizsarg\u0101jam\u0101s virsmas <\/span>uzsmidzinot, uzkl\u0101jot ar otu, jeb iegremd\u0113jot to l\u012bdzekl\u012b, pirms tam iek\u0101rtu att\u012brot no net\u012brumiem ar l\u012bdzek\u013ca Florin 2000, (kods 020) \u0161\u0137\u012bdumu un no\u017e\u0101v\u0113jot ar gaisa str\u016bklu. &#8211; Uz vis\u0101m elektrodeta\u013c\u0101m, izol\u0101cijas un bl\u012bv\u0113m bag\u0101t\u012bgi uzkl\u0101t Florin DF un \u013caut tam iz\u017e\u016bt. Vajadz\u012bbas gad\u012bjum\u0101 atk\u0101rtot procesu. Notec\u0113ju\u0161o l\u012bdzekli iesp\u0113jams sav\u0101kt un izmantot atk\u0101rtoti.- Uzman\u012bbu! B\u012bstams ieelpojot! Sarg\u0101t no b\u0113rniem! Nelietot atkl\u0101tas uguns tuvum\u0101, nesm\u0113\u0137\u0113t. Izmantot labi v\u0113din\u0101m\u0101s telp\u0101s.<\/p>\n<p><b>Tehniskais raksturojums<\/b><\/p>\n<p><b>Fizisk\u0101 forma<\/b>: \u0161\u0137idrums \/ aerosols<b>Bl\u012bvums (20 \u00baC)<\/b>: 0.8 g \/ ml<b>V\u0101r\u012b\u0161an\u0101s diapazons<\/b>: 108 &#8211; 185 \u00baC<b>Uzliesmo\u0161anas temperat\u016bra<\/b>: +26 \u00baC<\/p>\n<p><b>Sast\u0101vs<\/b>: gaisto\u0161ie og\u013c\u016bde\u0146ra\u017ei, antikorozijas savienojumi, alkohols <\/p>\n","protected":false},"excerpt":{"rendered":"<p>L\u012aDZEKLIS ELEKTRISKO UN MEH\u0100NISKO IEK\u0100RTU AIZSARDZ\u012aBAI NO MITRUMA UN R\u016aSAS \u012apa\u0161\u012bbas&#8211; L\u012bdzeklis veido uz elektroaparat\u016bras virsmas molekul\u0101ru aizsargsl\u0101ni, kas atgr\u016b\u017e mitrumu un \u016bdeni, vienlaic\u012bgi netrauc\u0113jot elektrovad\u012btsp\u0113ju.- L\u012bdzeklis pasarg\u0101 no \u016bdens, korozijas, t\u012bra un iee\u013c\u013co.- Nov\u0113r\u0161 meh\u0101nisko da\u013cu ieklemm\u0113\u0161anos un apledojumu.- Nok\u013c\u016bstot zem \u016bdens jeb samirkstot, elektroaparat\u016bra p\u0113c apstr\u0101des ar l\u012bdzekli no jauna k\u013c\u016bst darba sp\u0113j\u012bga.-&#8230;<\/p>\n","protected":false},"featured_media":4916,"comment_status":"open","ping_status":"closed","template":"","meta":[],"product_brand":[337],"product_cat":[353,377,389],"product_tag":[],"class_list":{"0":"post-4915","1":"product","2":"type-product","3":"status-publish","4":"has-post-thumbnail","6":"product_brand-flore-chemie","7":"product_cat-flore-chemie-produkti","8":"product_cat-industrija-masinbuve-elektroiekartas","9":"product_cat-specialie-iekartu-aizsardzibas-un-kopsanas-lidzekli-rusas-skidinataji-izolatori-elektroiekartu-tirisanai-un-elektronikai-u-c","11":"first","12":"instock","13":"shipping-taxable","14":"purchasable","15":"product-type-variable","16":"has-default-attributes"},"_links":{"self":[{"href":"https:\/\/demo8.izveide.id.lv\/lv\/wp-json\/wp\/v2\/product\/4915","targetHints":{"allow":["GET"]}}],"collection":[{"href":"https:\/\/demo8.izveide.id.lv\/lv\/wp-json\/wp\/v2\/product"}],"about":[{"href":"https:\/\/demo8.izveide.id.lv\/lv\/wp-json\/wp\/v2\/types\/product"}],"replies":[{"embeddable":true,"href":"https:\/\/demo8.izveide.id.lv\/lv\/wp-json\/wp\/v2\/comments?post=4915"}],"wp:featuredmedia":[{"embeddable":true,"href":"https:\/\/demo8.izveide.id.lv\/lv\/wp-json\/wp\/v2\/media\/4916"}],"wp:attachment":[{"href":"https:\/\/demo8.izveide.id.lv\/lv\/wp-json\/wp\/v2\/media?parent=4915"}],"wp:term":[{"taxonomy":"product_brand","embeddable":true,"href":"https:\/\/demo8.izveide.id.lv\/lv\/wp-json\/wp\/v2\/product_brand?post=4915"},{"taxonomy":"product_cat","embeddable":true,"href":"https:\/\/demo8.izveide.id.lv\/lv\/wp-json\/wp\/v2\/product_cat?post=4915"},{"taxonomy":"product_tag","embeddable":true,"href":"https:\/\/demo8.izveide.id.lv\/lv\/wp-json\/wp\/v2\/product_tag?post=4915"}],"curies":[{"name":"wp","href":"https:\/\/api.w.org\/{rel}","templated":true}]}}