{"id":4855,"date":"2026-02-03T14:05:25","date_gmt":"2026-02-03T14:05:25","guid":{"rendered":"https:\/\/demo8.izveide.id.lv\/?post_type=product&#038;p=4855"},"modified":"2026-02-06T08:10:15","modified_gmt":"2026-02-06T08:10:15","slug":"clnw-75","status":"publish","type":"product","link":"https:\/\/demo8.izveide.id.lv\/lv\/products\/clnw-75\/","title":{"rendered":"CLNW 75"},"content":{"rendered":"<p><img decoding=\"async\" class=\"alignnone size-full wp-image-2108\" src=\"\/wp-content\/uploads\/2026\/01\/CLNW-75-PARENT_desc.jpg\" alt=\"CLNW 75-PARENT\" width=\"100%\" srcset=\"https:\/\/demo8.izveide.id.lv\/wp-content\/uploads\/2026\/01\/CLNW-75-PARENT_desc.jpg 1000w, https:\/\/demo8.izveide.id.lv\/wp-content\/uploads\/2026\/01\/CLNW-75-PARENT_desc-600x296.jpg 600w, https:\/\/demo8.izveide.id.lv\/wp-content\/uploads\/2026\/01\/CLNW-75-PARENT_desc-300x148.jpg 300w\" sizes=\"(max-width: 1000px) 100vw, 1000px\" \/><\/p>\n<p>&nbsp;<\/p>\n<p><b>COOKPIT SPRAY<\/b><\/p>\n<p style=\"text-align: justify;\"><b>&#8220;CLNW 75&#8221;<\/b><\/p>\n<p style=\"text-align: justify;\">pflegt alle Kunststoffteile im Fahrzeug, schafft eine seidig gl\u00e4nzende Oberfl\u00e4che und hinterl\u00e4sst einen angenehmen Duft.<b><br \/>\n<\/b><\/p>\n<p style=\"text-align: justify;\"><b>Eigenschaften:<\/b><\/p>\n<p style=\"text-align: justify;\">&#8211; spezielle Wirkstoffe machen den Kunststoff langlebiger<\/p>\n<p style=\"text-align: justify;\">&#8211; sch\u00fctzt vor Verschmutzung, statischer Aufladung und Feuchtigkeit<\/p>\n<p style=\"text-align: justify;\">&#8211; frischt die Farben auf<\/p>\n<p style=\"text-align: justify;\">&#8211; gibt den behandelten Teilen ein neuwertiges Aussehen und bietet Schutz vor UV-Strahlen<\/p>\n<p style=\"text-align: justify;\">&#8211; verbreitet einen angenehmen Duft im Fahrzeuginneren<\/p>\n<p style=\"text-align: justify;\">&#8211; weist Staub ab.<\/p>\n<p style=\"text-align: justify;\"><b>Anwendung:<\/b><\/p>\n<p style=\"text-align: justify;\">Die zu behandelnden Teile sparsam einspr\u00fchen und sofort mit einem weichen Tuch und ohne Druck verreiben; ergibt einen dauerhaften, pflegeleichten und staubabweisenden Mattglanz.<\/p>\n<p style=\"text-align: justify;\">Achtung! Lenkrad, Pedale, Sitze und Lehnen nicht behandeln!<\/p>\n<p style=\"text-align: justify;\"><b>Technische Daten:<\/b><\/p>\n<p style=\"text-align: justify;\">Geruch: fruchtig frisch<\/p>\n<p style=\"text-align: justify;\">Glanz: seidenmatt<\/p>\n<p style=\"text-align: justify;\">Lagertemperatur: +5 \u00b0C bis max. +25 \u00b0C<\/p>\n","protected":false},"excerpt":{"rendered":"<p>&nbsp; COOKPIT SPRAY &#8220;CLNW 75&#8221; pflegt alle Kunststoffteile im Fahrzeug, schafft eine seidig gl\u00e4nzende Oberfl\u00e4che und hinterl\u00e4sst einen angenehmen Duft. Eigenschaften: &#8211; spezielle Wirkstoffe machen den Kunststoff langlebiger &#8211; sch\u00fctzt vor Verschmutzung, statischer Aufladung und Feuchtigkeit &#8211; frischt die Farben auf &#8211; gibt den behandelten Teilen ein neuwertiges Aussehen und bietet Schutz vor UV-Strahlen &#8211;&#8230;<\/p>\n","protected":false},"featured_media":6852,"comment_status":"open","ping_status":"closed","template":"","meta":[],"product_brand":[337],"product_cat":[414,459,468],"product_tag":[],"class_list":{"0":"post-4855","1":"product","2":"type-product","3":"status-publish","4":"has-post-thumbnail","6":"product_brand-flore-chemie","7":"product_cat-chemie-spezial-produkti","8":"product_cat-tehniskie-aerosoli","9":"product_cat-tirisana","11":"first","12":"instock","13":"shipping-taxable","14":"purchasable","15":"product-type-variable","16":"has-default-attributes"},"_links":{"self":[{"href":"https:\/\/demo8.izveide.id.lv\/lv\/wp-json\/wp\/v2\/product\/4855","targetHints":{"allow":["GET"]}}],"collection":[{"href":"https:\/\/demo8.izveide.id.lv\/lv\/wp-json\/wp\/v2\/product"}],"about":[{"href":"https:\/\/demo8.izveide.id.lv\/lv\/wp-json\/wp\/v2\/types\/product"}],"replies":[{"embeddable":true,"href":"https:\/\/demo8.izveide.id.lv\/lv\/wp-json\/wp\/v2\/comments?post=4855"}],"wp:featuredmedia":[{"embeddable":true,"href":"https:\/\/demo8.izveide.id.lv\/lv\/wp-json\/wp\/v2\/media\/6852"}],"wp:attachment":[{"href":"https:\/\/demo8.izveide.id.lv\/lv\/wp-json\/wp\/v2\/media?parent=4855"}],"wp:term":[{"taxonomy":"product_brand","embeddable":true,"href":"https:\/\/demo8.izveide.id.lv\/lv\/wp-json\/wp\/v2\/product_brand?post=4855"},{"taxonomy":"product_cat","embeddable":true,"href":"https:\/\/demo8.izveide.id.lv\/lv\/wp-json\/wp\/v2\/product_cat?post=4855"},{"taxonomy":"product_tag","embeddable":true,"href":"https:\/\/demo8.izveide.id.lv\/lv\/wp-json\/wp\/v2\/product_tag?post=4855"}],"curies":[{"name":"wp","href":"https:\/\/api.w.org\/{rel}","templated":true}]}}