{"id":4805,"date":"2026-02-03T14:05:16","date_gmt":"2026-02-03T14:05:16","guid":{"rendered":"https:\/\/demo8.izveide.id.lv\/?post_type=product&#038;p=4805"},"modified":"2026-02-06T06:52:28","modified_gmt":"2026-02-06T06:52:28","slug":"alk102-lk","status":"publish","type":"product","link":"https:\/\/demo8.izveide.id.lv\/lv\/products\/alk102-lk\/","title":{"rendered":"ALK102 LK"},"content":{"rendered":"<p><img decoding=\"async\" class=\"alignnone size-full wp-image-2117\" src=\"\/wp-content\/uploads\/2026\/01\/ALK102-LK-PARENT_desc.jpg\" alt=\"ALK102 LK-PARENT\" width=\"100%\" srcset=\"https:\/\/demo8.izveide.id.lv\/wp-content\/uploads\/2026\/01\/ALK102-LK-PARENT_desc.jpg 1980w, https:\/\/demo8.izveide.id.lv\/wp-content\/uploads\/2026\/01\/ALK102-LK-PARENT_desc-600x400.jpg 600w, https:\/\/demo8.izveide.id.lv\/wp-content\/uploads\/2026\/01\/ALK102-LK-PARENT_desc-300x200.jpg 300w, https:\/\/demo8.izveide.id.lv\/wp-content\/uploads\/2026\/01\/ALK102-LK-PARENT_desc-1024x683.jpg 1024w\" sizes=\"(max-width: 1980px) 100vw, 1980px\" \/><\/p>\n<p>&nbsp;<\/p>\n<p style=\"text-align: justify;\"><b>SCH\u00c4UMENDER GRUNDREINIGER MIT CHLOR. MIT HYGIENISCHER BLEICHWIRKUNG F\u00dcR EIWEI\u00df UND FETTVERSCHMUTZUNGEN<\/b><\/p>\n<p><b>Produkt beschreibung:<br \/>\n<\/b><\/p>\n<p style=\"text-align: justify;\">&#8220;ALK102 LK&#8221; ist ein starker Grundreiniger f\u00fcr die Entfernung von Fett- und Eiwei\u00dfaufbauten, wie sie in Schlachth\u00f6fen, Metzgereien, Gro\u00dfk\u00fcchen und milchverarbeitenden Betrieben anfallen. Das Produkt ist sch\u00e4umend eingestellt und kann mit einer Schaumlanze verarbeitet werden. Es enth\u00e4lt Eiwei\u00df- und Fettbleichmittel, wodurch diese Ablagerungen leicht gespalten werden.<\/p>\n<p style=\"text-align: justify;\"><span style=\"letter-spacing: normal;\">&#8220;ALK102 LK&#8221;<\/span> kann nach den Richtlinien der HACCP eingesetzt werden.<\/p>\n<p><b>Verarbeitung:<\/b><\/p>\n<p style=\"text-align: justify;\"><span style=\"letter-spacing: normal;\">&#8220;ALK102 LK&#8221;<\/span> kann manuell oder in Reinigungsautomaten eingesetzt werden.<\/p>\n<p style=\"text-align: justify;\">Der Reiniger wird f\u00fcr die manuelle Reinigung, je nach Grad der Verschmutzung, 1:20 &#8211; 1:75 mit Wasser verd\u00fcnnt auf die Ablagerungen aufgebracht.<\/p>\n<p style=\"text-align: justify;\">Die Verschmutzungen mit Wasser aufnehmen.<\/p>\n<p style=\"text-align: justify;\">Bei der maschinellen Reinigung in Automaten 1:50 &#8211; 1:100 mit Wasser verd\u00fcnnen.<\/p>\n<p><b>Hinweise:<\/b><\/p>\n<p style=\"text-align: justify;\"><span style=\"letter-spacing: normal;\">&#8220;ALK102 LK&#8221;<\/span> wirkt stark alkalisch, daher Probeauftrag durchf\u00fchren. Nicht geeignet f\u00fcr Linoleumbel\u00e4ge. Bei der Verarbeitung geeignete Schutzkleidung (Handschuhe, Gummistiefel, Schutzbrille) tragen.<\/p>\n<p style=\"text-align: justify;\">Frei von L\u00f6sungsmitteln, Konservierungsstoffen und Aldehyden.<\/p>\n<p style=\"text-align: justify;\"><span style=\"letter-spacing: normal;\">&#8220;ALK102 LK&#8221; <\/span>nie mit anderen Reinigungsprodukten vermischen &#8211; Vergiftungsgefahr.<\/p>\n<p><b>pH:<\/b> 13 (Konz.)<\/p>\n","protected":false},"excerpt":{"rendered":"<p>&nbsp; SCH\u00c4UMENDER GRUNDREINIGER MIT CHLOR. MIT HYGIENISCHER BLEICHWIRKUNG F\u00dcR EIWEI\u00df UND FETTVERSCHMUTZUNGEN Produkt beschreibung: &#8220;ALK102 LK&#8221; ist ein starker Grundreiniger f\u00fcr die Entfernung von Fett- und Eiwei\u00dfaufbauten, wie sie in Schlachth\u00f6fen, Metzgereien, Gro\u00dfk\u00fcchen und milchverarbeitenden Betrieben anfallen. Das Produkt ist sch\u00e4umend eingestellt und kann mit einer Schaumlanze verarbeitet werden. Es enth\u00e4lt Eiwei\u00df- und Fettbleichmittel, wodurch&#8230;<\/p>\n","protected":false},"featured_media":6819,"comment_status":"open","ping_status":"closed","template":"","meta":[],"product_brand":[337],"product_cat":[414,444,447],"product_tag":[],"class_list":{"0":"post-4805","1":"product","2":"type-product","3":"status-publish","4":"has-post-thumbnail","6":"product_brand-flore-chemie","7":"product_cat-chemie-spezial-produkti","8":"product_cat-gastronomija-un-partikas-preces","9":"product_cat-tirisanas-un-attaukosanas-lidzekli-profesionalajam-virtuvem","11":"first","12":"instock","13":"shipping-taxable","14":"purchasable","15":"product-type-variable","16":"has-default-attributes"},"_links":{"self":[{"href":"https:\/\/demo8.izveide.id.lv\/lv\/wp-json\/wp\/v2\/product\/4805","targetHints":{"allow":["GET"]}}],"collection":[{"href":"https:\/\/demo8.izveide.id.lv\/lv\/wp-json\/wp\/v2\/product"}],"about":[{"href":"https:\/\/demo8.izveide.id.lv\/lv\/wp-json\/wp\/v2\/types\/product"}],"replies":[{"embeddable":true,"href":"https:\/\/demo8.izveide.id.lv\/lv\/wp-json\/wp\/v2\/comments?post=4805"}],"wp:featuredmedia":[{"embeddable":true,"href":"https:\/\/demo8.izveide.id.lv\/lv\/wp-json\/wp\/v2\/media\/6819"}],"wp:attachment":[{"href":"https:\/\/demo8.izveide.id.lv\/lv\/wp-json\/wp\/v2\/media?parent=4805"}],"wp:term":[{"taxonomy":"product_brand","embeddable":true,"href":"https:\/\/demo8.izveide.id.lv\/lv\/wp-json\/wp\/v2\/product_brand?post=4805"},{"taxonomy":"product_cat","embeddable":true,"href":"https:\/\/demo8.izveide.id.lv\/lv\/wp-json\/wp\/v2\/product_cat?post=4805"},{"taxonomy":"product_tag","embeddable":true,"href":"https:\/\/demo8.izveide.id.lv\/lv\/wp-json\/wp\/v2\/product_tag?post=4805"}],"curies":[{"name":"wp","href":"https:\/\/api.w.org\/{rel}","templated":true}]}}