{"id":4799,"date":"2026-02-03T14:05:15","date_gmt":"2026-02-03T14:05:15","guid":{"rendered":"https:\/\/demo8.izveide.id.lv\/?post_type=product&#038;p=4799"},"modified":"2026-02-06T06:43:39","modified_gmt":"2026-02-06T06:43:39","slug":"acd1110-lk","status":"publish","type":"product","link":"https:\/\/demo8.izveide.id.lv\/lv\/products\/acd1110-lk\/","title":{"rendered":"ACD1110 LK"},"content":{"rendered":"<p><img decoding=\"async\" class=\"alignnone size-full wp-image-2118\" src=\"\/wp-content\/uploads\/2026\/01\/ACD1110-LK-PARENT_desc.jpg\" alt=\"ACD1110 LK-PARENT\" width=\"100%\" srcset=\"https:\/\/demo8.izveide.id.lv\/wp-content\/uploads\/2026\/01\/ACD1110-LK-PARENT_desc.jpg 1000w, https:\/\/demo8.izveide.id.lv\/wp-content\/uploads\/2026\/01\/ACD1110-LK-PARENT_desc-600x360.jpg 600w, https:\/\/demo8.izveide.id.lv\/wp-content\/uploads\/2026\/01\/ACD1110-LK-PARENT_desc-300x180.jpg 300w\" sizes=\"(max-width: 1000px) 100vw, 1000px\" \/><\/p>\n<p>&nbsp;<\/p>\n<p><b>FELGENREINIGER KONZENTRAT<\/b><\/p>\n<p><b>Anwendungsgebiete:<br \/>\n<\/b><\/p>\n<p style=\"text-align: justify;\">&#8220;ACD1110 LK&#8221; ist ein saurer Totalreiniger f\u00fcr Nutz- und Kraftfahrzeuge, Felgen, Planen, PVC u. a. Der Reiniger enth\u00e4lt neben verschiedenen L\u00f6sungsmitteln und Emulgatoren einen zus\u00e4tzlichen S\u00e4ureanteil, welcher besonders effektiv gegen Verschmutzungen aus dem Verkehr ist.<\/p>\n<p style=\"text-align: justify;\"><span style=\"letter-spacing: normal;\">&#8220;ACD1110 LK&#8221;<\/span> greift weder Alufelgen noch Stahlfelgen an und reinigt diese r\u00fcckstandslos.<\/p>\n<p style=\"text-align: justify;\"><b>Verarbeitung:<\/b><\/p>\n<p style=\"text-align: justify;\"><span style=\"letter-spacing: normal;\">&#8220;ACD1110 LK&#8221;<\/span> sollte als L\u00f6sung in Wasser 1:1 bis 1:5 verd\u00fcnnt werden. Mit einem Spr\u00fchger\u00e4t auf die zu reinigenden Fl\u00e4chen, Felgen oder Planen aufbringen. Kurz einwirken lassen (nicht antrocknen lassen) und mit klarem Wasser gr\u00fcndlich nachsp\u00fclen.<\/p>\n<p style=\"text-align: justify;\">Im Zweifelsfalle an verdeckter Stelle Probeauftrag vornehmen, um das Material auf S\u00e4urefestigkeit zu pr\u00fcfen.<\/p>\n<p style=\"text-align: justify;\"><b>Hinweise:<\/b><\/p>\n<p style=\"text-align: justify;\"><span style=\"letter-spacing: normal;\">&#8220;ACD1110 LK&#8221;<\/span> S\u00e4uren enth\u00e4lt, sind die f\u00fcr den Umgang mit s\u00e4urehaltigen Produkten erlassenen Bestimmungen zu beachten. Gef\u00e4\u00dfe verschlossen halten. Wie von allen sauren Produkten k\u00f6nnen besonders Emaille,Gewebe, Metalle, unglasierte Steine, Bleiwei\u00df- und Zinkfarben angegriffen werden. Nicht auf hei\u00dfen Fl\u00e4chen verwenden.<\/p>\n<p style=\"text-align: justify;\"><b>pH<span style=\"letter-spacing: normal;\"> <\/span><\/b><span style=\"letter-spacing: normal;\">(Konz.)<\/span>: 1,0<\/p>\n","protected":false},"excerpt":{"rendered":"<p>&nbsp; FELGENREINIGER KONZENTRAT Anwendungsgebiete: &#8220;ACD1110 LK&#8221; ist ein saurer Totalreiniger f\u00fcr Nutz- und Kraftfahrzeuge, Felgen, Planen, PVC u. a. Der Reiniger enth\u00e4lt neben verschiedenen L\u00f6sungsmitteln und Emulgatoren einen zus\u00e4tzlichen S\u00e4ureanteil, welcher besonders effektiv gegen Verschmutzungen aus dem Verkehr ist. &#8220;ACD1110 LK&#8221; greift weder Alufelgen noch Stahlfelgen an und reinigt diese r\u00fcckstandslos. Verarbeitung: &#8220;ACD1110 LK&#8221; sollte&#8230;<\/p>\n","protected":false},"featured_media":6809,"comment_status":"open","ping_status":"closed","template":"","meta":[],"product_brand":[337],"product_cat":[414,441,432],"product_tag":[],"class_list":{"0":"post-4799","1":"product","2":"type-product","3":"status-publish","4":"has-post-thumbnail","6":"product_brand-flore-chemie","7":"product_cat-chemie-spezial-produkti","8":"product_cat-specialie-produkti-un-disku-tiritaji","9":"product_cat-vieglo-motociklu-un-kravas-auto-tiritaji","11":"first","12":"instock","13":"shipping-taxable","14":"purchasable","15":"product-type-variable","16":"has-default-attributes"},"_links":{"self":[{"href":"https:\/\/demo8.izveide.id.lv\/lv\/wp-json\/wp\/v2\/product\/4799","targetHints":{"allow":["GET"]}}],"collection":[{"href":"https:\/\/demo8.izveide.id.lv\/lv\/wp-json\/wp\/v2\/product"}],"about":[{"href":"https:\/\/demo8.izveide.id.lv\/lv\/wp-json\/wp\/v2\/types\/product"}],"replies":[{"embeddable":true,"href":"https:\/\/demo8.izveide.id.lv\/lv\/wp-json\/wp\/v2\/comments?post=4799"}],"wp:featuredmedia":[{"embeddable":true,"href":"https:\/\/demo8.izveide.id.lv\/lv\/wp-json\/wp\/v2\/media\/6809"}],"wp:attachment":[{"href":"https:\/\/demo8.izveide.id.lv\/lv\/wp-json\/wp\/v2\/media?parent=4799"}],"wp:term":[{"taxonomy":"product_brand","embeddable":true,"href":"https:\/\/demo8.izveide.id.lv\/lv\/wp-json\/wp\/v2\/product_brand?post=4799"},{"taxonomy":"product_cat","embeddable":true,"href":"https:\/\/demo8.izveide.id.lv\/lv\/wp-json\/wp\/v2\/product_cat?post=4799"},{"taxonomy":"product_tag","embeddable":true,"href":"https:\/\/demo8.izveide.id.lv\/lv\/wp-json\/wp\/v2\/product_tag?post=4799"}],"curies":[{"name":"wp","href":"https:\/\/api.w.org\/{rel}","templated":true}]}}