{"id":4793,"date":"2026-02-03T14:05:12","date_gmt":"2026-02-03T14:05:12","guid":{"rendered":"https:\/\/demo8.izveide.id.lv\/?post_type=product&#038;p=4793"},"modified":"2026-02-06T06:41:35","modified_gmt":"2026-02-06T06:41:35","slug":"neu1411-lk","status":"publish","type":"product","link":"https:\/\/demo8.izveide.id.lv\/lv\/products\/neu1411-lk\/","title":{"rendered":"NEU1411 LK"},"content":{"rendered":"<p><img decoding=\"async\" class=\"alignnone size-full wp-image-2119\" src=\"\/wp-content\/uploads\/2026\/01\/NEU1411-LK-PARENT_desc.jpg\" alt=\"NEU1411 LK-PARENT\" width=\"100%\" srcset=\"https:\/\/demo8.izveide.id.lv\/wp-content\/uploads\/2026\/01\/NEU1411-LK-PARENT_desc.jpg 1280w, https:\/\/demo8.izveide.id.lv\/wp-content\/uploads\/2026\/01\/NEU1411-LK-PARENT_desc-600x338.jpg 600w, https:\/\/demo8.izveide.id.lv\/wp-content\/uploads\/2026\/01\/NEU1411-LK-PARENT_desc-300x169.jpg 300w, https:\/\/demo8.izveide.id.lv\/wp-content\/uploads\/2026\/01\/NEU1411-LK-PARENT_desc-1024x576.jpg 1024w\" sizes=\"(max-width: 1280px) 100vw, 1280px\" \/><\/p>\n<p>&nbsp;<\/p>\n<p><b>UNIVERSELLE TEXTILIMPR<\/b><span style=\"font-family: Arial, Helvetica, sans-serif; font-weight: bold; letter-spacing: normal; background-color: rgba(255, 255, 255, 0.8);\">\u00c4<\/span><b>GNIERUNG F<\/b><span style=\"font-family: Arial, Helvetica, sans-serif; font-weight: bold; letter-spacing: normal; background-color: rgba(255, 255, 255, 0.8);\">\u00dc<\/span><b>R NAHEZU ALLE STOFF- UND PLANENTYPEN. WASSER- UND \u00d6LABWEISEND.<\/b><\/p>\n<p><b>Produkt beschreibung:<br \/>\n<\/b><\/p>\n<p style=\"text-align: justify;\">&#8220;NEU1411 LK&#8221; ist eine neuartige Textilimpr\u00e4gnierung. Der Effekt ist gleich wie bei Oberfl\u00e4chenimpr\u00e4gnierungen auf Nanopartikelbasis, jedoch ist das Produkt frei von diesen, wodurch eine Gesundheitsgef\u00e4hrdung durch Kleinstteilchen ausgeschlossen ist.<b><br \/>\n<\/b><\/p>\n<p style=\"text-align: justify;\"><b>Anwendung:<\/b><\/p>\n<p style=\"text-align: justify;\"><span style=\"letter-spacing: normal;\">&#8220;NEU1411 LK&#8221;<\/span> eignet sich besonders zur Impr\u00e4gnierung von z. B. Teppichen, Duschvorh\u00e4ngen, Polstern, Autositzen etc. im Innenbereich und Markisen, Zelten, Sonnen- und Regenschirmen, Cabrioverdecken, Stuhlauflagen, Regenbekleidung, Schuhen, Rucks\u00e4cken und anderen im Au\u00dfenbereich verwendeten Textilien.<\/p>\n<p style=\"text-align: justify;\"><span style=\"letter-spacing: normal;\">&#8220;NEU1411 LK&#8221;<\/span> auf die trockenen, ges\u00e4uberten Textilien gleichm\u00e4\u00dfig aufspr\u00fchen, aufwischen oder tauchen und trocknen lassen. Bei stark saugenden Textilien sollte der Vorgang wiederholt werden. Trocknungsw\u00e4rme bei 20 &#8211; 40 \u00b0C optimiert die abweisenden Eigenschaften.<\/p>\n<p style=\"text-align: justify;\">F\u00fcr eine optimale Impr\u00e4gnierwirkung sollte eine Trockenzeit von 48 Stunden eingehalten werden.<b><br \/>\n<\/b><\/p>\n<p style=\"text-align: justify;\"><b>Dosierung:<\/b><\/p>\n<p style=\"text-align: justify;\"><span style=\"letter-spacing: normal;\">&#8220;NEU1411 LK&#8221;<\/span> kann f\u00fcr leichte Impr\u00e4gnierungsaufgaben bis 1:2 mit Wasser verd\u00fcnnt werden.<b><br \/>\n<\/b><\/p>\n<p style=\"text-align: justify;\"><b>Hinweise:<\/b><\/p>\n<p style=\"text-align: justify;\"><span style=\"letter-spacing: normal;\">&#8220;NEU1411 LK&#8221;<\/span> ist kein Gefahrstoff oder Gefahrgut und sicher in der Verarbeitung. Bei Aerosolbildung sollte eine Staubschutzmaske getragen werden.<\/p>\n<p style=\"text-align: justify;\">Nicht unter 15 \u00b0C anwenden.<b><br \/>\n<\/b><\/p>\n<p style=\"text-align: justify;\"><b>pH (Konz.):<\/b> 7<\/p>\n","protected":false},"excerpt":{"rendered":"<p>&nbsp; UNIVERSELLE TEXTILIMPR\u00c4GNIERUNG F\u00dcR NAHEZU ALLE STOFF- UND PLANENTYPEN. WASSER- UND \u00d6LABWEISEND. Produkt beschreibung: &#8220;NEU1411 LK&#8221; ist eine neuartige Textilimpr\u00e4gnierung. Der Effekt ist gleich wie bei Oberfl\u00e4chenimpr\u00e4gnierungen auf Nanopartikelbasis, jedoch ist das Produkt frei von diesen, wodurch eine Gesundheitsgef\u00e4hrdung durch Kleinstteilchen ausgeschlossen ist. Anwendung: &#8220;NEU1411 LK&#8221; eignet sich besonders zur Impr\u00e4gnierung von z. B. Teppichen,&#8230;<\/p>\n","protected":false},"featured_media":6807,"comment_status":"open","ping_status":"closed","template":"","meta":[],"product_brand":[337],"product_cat":[414,441,432],"product_tag":[],"class_list":{"0":"post-4793","1":"product","2":"type-product","3":"status-publish","4":"has-post-thumbnail","6":"product_brand-flore-chemie","7":"product_cat-chemie-spezial-produkti","8":"product_cat-specialie-produkti-un-disku-tiritaji","9":"product_cat-vieglo-motociklu-un-kravas-auto-tiritaji","11":"first","12":"instock","13":"shipping-taxable","14":"purchasable","15":"product-type-variable","16":"has-default-attributes"},"_links":{"self":[{"href":"https:\/\/demo8.izveide.id.lv\/lv\/wp-json\/wp\/v2\/product\/4793","targetHints":{"allow":["GET"]}}],"collection":[{"href":"https:\/\/demo8.izveide.id.lv\/lv\/wp-json\/wp\/v2\/product"}],"about":[{"href":"https:\/\/demo8.izveide.id.lv\/lv\/wp-json\/wp\/v2\/types\/product"}],"replies":[{"embeddable":true,"href":"https:\/\/demo8.izveide.id.lv\/lv\/wp-json\/wp\/v2\/comments?post=4793"}],"wp:featuredmedia":[{"embeddable":true,"href":"https:\/\/demo8.izveide.id.lv\/lv\/wp-json\/wp\/v2\/media\/6807"}],"wp:attachment":[{"href":"https:\/\/demo8.izveide.id.lv\/lv\/wp-json\/wp\/v2\/media?parent=4793"}],"wp:term":[{"taxonomy":"product_brand","embeddable":true,"href":"https:\/\/demo8.izveide.id.lv\/lv\/wp-json\/wp\/v2\/product_brand?post=4793"},{"taxonomy":"product_cat","embeddable":true,"href":"https:\/\/demo8.izveide.id.lv\/lv\/wp-json\/wp\/v2\/product_cat?post=4793"},{"taxonomy":"product_tag","embeddable":true,"href":"https:\/\/demo8.izveide.id.lv\/lv\/wp-json\/wp\/v2\/product_tag?post=4793"}],"curies":[{"name":"wp","href":"https:\/\/api.w.org\/{rel}","templated":true}]}}