{"id":4777,"date":"2026-02-03T15:31:09","date_gmt":"2026-02-03T15:31:09","guid":{"rendered":"https:\/\/demo8.izveide.id.lv\/?post_type=product&#038;p=4777"},"modified":"2026-02-03T15:31:14","modified_gmt":"2026-02-03T15:31:14","slug":"col1247-cn","status":"publish","type":"product","link":"https:\/\/demo8.izveide.id.lv\/lv\/products\/col1247-cn\/","title":{"rendered":"COL1247 CN"},"content":{"rendered":"<p><img decoding=\"async\" alt=\"COL1247 CN-PARENT\" class=\"alignnone size-full wp-image-2121\" src=\"\/wp-content\/uploads\/2026\/01\/COL1247-CN-PARENT_desc.png\" width=\"100%\" srcset=\"https:\/\/demo8.izveide.id.lv\/wp-content\/uploads\/2026\/01\/COL1247-CN-PARENT_desc.png 1920w, https:\/\/demo8.izveide.id.lv\/wp-content\/uploads\/2026\/01\/COL1247-CN-PARENT_desc-600x207.png 600w, https:\/\/demo8.izveide.id.lv\/wp-content\/uploads\/2026\/01\/COL1247-CN-PARENT_desc-300x103.png 300w, https:\/\/demo8.izveide.id.lv\/wp-content\/uploads\/2026\/01\/COL1247-CN-PARENT_desc-1024x353.png 1024w\" sizes=\"(max-width: 1920px) 100vw, 1920px\" \/><\/p>\n<p><p><\/p>\n<p><b>MINERAL<\/b><span style=\"font-family: Arial, Helvetica, sans-serif; font-weight: 700; letter-spacing: normal; text-align: justify; background-color: rgba(255, 255, 255, 0.8);\">\u00d6<\/span><b>LFREIES K<\/b><strong style=\"font-family: Arial, Helvetica, sans-serif; letter-spacing: normal; background-color: rgba(255, 255, 255, 0.8);\">\u00dc<\/strong><b>HLSCHMIERMITTEL<\/b><\/p>\n<p><b style=\"font-family: Arial; font-size: 13.3333px; letter-spacing: normal;\">Produkt beschreibung:<\/b><\/p>\n<p><span style=\"font-family: Arial; font-size: 10pt;\">&#8220;COL1247 CN&#8221; ist ein geruchsarmes, hellfarbiges mineral\u00f6l- und biozidfreies<\/span><span style=\"font-family: Arial; font-size: 10pt;\"> Konzentrat, das speziell f\u00fcr Schleifvorg\u00e4nge entwickelt wurde. <\/span><\/p>\n<p><span style=\"font-family: Arial; font-size: 10pt;\">Das Produkt enth\u00e4lt keine leichtnitrosierbaren sekund\u00e4ren Amine.<\/span><\/p>\n<p><b style=\"font-family: Arial; font-size: 13.3333px; letter-spacing: normal;\">Anwendungstechnik:<\/b><\/p>\n<p style=\"text-align: justify; \"><span style=\"font-family: Arial; font-size: 13.3333px; letter-spacing: normal;\">&#8220;COL1247 CN&#8221;<\/span><span style=\"font-family: Arial; font-size: 10pt;\"> wird in w\u00e4sseriger L\u00f6sung angewandt. Die L\u00f6sung ist transparent, von hoher Best\u00e4ndigkeit, \u00fcberragendem Korrosionsschutz und langer Gebrauchsdauer.<\/span><\/p>\n<p style=\"text-align: justify; \"><span style=\"letter-spacing: normal; font-family: Arial; font-size: 13.3333px;\">&#8220;COL1247 CN&#8221;<\/span><span style=\"letter-spacing: normal; font-size: 10pt; font-family: Arial;\"> &#8211; L\u00f6sungen besitzen neben hervorragender K\u00fchlwirkung eine gute Schmierf\u00e4higkeit. Bei Schleifvorg\u00e4ngen aller Art halten <\/span><span style=\"font-family: Arial; font-size: 13.3333px; letter-spacing: normal;\">&#8220;COL1247 CN&#8221;<\/span><span style=\"letter-spacing: normal; font-size: 10pt; font-family: Arial;\"> &#8211; L\u00f6sungen die Schleifscheiben offen, f\u00f6rdern schnelles Absetzen des Schleifstaubes in den Beh\u00e4ltern und arbeiten schaumfrei.<\/span><\/p>\n<p style=\"text-align: justify; \"><span style=\"letter-spacing: normal; font-family: Arial; font-size: 13.3333px;\">&#8220;COL1247 CN&#8221;<\/span><span style=\"letter-spacing: normal; font-size: 10pt; font-family: Arial;\"> findet Anwendung bei der Bearbeitung von Gu\u00df, St\u00e4hlen und Buntmetallen.<\/span><\/p>\n<p style=\"text-align: justify; \"><span style=\"font-family: Arial; font-size: 10pt;\">Aufkonzentrationen der Gebrauchsl\u00f6sungen durch Verdunstungsverluste, sollten <\/span><span style=\"font-family: Arial; font-size: 10pt;\">mittels Wasserzugabe beseitigt werden.<\/span><\/p>\n<p style=\"text-align: justify; \"><b -webkit-left;\"=\"\" font-size:=\"\" letter-spacing:=\"\" medium;=\"\" new=\"\" normal;=\"\" roman\";=\"\" style=\"font-family: \" text-align:=\"\" times=\"\"><span style=\"font-size: 10pt; font-family: Arial;\">Technische Daten:<\/span><\/b><\/p>\n<p style=\"text-align: justify; \"><b><span style=\"letter-spacing: normal; font-size: 10pt; font-family: Arial;\">Dichte ( 20 <\/b><span style=\"letter-spacing: normal; font-size: 10pt; font-family: Symbol;\">\u00b0<\/span><\/span><span style=\"letter-spacing: normal; font-size: 10pt; font-family: Arial;\"><b>C ): <\/b>1,13 g\/cm\u00b3<\/span><\/p>\n<p style=\"text-align: justify; \"><span style=\"font-family: Arial; font-size: 10pt;\"><b>pH &#8211; Wert ( 4 %ig ): <\/b>9,4<\/span><\/p>\n<p style=\"text-align: justify; \"><b>Korrosionsschutz nach <\/b><span style=\"font-family: Arial; font-size: 10pt;\"><b>DIN 51360 T2: <\/b>0 und 0 bis 4%<\/span><\/p>\n<p style=\"text-align: justify; \"><span style=\"font-family: Arial; font-size: 10pt;\"><b>Einsatzkonzentration: <\/b>3 &#8211; 5 % beim Schleifen <\/span><span style=\"font-family: Arial; font-size: 10pt;\">bis 6 % bei Gu\u00dfbearbeitung<\/span><\/p>\n<p style=\"text-align: justify; \"><span style=\"font-family: Arial; font-size: 10pt;\"><b>Refraktometerfaktor: <\/b>1,7<\/span><\/p>\n<p style=\"text-align: justify; \"><b style=\"font-size: 10pt;\">Anmerkung : <\/b><\/p>\n<p style=\"text-align: justify; \"><span style=\"font-family: Arial; font-size: 10pt;\">Dieses Merkblatt soll Sie nach bestem Wissen beraten, der Inhalt ist jedoch <\/span><span style=\"font-family: Arial; font-size: 10pt;\">ohne Rechtsverbindlichkeit!<\/span><\/p><\/p>\n","protected":false},"excerpt":{"rendered":"<p>MINERAL\u00d6LFREIES K\u00dcHLSCHMIERMITTEL Produkt beschreibung: &#8220;COL1247 CN&#8221; ist ein geruchsarmes, hellfarbiges mineral\u00f6l- und biozidfreies Konzentrat, das speziell f\u00fcr Schleifvorg\u00e4nge entwickelt wurde. Das Produkt enth\u00e4lt keine leichtnitrosierbaren sekund\u00e4ren Amine. Anwendungstechnik: &#8220;COL1247 CN&#8221; wird in w\u00e4sseriger L\u00f6sung angewandt. Die L\u00f6sung ist transparent, von hoher Best\u00e4ndigkeit, \u00fcberragendem Korrosionsschutz und langer Gebrauchsdauer. &#8220;COL1247 CN&#8221; &#8211; L\u00f6sungen besitzen neben hervorragender K\u00fchlwirkung&#8230;<\/p>\n","protected":false},"featured_media":4778,"comment_status":"open","ping_status":"closed","template":"","meta":[],"product_brand":[337],"product_cat":[414,423,417],"product_tag":[],"class_list":{"0":"post-4777","1":"product","2":"type-product","3":"status-publish","4":"has-post-thumbnail","6":"product_brand-flore-chemie","7":"product_cat-chemie-spezial-produkti","8":"product_cat-dzesesanas-smervielas","9":"product_cat-industrija","11":"first","12":"instock","13":"shipping-taxable","14":"purchasable","15":"product-type-variable","16":"has-default-attributes"},"_links":{"self":[{"href":"https:\/\/demo8.izveide.id.lv\/lv\/wp-json\/wp\/v2\/product\/4777","targetHints":{"allow":["GET"]}}],"collection":[{"href":"https:\/\/demo8.izveide.id.lv\/lv\/wp-json\/wp\/v2\/product"}],"about":[{"href":"https:\/\/demo8.izveide.id.lv\/lv\/wp-json\/wp\/v2\/types\/product"}],"replies":[{"embeddable":true,"href":"https:\/\/demo8.izveide.id.lv\/lv\/wp-json\/wp\/v2\/comments?post=4777"}],"wp:featuredmedia":[{"embeddable":true,"href":"https:\/\/demo8.izveide.id.lv\/lv\/wp-json\/wp\/v2\/media\/4778"}],"wp:attachment":[{"href":"https:\/\/demo8.izveide.id.lv\/lv\/wp-json\/wp\/v2\/media?parent=4777"}],"wp:term":[{"taxonomy":"product_brand","embeddable":true,"href":"https:\/\/demo8.izveide.id.lv\/lv\/wp-json\/wp\/v2\/product_brand?post=4777"},{"taxonomy":"product_cat","embeddable":true,"href":"https:\/\/demo8.izveide.id.lv\/lv\/wp-json\/wp\/v2\/product_cat?post=4777"},{"taxonomy":"product_tag","embeddable":true,"href":"https:\/\/demo8.izveide.id.lv\/lv\/wp-json\/wp\/v2\/product_tag?post=4777"}],"curies":[{"name":"wp","href":"https:\/\/api.w.org\/{rel}","templated":true}]}}