{"id":4761,"date":"2026-02-03T15:31:06","date_gmt":"2026-02-03T15:31:06","guid":{"rendered":"https:\/\/demo8.izveide.id.lv\/?post_type=product&#038;p=4761"},"modified":"2026-02-03T15:31:13","modified_gmt":"2026-02-03T15:31:13","slug":"slv1485-lk","status":"publish","type":"product","link":"https:\/\/demo8.izveide.id.lv\/lv\/products\/slv1485-lk\/","title":{"rendered":"SLV1485 LK"},"content":{"rendered":"<p><img decoding=\"async\" alt=\"SLV1485 LK-PARENT\" class=\"alignnone size-full wp-image-2125\" src=\"\/wp-content\/uploads\/2026\/01\/SLV1485-LK-PARENT_desc.jpg\" width=\"100%\" srcset=\"https:\/\/demo8.izveide.id.lv\/wp-content\/uploads\/2026\/01\/SLV1485-LK-PARENT_desc.jpg 2000w, https:\/\/demo8.izveide.id.lv\/wp-content\/uploads\/2026\/01\/SLV1485-LK-PARENT_desc-600x150.jpg 600w, https:\/\/demo8.izveide.id.lv\/wp-content\/uploads\/2026\/01\/SLV1485-LK-PARENT_desc-300x75.jpg 300w, https:\/\/demo8.izveide.id.lv\/wp-content\/uploads\/2026\/01\/SLV1485-LK-PARENT_desc-1024x257.jpg 1024w\" sizes=\"(max-width: 2000px) 100vw, 2000px\" \/><\/p>\n<p><p><\/p>\n<p><b>NICHT WASSERMISCHBARER KALTREINIGER<\/b><\/p>\n<p style=\"text-align: justify; \"><b>Produkt beschreibung:<\/b> <\/p>\n<p style=\"text-align: justify; \">&#8220;SLV1485 LK&#8221; ist ein nichtwassermischbarer Kaltreiniger der VbF &#8211; Klasse A III. <\/p>\n<p style=\"text-align: justify; \"><span style=\"letter-spacing: normal;\">&#8220;SLV1485 LK&#8221;<\/span> ist frei von Aromaten (&lt; 10 ppm) und Halogenkohlenwasserstoffen.<b><br \/><\/b><\/p>\n<p style=\"\"><b>Verarbeitung:<\/b><\/p>\n<p style=\"text-align: justify; \"><span style=\"letter-spacing: normal;\">&#8220;SLV1485 LK&#8221;<\/span> ist ein starkwirksamer Spezialreiniger mit schneller Verdunstung. Er entfernt aufgrund seiner Reinigungskraft schnell und vollst\u00e4ndig \u00d6le, Fette und diverse R\u00fcckst\u00e4nde. Aufgrund seines geringen spezifischen Gewichtes ist <span style=\"letter-spacing: normal;\">&#8220;SLV1485 LK&#8221;<\/span> sehr ergiebig. Durch seine schnelle, r\u00fcckstandsfreie Verdunstung ist er f\u00fcr Arbeitsg\u00e4nge geeignet, bei denen das Reinigungsgut nach kurzer Zeit weiterverarbeitet werden mu\u00df. <\/p>\n<p style=\"text-align: justify; \">Sein Einsatzgebiet ist die Reinigung von Maschinen, Motoren, Kugellagern, Ketten, Blechen, Filtern und Metallteilen aller Art. <\/p>\n<p style=\"text-align: justify; \"><span style=\"letter-spacing: normal;\">&#8220;SLV1485 LK&#8221;<\/span> kann in verschiedenen Reinigungsverfahren eingesetzt werden, wie z.B. B\u00fcrsten, Sp\u00fclen, Spr\u00fchen und Tauchen. <\/p>\n<p style=\"text-align: justify; \"><span style=\"letter-spacing: normal;\">&#8220;SLV1485 LK&#8221;<\/span> bildet mit Wasser keine stabile Emulsion und kann daher \u00fcber einen Leichtfl\u00fcssigkeitsabscheider entsorgt werden. <\/p>\n<p style=\"text-align: justify; \">Das Produkt ist gesundheitssch\u00e4dlich, kann beim Verschlucken Lungensch\u00e4den verursachen.<b><br \/><\/b><\/p><\/p>\n","protected":false},"excerpt":{"rendered":"<p>NICHT WASSERMISCHBARER KALTREINIGER Produkt beschreibung: &#8220;SLV1485 LK&#8221; ist ein nichtwassermischbarer Kaltreiniger der VbF &#8211; Klasse A III. &#8220;SLV1485 LK&#8221; ist frei von Aromaten (&lt; 10 ppm) und Halogenkohlenwasserstoffen. Verarbeitung: &#8220;SLV1485 LK&#8221; ist ein starkwirksamer Spezialreiniger mit schneller Verdunstung. Er entfernt aufgrund seiner Reinigungskraft schnell und vollst\u00e4ndig \u00d6le, Fette und diverse R\u00fcckst\u00e4nde. Aufgrund seines geringen spezifischen&#8230;<\/p>\n","protected":false},"featured_media":4762,"comment_status":"open","ping_status":"closed","template":"","meta":[],"product_brand":[337],"product_cat":[426,414,417],"product_tag":[],"class_list":{"0":"post-4761","1":"product","2":"type-product","3":"status-publish","4":"has-post-thumbnail","6":"product_brand-flore-chemie","7":"product_cat-aukstie-tiritaji-un-specialie-skidinataji","8":"product_cat-chemie-spezial-produkti","9":"product_cat-industrija","11":"first","12":"instock","13":"shipping-taxable","14":"purchasable","15":"product-type-variable","16":"has-default-attributes"},"_links":{"self":[{"href":"https:\/\/demo8.izveide.id.lv\/lv\/wp-json\/wp\/v2\/product\/4761","targetHints":{"allow":["GET"]}}],"collection":[{"href":"https:\/\/demo8.izveide.id.lv\/lv\/wp-json\/wp\/v2\/product"}],"about":[{"href":"https:\/\/demo8.izveide.id.lv\/lv\/wp-json\/wp\/v2\/types\/product"}],"replies":[{"embeddable":true,"href":"https:\/\/demo8.izveide.id.lv\/lv\/wp-json\/wp\/v2\/comments?post=4761"}],"wp:featuredmedia":[{"embeddable":true,"href":"https:\/\/demo8.izveide.id.lv\/lv\/wp-json\/wp\/v2\/media\/4762"}],"wp:attachment":[{"href":"https:\/\/demo8.izveide.id.lv\/lv\/wp-json\/wp\/v2\/media?parent=4761"}],"wp:term":[{"taxonomy":"product_brand","embeddable":true,"href":"https:\/\/demo8.izveide.id.lv\/lv\/wp-json\/wp\/v2\/product_brand?post=4761"},{"taxonomy":"product_cat","embeddable":true,"href":"https:\/\/demo8.izveide.id.lv\/lv\/wp-json\/wp\/v2\/product_cat?post=4761"},{"taxonomy":"product_tag","embeddable":true,"href":"https:\/\/demo8.izveide.id.lv\/lv\/wp-json\/wp\/v2\/product_tag?post=4761"}],"curies":[{"name":"wp","href":"https:\/\/api.w.org\/{rel}","templated":true}]}}