{"id":4742,"date":"2026-02-03T15:31:00","date_gmt":"2026-02-03T15:31:00","guid":{"rendered":"https:\/\/demo8.izveide.id.lv\/?post_type=product&#038;p=4742"},"modified":"2026-02-03T15:31:03","modified_gmt":"2026-02-03T15:31:03","slug":"florin-teflon-spray-code-0145","status":"publish","type":"product","link":"https:\/\/demo8.izveide.id.lv\/lv\/products\/florin-teflon-spray-code-0145\/","title":{"rendered":"Florin Teflon Spray (kods 0145)"},"content":{"rendered":"<p><img decoding=\"async\" alt=\"0145-PARENT\" class=\"alignnone size-full wp-image-400\" src=\"\/wp-content\/uploads\/2026\/01\/0145-PARENT_desc.jpg\" width=\"100%\" srcset=\"https:\/\/demo8.izveide.id.lv\/wp-content\/uploads\/2026\/01\/0145-PARENT_desc.jpg 958w, https:\/\/demo8.izveide.id.lv\/wp-content\/uploads\/2026\/01\/0145-PARENT_desc-600x384.jpg 600w, https:\/\/demo8.izveide.id.lv\/wp-content\/uploads\/2026\/01\/0145-PARENT_desc-300x192.jpg 300w\" sizes=\"(max-width: 958px) 100vw, 958px\" \/><\/p>\n<p><p><\/p>\n<p> <b>SPECI\u0100L\u0100 TEFLONA SM\u0112RVIELA AR ATDALO\u0160\u0100M \u012aPA\u0160\u012aB\u0100M<\/b><\/p>\n<p><b>Pielieto\u0161anas iesp\u0113jas<\/b>&#8211; Lod\u012b\u0161u gult\u0146i.- Sint\u0113tisko materi\u0101lu bukses.- \u0136\u0113\u017eu pievadi, smalk\u0101s troses, tauvas.- Da\u017e\u0101du materi\u0101lu kabe\u013ci.- Kompresoru \u0161arn\u012bri.- S\u012bkie meh\u0101nismi.- Pres\u0113jo\u0161\u0101s velm\u0113\u0161anas meh\u0101nismi.- Elektrotehnisk\u0101s r\u016bpniec\u012bbas mont\u0101\u017eas pane\u013ci u.c.<b>Pielieto\u0161anas veidi un uzglab\u0101\u0161ana<\/b>&#8211; L\u012bdzek\u013ca intens\u012bvas pielieto\u0161anas gad\u012bjumos r\u016bp\u0113ties par labu ventil\u0101ciju.- Izsmidzin\u0101\u0161anas laik\u0101 neieelpot radu\u0161os tvaikus un nesm\u0113\u0137\u0113t lietojot l\u012bdzekli..- P\u0113c l\u012bdzek\u013ca pielieto\u0161anas r\u016bp\u012bgi nomazg\u0101t rokas.- Pirms lieto\u0161anas labi sakrat\u012bt baloni\u0146u!- Uzman\u012bgi darb\u0101 ar lakot\u0101m virsm\u0101m!<\/p>\n<p><b>Tehniskais raksturojums<\/b>L\u012bdzeklis satur g\u0101zi &#8211; frig\u0113nu, kas ir ugunsdro\u0161a un neizraisa kairin\u0101jumu, k\u0101 ar\u012b nav toksiska. <\/p>\n","protected":false},"excerpt":{"rendered":"<p>SPECI\u0100L\u0100 TEFLONA SM\u0112RVIELA AR ATDALO\u0160\u0100M \u012aPA\u0160\u012aB\u0100M Pielieto\u0161anas iesp\u0113jas&#8211; Lod\u012b\u0161u gult\u0146i.- Sint\u0113tisko materi\u0101lu bukses.- \u0136\u0113\u017eu pievadi, smalk\u0101s troses, tauvas.- Da\u017e\u0101du materi\u0101lu kabe\u013ci.- Kompresoru \u0161arn\u012bri.- S\u012bkie meh\u0101nismi.- Pres\u0113jo\u0161\u0101s velm\u0113\u0161anas meh\u0101nismi.- Elektrotehnisk\u0101s r\u016bpniec\u012bbas mont\u0101\u017eas pane\u013ci u.c.Pielieto\u0161anas veidi un uzglab\u0101\u0161ana&#8211; L\u012bdzek\u013ca intens\u012bvas pielieto\u0161anas gad\u012bjumos r\u016bp\u0113ties par labu ventil\u0101ciju.- Izsmidzin\u0101\u0161anas laik\u0101 neieelpot radu\u0161os tvaikus un nesm\u0113\u0137\u0113t lietojot l\u012bdzekli..- P\u0113c l\u012bdzek\u013ca&#8230;<\/p>\n","protected":false},"featured_media":4743,"comment_status":"open","ping_status":"closed","template":"","meta":[],"product_brand":[337],"product_cat":[392,353,395],"product_tag":[],"class_list":{"0":"post-4742","1":"product","2":"type-product","3":"status-publish","4":"has-post-thumbnail","6":"product_brand-flore-chemie","7":"product_cat-efektivie-tirisanas-un-smeresanas-produkti","8":"product_cat-flore-chemie-produkti","9":"product_cat-smerellas-tirisanas-ellas-un-piedevas","11":"first","12":"instock","13":"shipping-taxable","14":"purchasable","15":"product-type-variable","16":"has-default-attributes"},"_links":{"self":[{"href":"https:\/\/demo8.izveide.id.lv\/lv\/wp-json\/wp\/v2\/product\/4742","targetHints":{"allow":["GET"]}}],"collection":[{"href":"https:\/\/demo8.izveide.id.lv\/lv\/wp-json\/wp\/v2\/product"}],"about":[{"href":"https:\/\/demo8.izveide.id.lv\/lv\/wp-json\/wp\/v2\/types\/product"}],"replies":[{"embeddable":true,"href":"https:\/\/demo8.izveide.id.lv\/lv\/wp-json\/wp\/v2\/comments?post=4742"}],"wp:featuredmedia":[{"embeddable":true,"href":"https:\/\/demo8.izveide.id.lv\/lv\/wp-json\/wp\/v2\/media\/4743"}],"wp:attachment":[{"href":"https:\/\/demo8.izveide.id.lv\/lv\/wp-json\/wp\/v2\/media?parent=4742"}],"wp:term":[{"taxonomy":"product_brand","embeddable":true,"href":"https:\/\/demo8.izveide.id.lv\/lv\/wp-json\/wp\/v2\/product_brand?post=4742"},{"taxonomy":"product_cat","embeddable":true,"href":"https:\/\/demo8.izveide.id.lv\/lv\/wp-json\/wp\/v2\/product_cat?post=4742"},{"taxonomy":"product_tag","embeddable":true,"href":"https:\/\/demo8.izveide.id.lv\/lv\/wp-json\/wp\/v2\/product_tag?post=4742"}],"curies":[{"name":"wp","href":"https:\/\/api.w.org\/{rel}","templated":true}]}}