{"id":4738,"date":"2026-02-03T15:30:59","date_gmt":"2026-02-03T15:30:59","guid":{"rendered":"https:\/\/demo8.izveide.id.lv\/?post_type=product&#038;p=4738"},"modified":"2026-02-03T15:31:03","modified_gmt":"2026-02-03T15:31:03","slug":"florin-slx-spray-code-0037","status":"publish","type":"product","link":"https:\/\/demo8.izveide.id.lv\/lv\/products\/florin-slx-spray-code-0037\/","title":{"rendered":"Florin SLX Spray (kods 0037)"},"content":{"rendered":"<p><img decoding=\"async\" alt=\"0037-PARENT\" class=\"alignnone size-full wp-image-341\" src=\"\/wp-content\/uploads\/2026\/01\/0037-PARENT_desc.jpg\" width=\"100%\" srcset=\"https:\/\/demo8.izveide.id.lv\/wp-content\/uploads\/2026\/01\/0037-PARENT_desc.jpg 958w, https:\/\/demo8.izveide.id.lv\/wp-content\/uploads\/2026\/01\/0037-PARENT_desc-600x400.jpg 600w, https:\/\/demo8.izveide.id.lv\/wp-content\/uploads\/2026\/01\/0037-PARENT_desc-300x200.jpg 300w\" sizes=\"(max-width: 958px) 100vw, 958px\" \/><\/p>\n<p><p><\/p>\n<p> <b>SAUS\u0100, ATDALO\u0160\u0100, SILIKONU NESATURO\u0160A SM\u0112RVIELA<\/b><\/p>\n<p><b>\u012apa\u0161\u012bbas<\/b>&#8211; Nerada sabiezin\u0101jumus, nesatur silikonu.- Nevada elektr\u012bbu, darbojas no &#8211; 40 \u00baC l\u012bdz +1800 \u00ba\u0421, \u0101tri \u017e\u016bsto\u0161a, saturo\u0161ie tauki nerada gar\u0161as izmai\u0146as t\u0101d\u0113\u013c tas ir viens no priek\u0161nosac\u012bjumiem izmanto\u0161anai p\u0101rtikas r\u016bpniec\u012bb\u0101.- Darbojas k\u0101 antistati\u0137is.- Kav\u0113 pies\u0101r\u0146ojuma veido\u0161anos, atvieglo t\u012br\u012b\u0161anu.- Pasarg\u0101 no aukstuma un karstuma ietekmes.- Lieliski der metin\u0101\u0161anas \u0161uvju aizsardz\u012bbai no \u0161\u013cakat\u0101m, pasarg\u0101 metin\u0101\u0161anas uzga\u013cus.<b>Pielieto\u0161ana<\/b>&#8211; Uzkl\u0101t darba virsmai pl\u0101n\u0101 k\u0101rt\u0101.- Not\u012br\u012bt Florin SLX iesp\u0113jams ar l\u012bdzekli Flamil 3 Super.<\/p>\n<p><b>Pielieto\u0161anas iesp\u0113jas<\/b>&#8211; Ma\u0161\u012bnb\u016bve, kokapstr\u0101de.- Met\u0101lapstr\u0101de, metalur\u0123ija.- P\u0101rtikas r\u016bpniec\u012bba u.c.<b>\u0422ehniskais raksturojums<\/b><\/p>\n<p><b>Fizisk\u0101 forma<\/b>: aerosols \/ \u0161\u0137idrums<b>Bl\u012bvums (20 \u00ba\u0421)<\/b>: 0.72 g \/ ml<\/p>\n<p><b>Sast\u0101vs<\/b>: dz\u012bvnieku tauki, nearomatiz\u0113tie og\u013c\u016bde\u0146ra\u017ei <\/p>\n","protected":false},"excerpt":{"rendered":"<p>SAUS\u0100, ATDALO\u0160\u0100, SILIKONU NESATURO\u0160A SM\u0112RVIELA \u012apa\u0161\u012bbas&#8211; Nerada sabiezin\u0101jumus, nesatur silikonu.- Nevada elektr\u012bbu, darbojas no &#8211; 40 \u00baC l\u012bdz +1800 \u00ba\u0421, \u0101tri \u017e\u016bsto\u0161a, saturo\u0161ie tauki nerada gar\u0161as izmai\u0146as t\u0101d\u0113\u013c tas ir viens no priek\u0161nosac\u012bjumiem izmanto\u0161anai p\u0101rtikas r\u016bpniec\u012bb\u0101.- Darbojas k\u0101 antistati\u0137is.- Kav\u0113 pies\u0101r\u0146ojuma veido\u0161anos, atvieglo t\u012br\u012b\u0161anu.- Pasarg\u0101 no aukstuma un karstuma ietekmes.- Lieliski der metin\u0101\u0161anas \u0161uvju aizsardz\u012bbai&#8230;<\/p>\n","protected":false},"featured_media":4739,"comment_status":"open","ping_status":"closed","template":"","meta":[],"product_brand":[337],"product_cat":[392,353,395],"product_tag":[],"class_list":{"0":"post-4738","1":"product","2":"type-product","3":"status-publish","4":"has-post-thumbnail","6":"product_brand-flore-chemie","7":"product_cat-efektivie-tirisanas-un-smeresanas-produkti","8":"product_cat-flore-chemie-produkti","9":"product_cat-smerellas-tirisanas-ellas-un-piedevas","11":"first","12":"instock","13":"shipping-taxable","14":"purchasable","15":"product-type-variable","16":"has-default-attributes"},"_links":{"self":[{"href":"https:\/\/demo8.izveide.id.lv\/lv\/wp-json\/wp\/v2\/product\/4738","targetHints":{"allow":["GET"]}}],"collection":[{"href":"https:\/\/demo8.izveide.id.lv\/lv\/wp-json\/wp\/v2\/product"}],"about":[{"href":"https:\/\/demo8.izveide.id.lv\/lv\/wp-json\/wp\/v2\/types\/product"}],"replies":[{"embeddable":true,"href":"https:\/\/demo8.izveide.id.lv\/lv\/wp-json\/wp\/v2\/comments?post=4738"}],"wp:featuredmedia":[{"embeddable":true,"href":"https:\/\/demo8.izveide.id.lv\/lv\/wp-json\/wp\/v2\/media\/4739"}],"wp:attachment":[{"href":"https:\/\/demo8.izveide.id.lv\/lv\/wp-json\/wp\/v2\/media?parent=4738"}],"wp:term":[{"taxonomy":"product_brand","embeddable":true,"href":"https:\/\/demo8.izveide.id.lv\/lv\/wp-json\/wp\/v2\/product_brand?post=4738"},{"taxonomy":"product_cat","embeddable":true,"href":"https:\/\/demo8.izveide.id.lv\/lv\/wp-json\/wp\/v2\/product_cat?post=4738"},{"taxonomy":"product_tag","embeddable":true,"href":"https:\/\/demo8.izveide.id.lv\/lv\/wp-json\/wp\/v2\/product_tag?post=4738"}],"curies":[{"name":"wp","href":"https:\/\/api.w.org\/{rel}","templated":true}]}}