{"id":4728,"date":"2026-02-03T15:30:57","date_gmt":"2026-02-03T15:30:57","guid":{"rendered":"https:\/\/demo8.izveide.id.lv\/?post_type=product&#038;p=4728"},"modified":"2026-02-03T15:31:03","modified_gmt":"2026-02-03T15:31:03","slug":"flamil-50-super-schiffsreiniger-code-0426","status":"publish","type":"product","link":"https:\/\/demo8.izveide.id.lv\/lv\/products\/flamil-50-super-schiffsreiniger-code-0426\/","title":{"rendered":"Flamil 50 Super Schiffsreiniger (kods 0426)"},"content":{"rendered":"<p><img decoding=\"async\" alt=\"0426-PARENT\" class=\"alignnone size-full wp-image-452\" src=\"\/wp-content\/uploads\/2026\/01\/0426-PARENT_desc.jpg\" width=\"100%\" srcset=\"https:\/\/demo8.izveide.id.lv\/wp-content\/uploads\/2026\/01\/0426-PARENT_desc.jpg 957w, https:\/\/demo8.izveide.id.lv\/wp-content\/uploads\/2026\/01\/0426-PARENT_desc-600x450.jpg 600w, https:\/\/demo8.izveide.id.lv\/wp-content\/uploads\/2026\/01\/0426-PARENT_desc-300x225.jpg 300w\" sizes=\"(max-width: 957px) 100vw, 957px\" \/><\/p>\n<p><b>LAIVU &#8211; KU\u0122U T\u012aR\u012a\u0160ANAS L\u012aDZEKLIS<\/b><\/p>\n<p><b>\u012apa\u0161\u012bbas<\/b>&#8211; L\u012bdzeklis sp\u0113j\u012bgs t\u012br\u012bt pat vissare\u017e\u0123\u012bt\u0101k\u0101s pak\u0101pes net\u012brumus.- Vienk\u0101r\u0161s, jaud\u012bgs, dro\u0161s un uzticams lieto\u0161an\u0101.- Nav kod\u012bgs un kairino\u0161s.<\/p>\n<p><b>Pielieto\u0161anas iesp\u0113jas<\/b>&#8211; Ku\u0123a kl\u0101ja, aug\u0161\u0113j\u0101 kl\u0101ja un korpusa visp\u0101r\u012bgai t\u012br\u012b\u0161anai.- Sodr\u0113ju, d\u016bmu sve\u0137u nos\u0113dumu t\u012br\u012b\u0161ana no kl\u0101jiem, met\u0101la, plastmasas un koka sien\u0101m, griestiem.- PVC materi\u0101la k\u0101p\u0146u un gr\u012bdu t\u012br\u012b\u0161ana.- Gumijas \u0161v\u012bku, p\u0113du (gumijas apavi) nospiedumu t\u012br\u012b\u0161ana no gr\u012bd\u0101m.- Durvju, koka sienu, kr\u0101sotu sienu t\u012br\u012b\u0161ana koridoros.- D\u016bmvadu t\u012br\u012b\u0161ana. Not\u012bra miner\u0101l\u0101s e\u013c\u013cas, taukus un kv\u0113pu paliekas.- Kamb\u012bzes t\u012br\u012b\u0161ana &#8211; visi met\u0101la virsmu segumi, fl\u012b\u017eu sienas un gr\u012bdas. Visas plastmasas virsmas. &#8211; Viegli not\u012bra dz\u012bvnieku tauku un olbaltumvielu atliekas no ner\u016bs\u0113jo\u0161\u0101 t\u0113rauda virsm\u0101m. \u012apa\u0161i efekt\u012bgs lieto\u0161anai virtuv\u0113s.<b>Pielieto\u0161ana<\/b>&#8211; Minim\u0101l\u0101 doz\u0101cija \u012bpa\u0161i ekstr\u0113mu net\u012brumu gad\u012bjum\u0101 &#8211; 1 : 10 izmantojot siltu vai aukstu \u016bdeni. Silts \u016bdens paaugstina l\u012bdzek\u013ca efektivit\u0101ti.- Gr\u012bdas un citas virsmas &#8211; 1 : 80 l\u012bdz 1 : 100.- Beidzot darbu t\u012br\u0101mo virsmu noskalot ar t\u012bru \u016bdeni.- Uzglab\u0101jot sarg\u0101t no sasal\u0161anas! <\/p>\n<p><b>Tehniskais raksturojums<\/b><\/p>\n<p><b>Fizisk\u0101 forma<\/b>: \u0161\u0137idrums <b>Bl\u012bvums (20 \u00b0C)<\/b>: 1.05 g \/ cm\u00b3 <\/p>\n<p><b>pH l\u012bmenis<\/b>: 11.4 <b>pH l\u012bmenis (10%)<\/b>: 9 &#8211; 10 <b>V\u0101r\u012b\u0161an\u0101s diapazons<\/b>: &gt; 100 \u00b0C<\/p>\n<p><b>Sast\u0101vs<\/b>: anjonu un nejonu virsmakt\u012bv\u0101s vielas, fosf\u0101ti, alkanolam\u012bns, kr\u0101svielas, konservanti<\/p>\n","protected":false},"excerpt":{"rendered":"<p>LAIVU &#8211; KU\u0122U T\u012aR\u012a\u0160ANAS L\u012aDZEKLIS \u012apa\u0161\u012bbas&#8211; L\u012bdzeklis sp\u0113j\u012bgs t\u012br\u012bt pat vissare\u017e\u0123\u012bt\u0101k\u0101s pak\u0101pes net\u012brumus.- Vienk\u0101r\u0161s, jaud\u012bgs, dro\u0161s un uzticams lieto\u0161an\u0101.- Nav kod\u012bgs un kairino\u0161s. Pielieto\u0161anas iesp\u0113jas&#8211; Ku\u0123a kl\u0101ja, aug\u0161\u0113j\u0101 kl\u0101ja un korpusa visp\u0101r\u012bgai t\u012br\u012b\u0161anai.- Sodr\u0113ju, d\u016bmu sve\u0137u nos\u0113dumu t\u012br\u012b\u0161ana no kl\u0101jiem, met\u0101la, plastmasas un koka sien\u0101m, griestiem.- PVC materi\u0101la k\u0101p\u0146u un gr\u012bdu t\u012br\u012b\u0161ana.- Gumijas \u0161v\u012bku, p\u0113du&#8230;<\/p>\n","protected":false},"featured_media":4729,"comment_status":"open","ping_status":"closed","template":"","meta":[],"product_brand":[337],"product_cat":[353,377,383],"product_tag":[],"class_list":{"0":"post-4728","1":"product","2":"type-product","3":"status-publish","4":"has-post-thumbnail","6":"product_brand-flore-chemie","7":"product_cat-flore-chemie-produkti","8":"product_cat-industrija-masinbuve-elektroiekartas","9":"product_cat-specialie-produkti-laivam-un-kugiem","11":"first","12":"instock","13":"shipping-taxable","14":"purchasable","15":"product-type-variable","16":"has-default-attributes"},"_links":{"self":[{"href":"https:\/\/demo8.izveide.id.lv\/lv\/wp-json\/wp\/v2\/product\/4728","targetHints":{"allow":["GET"]}}],"collection":[{"href":"https:\/\/demo8.izveide.id.lv\/lv\/wp-json\/wp\/v2\/product"}],"about":[{"href":"https:\/\/demo8.izveide.id.lv\/lv\/wp-json\/wp\/v2\/types\/product"}],"replies":[{"embeddable":true,"href":"https:\/\/demo8.izveide.id.lv\/lv\/wp-json\/wp\/v2\/comments?post=4728"}],"wp:featuredmedia":[{"embeddable":true,"href":"https:\/\/demo8.izveide.id.lv\/lv\/wp-json\/wp\/v2\/media\/4729"}],"wp:attachment":[{"href":"https:\/\/demo8.izveide.id.lv\/lv\/wp-json\/wp\/v2\/media?parent=4728"}],"wp:term":[{"taxonomy":"product_brand","embeddable":true,"href":"https:\/\/demo8.izveide.id.lv\/lv\/wp-json\/wp\/v2\/product_brand?post=4728"},{"taxonomy":"product_cat","embeddable":true,"href":"https:\/\/demo8.izveide.id.lv\/lv\/wp-json\/wp\/v2\/product_cat?post=4728"},{"taxonomy":"product_tag","embeddable":true,"href":"https:\/\/demo8.izveide.id.lv\/lv\/wp-json\/wp\/v2\/product_tag?post=4728"}],"curies":[{"name":"wp","href":"https:\/\/api.w.org\/{rel}","templated":true}]}}