{"id":4710,"date":"2026-02-03T15:30:54","date_gmt":"2026-02-03T15:30:54","guid":{"rendered":"https:\/\/demo8.izveide.id.lv\/?post_type=product&#038;p=4710"},"modified":"2026-02-03T15:31:02","modified_gmt":"2026-02-03T15:31:02","slug":"flamil-a-super-code-0165","status":"publish","type":"product","link":"https:\/\/demo8.izveide.id.lv\/lv\/products\/flamil-a-super-code-0165\/","title":{"rendered":"Flamil A Super (kods 0165)"},"content":{"rendered":"<p><img decoding=\"async\" alt=\"0165-PARENT\" class=\"alignnone size-full wp-image-408\" src=\"\/wp-content\/uploads\/2026\/01\/0165-PARENT_desc.jpg\" width=\"100%\" srcset=\"https:\/\/demo8.izveide.id.lv\/wp-content\/uploads\/2026\/01\/0165-PARENT_desc.jpg 958w, https:\/\/demo8.izveide.id.lv\/wp-content\/uploads\/2026\/01\/0165-PARENT_desc-600x400.jpg 600w, https:\/\/demo8.izveide.id.lv\/wp-content\/uploads\/2026\/01\/0165-PARENT_desc-300x200.jpg 300w\" sizes=\"(max-width: 958px) 100vw, 958px\" \/><\/p>\n<p><p><\/p>\n<p> <b>R\u016aPNIECISKAIS ATTAUKOT\u0100JS<\/b><\/p>\n<p><b>\u012apa\u0161\u012bbas<\/b>&#8211; Jauns, notek\u016bde\u0146iem nekait\u012bgs t\u012br\u012b\u0161anas koncentr\u0101ts. Attauko\u0161anas un t\u012br\u012b\u0161anas iedarb\u012bba daudzos gad\u012bjumos piel\u012bdzin\u0101ma aukst\u0101s t\u012br\u012b\u0161anas l\u012bdzek\u013ciem uz petrolejas vai lakbenz\u012bna b\u0101zes un pat p\u0101rsp\u0113j tos. <span style=\"letter-spacing: normal;\">Sadal\u0101s dab\u0101 vair\u0101k par 90%.<\/span>&#8211; Teicami no\u0146em taukus u.c. net\u012brumus.- Iek\u013c\u016bst ar\u012b dzi\u013c\u0101kos net\u012brumu sl\u0101\u0146os un ies\u016bcas pat \u201egarozas\u201d veidojumos.- Sp\u0113j no\u0146emt brem\u017eu putek\u013cu nogulsn\u0113jumus slie\u017eu transportl\u012bdzek\u013ciem.- Nesatur \u0161\u0137\u012bdin\u0101t\u0101jus uz miner\u0101le\u013c\u013cu b\u0101zes vai hlora og\u013c\u016bde\u0146ra\u017eus.- T\u012br\u012b\u0161anas proces\u0101 iz\u0161\u0137\u012bdin\u0101tie e\u013c\u013cu un tauku net\u012brumi \u0101tri izdal\u0101s uz aug\u0161u skalojam\u0101 \u016bden\u012b.- Stipri at\u0161\u0137aid\u012btie \u0161\u0137\u012bdumi ir neitr\u0101li, t\u0101p\u0113c nav nepiecie\u0161ams veikt papildneitraliz\u0101ciju.<\/p>\n<p><b>Pielieto\u0161anas iesp\u0113jas<\/b>&#8211; Speci\u0101li paredz\u0113ts darbn\u012bcu un ra\u017eo\u0161anas cehu gr\u012bdu t\u012br\u012b\u0161anai, da\u017e\u0101du cieto segumu gr\u012bdu t\u012br\u012b\u0161anai sabiedrisk\u0101s iest\u0101d\u0113s u.c.- \u012apa\u0161i sekm\u012bgi pielietojams kop\u0101 ar mitr\u0101s slauc\u012b\u0161anas ma\u0161\u012bn\u0101m ar \u016bdens recirkul\u0101ciju, k\u0101 rezult\u0101t\u0101 nerodas nev\u0113lamas putas.- Teicami pielietojams deta\u013cu t\u012br\u012b\u0161anas ier\u012bc\u0113s, kas darbojas p\u0113c smidzin\u0101\u0161anas metodes (e\u013c\u013cainiem nogulsn\u0113jumiem at\u0161\u0137aid\u012bt ar \u016bdeni l\u012bdz 3-10% koncentr\u0101cijai).- Attauko\u0161ana ar iegremd\u0113\u0161anas metodi.- Attauko\u0161ana ar smidzin\u0101\u0161anas metodi.<b>Pielieto\u0161anas veidi un uzglab\u0101\u0161ana<\/b>&#8211; Atkar\u012bb\u0101 no pies\u0101r\u0146ojuma pak\u0101pes lietot neat\u0161\u0137aid\u012bt\u0101 veid\u0101 vai at\u0161\u0137aidot ar \u016bdeni proporcij\u0101 l\u012bdz 1:200, uzkl\u0101t uz t\u012br\u0101mas virsmas un \u013caut iedarboties.- P\u0113c iedarb\u012bbas sav\u0101kt iz\u0161\u0137\u012bdin\u0101tos net\u012brumus.- Uzman\u012bbu! Sarg\u0101t no sala.<\/p>\n<p><b>Tehniskais raksturojums<\/b><\/p>\n<p><b>Fizisk\u0101 forma<\/b>: \u0161\u0137idrums<b>Bl\u012bvums (20 \u00baC)<\/b>: apm\u0113ram 1.065 g \/ ml<\/p>\n<p><b>pH l\u012bmenis<\/b>: apm\u0113ram 6.0<\/p>\n<p><b>Sast\u0101vs<\/b>: nejonie tens\u012bdi, polifosf\u0101ti, glikon\u0101ti, organiska sk\u0101be, \u0161\u0137\u012bdin\u0101\u0161anas vielas, organiska korozijas aizsardz\u012bba, putu sl\u0101p\u0113t\u0101js <\/p>\n","protected":false},"excerpt":{"rendered":"<p>R\u016aPNIECISKAIS ATTAUKOT\u0100JS \u012apa\u0161\u012bbas&#8211; Jauns, notek\u016bde\u0146iem nekait\u012bgs t\u012br\u012b\u0161anas koncentr\u0101ts. Attauko\u0161anas un t\u012br\u012b\u0161anas iedarb\u012bba daudzos gad\u012bjumos piel\u012bdzin\u0101ma aukst\u0101s t\u012br\u012b\u0161anas l\u012bdzek\u013ciem uz petrolejas vai lakbenz\u012bna b\u0101zes un pat p\u0101rsp\u0113j tos. Sadal\u0101s dab\u0101 vair\u0101k par 90%.&#8211; Teicami no\u0146em taukus u.c. net\u012brumus.- Iek\u013c\u016bst ar\u012b dzi\u013c\u0101kos net\u012brumu sl\u0101\u0146os un ies\u016bcas pat \u201egarozas\u201d veidojumos.- Sp\u0113j no\u0146emt brem\u017eu putek\u013cu nogulsn\u0113jumus slie\u017eu transportl\u012bdzek\u013ciem.- Nesatur&#8230;<\/p>\n","protected":false},"featured_media":4711,"comment_status":"open","ping_status":"closed","template":"","meta":[],"product_brand":[337],"product_cat":[353,377,386],"product_tag":[],"class_list":{"0":"post-4710","1":"product","2":"type-product","3":"status-publish","4":"has-post-thumbnail","6":"product_brand-flore-chemie","7":"product_cat-flore-chemie-produkti","8":"product_cat-industrija-masinbuve-elektroiekartas","9":"product_cat-specialie-tirisanas-mazgasanas-un-kopsanas-lidzekli","11":"first","12":"instock","13":"shipping-taxable","14":"purchasable","15":"product-type-variable","16":"has-default-attributes"},"_links":{"self":[{"href":"https:\/\/demo8.izveide.id.lv\/lv\/wp-json\/wp\/v2\/product\/4710","targetHints":{"allow":["GET"]}}],"collection":[{"href":"https:\/\/demo8.izveide.id.lv\/lv\/wp-json\/wp\/v2\/product"}],"about":[{"href":"https:\/\/demo8.izveide.id.lv\/lv\/wp-json\/wp\/v2\/types\/product"}],"replies":[{"embeddable":true,"href":"https:\/\/demo8.izveide.id.lv\/lv\/wp-json\/wp\/v2\/comments?post=4710"}],"wp:featuredmedia":[{"embeddable":true,"href":"https:\/\/demo8.izveide.id.lv\/lv\/wp-json\/wp\/v2\/media\/4711"}],"wp:attachment":[{"href":"https:\/\/demo8.izveide.id.lv\/lv\/wp-json\/wp\/v2\/media?parent=4710"}],"wp:term":[{"taxonomy":"product_brand","embeddable":true,"href":"https:\/\/demo8.izveide.id.lv\/lv\/wp-json\/wp\/v2\/product_brand?post=4710"},{"taxonomy":"product_cat","embeddable":true,"href":"https:\/\/demo8.izveide.id.lv\/lv\/wp-json\/wp\/v2\/product_cat?post=4710"},{"taxonomy":"product_tag","embeddable":true,"href":"https:\/\/demo8.izveide.id.lv\/lv\/wp-json\/wp\/v2\/product_tag?post=4710"}],"curies":[{"name":"wp","href":"https:\/\/api.w.org\/{rel}","templated":true}]}}