{"id":4669,"date":"2026-02-03T15:30:43","date_gmt":"2026-02-03T15:30:43","guid":{"rendered":"https:\/\/demo8.izveide.id.lv\/?post_type=product&#038;p=4669"},"modified":"2026-02-03T15:30:51","modified_gmt":"2026-02-03T15:30:51","slug":"florin-700-code-0070","status":"publish","type":"product","link":"https:\/\/demo8.izveide.id.lv\/lv\/products\/florin-700-code-0070\/","title":{"rendered":"Florin 700 (kods 0070)"},"content":{"rendered":"<p><img decoding=\"async\" alt=\"0070-PARENT\" class=\"alignnone size-full wp-image-364\" src=\"\/wp-content\/uploads\/2026\/01\/0070-PARENT_desc.jpg\" width=\"100%\" srcset=\"https:\/\/demo8.izveide.id.lv\/wp-content\/uploads\/2026\/01\/0070-PARENT_desc.jpg 958w, https:\/\/demo8.izveide.id.lv\/wp-content\/uploads\/2026\/01\/0070-PARENT_desc-600x400.jpg 600w, https:\/\/demo8.izveide.id.lv\/wp-content\/uploads\/2026\/01\/0070-PARENT_desc-300x200.jpg 300w\" sizes=\"(max-width: 958px) 100vw, 958px\" \/><\/p>\n<p><p><\/p>\n<p> <b>UNIVERS\u0100LS L\u012aDZEKLIS LIELU VIRSMU T\u012aR\u012a\u0160ANAI<\/b><\/p>\n<p><b>\u012apa\u0161\u012bbas<\/b>&#8211; Pielietojams jebkuru mazg\u0101jamu virsmu t\u012br\u012b\u0161anai.- Nekait\u012bgs apk\u0101rt\u0113jai videi, nesatur toks\u012bnus, nav ugunsb\u012bstams.- T\u012bra taukus, e\u013c\u013cu, sodr\u0113jus un jebkuru citu pies\u0101r\u0146ojumu.- P\u0113c mazg\u0101\u0161anas virsma nek\u013c\u016bst b\u012bstami slidena.- L\u012bdzeklis var nodar\u012bt kait\u0113jumu kr\u0101sainajiem un vieglajiem met\u0101liem!<\/p>\n<p><b>Pielieto\u0161anas iesp\u0113jas<\/b>&#8211; \u0100tri un efekt\u012bvi t\u012bra liela laukuma virsmas.- Lielgabar\u012bta transporta l\u012bdzek\u013ci un piekabes.- Kravas automa\u0161\u012bnu dzin\u0113ji un agreg\u0101ti.- R\u016bpniec\u012bbas telpu un darbn\u012bcu sienas un gr\u012bdas.<b>Pielieto\u0161anas veidi un uzglab\u0101\u0161ana<\/b>&#8211; At\u0161\u0137aid\u012bt ar \u016bdeni proporcij\u0101 1:10 &#8211; 1:500, atkar\u012bb\u0101 no pies\u0101r\u0146ojuma pak\u0101pes. L\u012bdzekli uzsmidzin\u0101t \/ uzkl\u0101t uz apstr\u0101d\u0101jam\u0101s virsmas un \u013caut iedarboties. P\u0113c tam nov\u0101kt atdal\u012bju\u0161os net\u012brumus. Ieteicams izmantot augstspiediena mazg\u0101\u0161anas sist\u0113mas. Sarg\u0101t l\u012bdzekli no sasal\u0161anas!- Uzman\u012bbu! Sarg\u0101t no b\u0113rniem! L\u012bdzeklim nok\u013c\u016bstot ac\u012bs jeb uz \u0101das, skalot ar lielu \u016bdens daudzumu. Lietot cimdus un aizsargbrilles.<\/p>\n<p><b>Tehniskais raksturojums<\/b><\/p>\n<p><b>Fizisk\u0101 forma<\/b>: \u0161\u0137idrums<b>Bl\u012bvums (20 \u00baC)<\/b>: 1.09 g \/ ml<\/p>\n<p><b>pH l\u012bmenis<\/b>: 12<b>V\u0101r\u012b\u0161an\u0101s diapazons<\/b>: +100 \u00baC<\/p>\n<p><b>Sast\u0101vs<\/b>: virsmakt\u012bv\u0101s vielas, fosf\u0101ti, \u0161\u0137\u012bdin\u0101t\u0101ji <\/p>\n","protected":false},"excerpt":{"rendered":"<p>UNIVERS\u0100LS L\u012aDZEKLIS LIELU VIRSMU T\u012aR\u012a\u0160ANAI \u012apa\u0161\u012bbas&#8211; Pielietojams jebkuru mazg\u0101jamu virsmu t\u012br\u012b\u0161anai.- Nekait\u012bgs apk\u0101rt\u0113jai videi, nesatur toks\u012bnus, nav ugunsb\u012bstams.- T\u012bra taukus, e\u013c\u013cu, sodr\u0113jus un jebkuru citu pies\u0101r\u0146ojumu.- P\u0113c mazg\u0101\u0161anas virsma nek\u013c\u016bst b\u012bstami slidena.- L\u012bdzeklis var nodar\u012bt kait\u0113jumu kr\u0101sainajiem un vieglajiem met\u0101liem! Pielieto\u0161anas iesp\u0113jas&#8211; \u0100tri un efekt\u012bvi t\u012bra liela laukuma virsmas.- Lielgabar\u012bta transporta l\u012bdzek\u013ci un piekabes.- Kravas&#8230;<\/p>\n","protected":false},"featured_media":4670,"comment_status":"open","ping_status":"closed","template":"","meta":[],"product_brand":[337],"product_cat":[380,353,377],"product_tag":[],"class_list":{"0":"post-4669","1":"product","2":"type-product","3":"status-publish","4":"has-post-thumbnail","6":"product_brand-flore-chemie","7":"product_cat-autotehnikas-mazgasanas-tirisanas-un-kopsanas-lidzekli","8":"product_cat-flore-chemie-produkti","9":"product_cat-industrija-masinbuve-elektroiekartas","11":"first","12":"instock","13":"shipping-taxable","14":"purchasable","15":"product-type-variable","16":"has-default-attributes"},"_links":{"self":[{"href":"https:\/\/demo8.izveide.id.lv\/lv\/wp-json\/wp\/v2\/product\/4669","targetHints":{"allow":["GET"]}}],"collection":[{"href":"https:\/\/demo8.izveide.id.lv\/lv\/wp-json\/wp\/v2\/product"}],"about":[{"href":"https:\/\/demo8.izveide.id.lv\/lv\/wp-json\/wp\/v2\/types\/product"}],"replies":[{"embeddable":true,"href":"https:\/\/demo8.izveide.id.lv\/lv\/wp-json\/wp\/v2\/comments?post=4669"}],"wp:featuredmedia":[{"embeddable":true,"href":"https:\/\/demo8.izveide.id.lv\/lv\/wp-json\/wp\/v2\/media\/4670"}],"wp:attachment":[{"href":"https:\/\/demo8.izveide.id.lv\/lv\/wp-json\/wp\/v2\/media?parent=4669"}],"wp:term":[{"taxonomy":"product_brand","embeddable":true,"href":"https:\/\/demo8.izveide.id.lv\/lv\/wp-json\/wp\/v2\/product_brand?post=4669"},{"taxonomy":"product_cat","embeddable":true,"href":"https:\/\/demo8.izveide.id.lv\/lv\/wp-json\/wp\/v2\/product_cat?post=4669"},{"taxonomy":"product_tag","embeddable":true,"href":"https:\/\/demo8.izveide.id.lv\/lv\/wp-json\/wp\/v2\/product_tag?post=4669"}],"curies":[{"name":"wp","href":"https:\/\/api.w.org\/{rel}","templated":true}]}}