{"id":4630,"date":"2026-02-03T15:30:32","date_gmt":"2026-02-03T15:30:32","guid":{"rendered":"https:\/\/demo8.izveide.id.lv\/?post_type=product&#038;p=4630"},"modified":"2026-02-03T15:30:40","modified_gmt":"2026-02-03T15:30:40","slug":"flamil-freezer-solvent-code-0374","status":"publish","type":"product","link":"https:\/\/demo8.izveide.id.lv\/lv\/products\/flamil-freezer-solvent-code-0374\/","title":{"rendered":"Flamil Freezer Solvent (kods 0374)"},"content":{"rendered":"<p><img decoding=\"async\" alt=\"0374-PARENT\" class=\"alignnone size-full wp-image-434\" src=\"\/wp-content\/uploads\/2026\/01\/0374-PARENT_desc.jpg\" width=\"100%\" srcset=\"https:\/\/demo8.izveide.id.lv\/wp-content\/uploads\/2026\/01\/0374-PARENT_desc.jpg 2500w, https:\/\/demo8.izveide.id.lv\/wp-content\/uploads\/2026\/01\/0374-PARENT_desc-600x400.jpg 600w, https:\/\/demo8.izveide.id.lv\/wp-content\/uploads\/2026\/01\/0374-PARENT_desc-300x200.jpg 300w, https:\/\/demo8.izveide.id.lv\/wp-content\/uploads\/2026\/01\/0374-PARENT_desc-1024x682.jpg 1024w\" sizes=\"(max-width: 2500px) 100vw, 2500px\" \/><\/p>\n<p><p><\/p>\n<p> <b>T\u012aR\u012a\u0160ANAS L\u012aDZEKLIS SALD\u0112\u0160ANAS KAMER\u0100M<\/b><\/p>\n<p><b>\u012apa\u0161\u012bbas<\/b>T\u012bra dz\u012bvnieku tauku, e\u013c\u013cu un olbaltumvielu traipus uz gr\u012bd\u0101m un cit\u0101m virsm\u0101m.<\/p>\n<p><b>Pielieto\u0161anas iesp\u0113jas<\/b>&#8211; T\u012bra un kopj sald\u0113\u0161anas kameru gr\u012bdas un citas virsmas l\u012bdz -25 \u00baC.- Pielieto pild\u0146u t\u012br\u012b\u0161anai degvielas uzpildes stacij\u0101s zem\u0101s temperat\u016br\u0101s.<b>Pielietojums un uzglab\u0101\u0161ana<\/b>&#8211; L\u012bdzekli uzkl\u0101t uz apstr\u0101d\u0101jam\u0101s virsmas ar smidzin\u0101\u0161anas iek\u0101rtu, s\u016bkli vai mopu neat\u0161\u0137aid\u012bt\u0101 vai nedaudz at\u0161\u0137aid\u012bt\u0101 veid\u0101 ar siltu \u016bdeni (1:1 \u2013 1:2) atkar\u012bb\u0101 no apk\u0101rt\u0113j\u0101s temperat\u016bras un \u013caut tam iedarboties 5-15 min. Tad virsmu t\u012br\u012bt ar skrubja, dr\u0101nas, mopa vai gumijas \u0161pakte\u013cl\u0101psti\u0146as pal\u012bdz\u012bbu.- Ugunsnedro\u0161s.<\/p>\n<p><b>Tehniskais raksturojums<\/b><\/p>\n<p><b>Fizisk\u0101 forma<\/b>: \u0161\u0137idrums<\/p>\n<p><b>Bl\u012bvums<\/b>: 0,9 g \/ cm\u00b3<b>Uzliesmo\u0161anas diapazons<\/b>: +23 \u00baC<\/p>\n<p><b>pH l\u012bmenis<\/b>: 10.7 \u2013 11.3<\/p>\n<p><b>Sast\u0101vs<\/b>: spirti, saistvielas <\/p>\n","protected":false},"excerpt":{"rendered":"<p>T\u012aR\u012a\u0160ANAS L\u012aDZEKLIS SALD\u0112\u0160ANAS KAMER\u0100M \u012apa\u0161\u012bbasT\u012bra dz\u012bvnieku tauku, e\u013c\u013cu un olbaltumvielu traipus uz gr\u012bd\u0101m un cit\u0101m virsm\u0101m. Pielieto\u0161anas iesp\u0113jas&#8211; T\u012bra un kopj sald\u0113\u0161anas kameru gr\u012bdas un citas virsmas l\u012bdz -25 \u00baC.- Pielieto pild\u0146u t\u012br\u012b\u0161anai degvielas uzpildes stacij\u0101s zem\u0101s temperat\u016br\u0101s.Pielietojums un uzglab\u0101\u0161ana&#8211; L\u012bdzekli uzkl\u0101t uz apstr\u0101d\u0101jam\u0101s virsmas ar smidzin\u0101\u0161anas iek\u0101rtu, s\u016bkli vai mopu neat\u0161\u0137aid\u012bt\u0101 vai nedaudz at\u0161\u0137aid\u012bt\u0101&#8230;<\/p>\n","protected":false},"featured_media":4631,"comment_status":"open","ping_status":"closed","template":"","meta":[],"product_brand":[337],"product_cat":[353,374,356],"product_tag":[],"class_list":{"0":"post-4630","1":"product","2":"type-product","3":"status-publish","4":"has-post-thumbnail","6":"product_brand-flore-chemie","7":"product_cat-flore-chemie-produkti","8":"product_cat-specialie-mazgasanas-tirisanas-un-kopsanas-lidzekli-partikas-nozarei-virtuvem-maiznicam-kupinatavam-saldetavam-u-c","9":"product_cat-viesnicas-un-sabiedriskas-edinasanas-uznemumi","11":"first","12":"instock","13":"shipping-taxable","14":"purchasable","15":"product-type-variable","16":"has-default-attributes"},"_links":{"self":[{"href":"https:\/\/demo8.izveide.id.lv\/lv\/wp-json\/wp\/v2\/product\/4630","targetHints":{"allow":["GET"]}}],"collection":[{"href":"https:\/\/demo8.izveide.id.lv\/lv\/wp-json\/wp\/v2\/product"}],"about":[{"href":"https:\/\/demo8.izveide.id.lv\/lv\/wp-json\/wp\/v2\/types\/product"}],"replies":[{"embeddable":true,"href":"https:\/\/demo8.izveide.id.lv\/lv\/wp-json\/wp\/v2\/comments?post=4630"}],"wp:featuredmedia":[{"embeddable":true,"href":"https:\/\/demo8.izveide.id.lv\/lv\/wp-json\/wp\/v2\/media\/4631"}],"wp:attachment":[{"href":"https:\/\/demo8.izveide.id.lv\/lv\/wp-json\/wp\/v2\/media?parent=4630"}],"wp:term":[{"taxonomy":"product_brand","embeddable":true,"href":"https:\/\/demo8.izveide.id.lv\/lv\/wp-json\/wp\/v2\/product_brand?post=4630"},{"taxonomy":"product_cat","embeddable":true,"href":"https:\/\/demo8.izveide.id.lv\/lv\/wp-json\/wp\/v2\/product_cat?post=4630"},{"taxonomy":"product_tag","embeddable":true,"href":"https:\/\/demo8.izveide.id.lv\/lv\/wp-json\/wp\/v2\/product_tag?post=4630"}],"curies":[{"name":"wp","href":"https:\/\/api.w.org\/{rel}","templated":true}]}}