{"id":4607,"date":"2026-02-03T15:30:24","date_gmt":"2026-02-03T15:30:24","guid":{"rendered":"https:\/\/demo8.izveide.id.lv\/?post_type=product&#038;p=4607"},"modified":"2026-02-03T15:30:28","modified_gmt":"2026-02-03T15:30:28","slug":"florin-antismell-super-code-0497","status":"publish","type":"product","link":"https:\/\/demo8.izveide.id.lv\/lv\/products\/florin-antismell-super-code-0497\/","title":{"rendered":"Florin Antismell Super (kods 0497)"},"content":{"rendered":"<p><img decoding=\"async\" alt=\"0497-PARENT\" class=\"alignnone size-full wp-image-466\" src=\"\/wp-content\/uploads\/2026\/01\/0497-PARENT_desc.jpg\" width=\"100%\" srcset=\"https:\/\/demo8.izveide.id.lv\/wp-content\/uploads\/2026\/01\/0497-PARENT_desc.jpg 958w, https:\/\/demo8.izveide.id.lv\/wp-content\/uploads\/2026\/01\/0497-PARENT_desc-600x400.jpg 600w, https:\/\/demo8.izveide.id.lv\/wp-content\/uploads\/2026\/01\/0497-PARENT_desc-300x200.jpg 300w\" sizes=\"(max-width: 958px) 100vw, 958px\" \/><\/p>\n<p><p><\/p>\n<p> <b>DEZINFIC\u0112JO\u0160S L\u012aDZEKLIS BIOTUALET\u0112M<\/b><\/p>\n<p><b>\u012apa\u0161\u012bbas<\/b>&#8211; \u0160\u0137idrs dezinfekcijas l\u012bdzeklis.- Nesatur formaldeh\u012bdus.- \u0100trai un dro\u0161ai dezinfekcijai p\u0101rvietojamaj\u0101s biotualet\u0113s.- Ar samazin\u0101tu puto\u0161an\u0101s l\u012bmeni.- Pat\u012bkama smar\u017ea.- Piln\u012bgi nekait\u012bgs plastmasas virsm\u0101m.<\/p>\n<p><b>Pielieto\u0161anas iesp\u0113jas<\/b>Speci\u0101li biotualet\u0113m.<b>Pielieto\u0161ana<\/b>&#8211; L\u012bdzeklis pieliet kl\u0101t sanmezglu notek\u016bdenim.- Pat\u0113r\u0113jamo \u0161\u0137\u012bdumu var bez probl\u0113m\u0101m izliet att\u012br\u012b\u0161anas sist\u0113m\u0101.- At\u0161\u0137aidot proporcij\u0101 1:100 nenodara kait\u0113jumu att\u012br\u012b\u0161anas sist\u0113mas bakt\u0113rij\u0101m.- 1:330 \u2013 1:2000, lai nov\u0113rstu nepat\u012bkamo smaku.<\/p>\n<p><b>Tehniskais raksturojums<\/b><\/p>\n<p><b>Fizisk\u0101 forma<\/b>: \u0161\u0137idrums<b>Bl\u012bvums(20 \u00baC)<\/b>: 1.02 g \/ ml<b>pH (koncentr\u0101ts)<\/b>: 5.5<\/p>\n<p><b>Sast\u0101vs<\/b>: glut\u0101ra aldeh\u012bds, alif\u0101tisk\u0101 spirta alkoksil\u0101ts <\/p>\n","protected":false},"excerpt":{"rendered":"<p>DEZINFIC\u0112JO\u0160S L\u012aDZEKLIS BIOTUALET\u0112M \u012apa\u0161\u012bbas&#8211; \u0160\u0137idrs dezinfekcijas l\u012bdzeklis.- Nesatur formaldeh\u012bdus.- \u0100trai un dro\u0161ai dezinfekcijai p\u0101rvietojamaj\u0101s biotualet\u0113s.- Ar samazin\u0101tu puto\u0161an\u0101s l\u012bmeni.- Pat\u012bkama smar\u017ea.- Piln\u012bgi nekait\u012bgs plastmasas virsm\u0101m. Pielieto\u0161anas iesp\u0113jasSpeci\u0101li biotualet\u0113m.Pielieto\u0161ana&#8211; L\u012bdzeklis pieliet kl\u0101t sanmezglu notek\u016bdenim.- Pat\u0113r\u0113jamo \u0161\u0137\u012bdumu var bez probl\u0113m\u0101m izliet att\u012br\u012b\u0161anas sist\u0113m\u0101.- At\u0161\u0137aidot proporcij\u0101 1:100 nenodara kait\u0113jumu att\u012br\u012b\u0161anas sist\u0113mas bakt\u0113rij\u0101m.- 1:330 \u2013 1:2000, lai nov\u0113rstu nepat\u012bkamo&#8230;<\/p>\n","protected":false},"featured_media":4608,"comment_status":"open","ping_status":"closed","template":"","meta":[],"product_brand":[337],"product_cat":[368,353,356],"product_tag":[],"class_list":{"0":"post-4607","1":"product","2":"type-product","3":"status-publish","4":"has-post-thumbnail","6":"product_brand-flore-chemie","7":"product_cat-dezinficejosi-mazgasanas-lidzekli","8":"product_cat-flore-chemie-produkti","9":"product_cat-viesnicas-un-sabiedriskas-edinasanas-uznemumi","11":"first","12":"instock","13":"shipping-taxable","14":"purchasable","15":"product-type-variable","16":"has-default-attributes"},"_links":{"self":[{"href":"https:\/\/demo8.izveide.id.lv\/lv\/wp-json\/wp\/v2\/product\/4607","targetHints":{"allow":["GET"]}}],"collection":[{"href":"https:\/\/demo8.izveide.id.lv\/lv\/wp-json\/wp\/v2\/product"}],"about":[{"href":"https:\/\/demo8.izveide.id.lv\/lv\/wp-json\/wp\/v2\/types\/product"}],"replies":[{"embeddable":true,"href":"https:\/\/demo8.izveide.id.lv\/lv\/wp-json\/wp\/v2\/comments?post=4607"}],"wp:featuredmedia":[{"embeddable":true,"href":"https:\/\/demo8.izveide.id.lv\/lv\/wp-json\/wp\/v2\/media\/4608"}],"wp:attachment":[{"href":"https:\/\/demo8.izveide.id.lv\/lv\/wp-json\/wp\/v2\/media?parent=4607"}],"wp:term":[{"taxonomy":"product_brand","embeddable":true,"href":"https:\/\/demo8.izveide.id.lv\/lv\/wp-json\/wp\/v2\/product_brand?post=4607"},{"taxonomy":"product_cat","embeddable":true,"href":"https:\/\/demo8.izveide.id.lv\/lv\/wp-json\/wp\/v2\/product_cat?post=4607"},{"taxonomy":"product_tag","embeddable":true,"href":"https:\/\/demo8.izveide.id.lv\/lv\/wp-json\/wp\/v2\/product_tag?post=4607"}],"curies":[{"name":"wp","href":"https:\/\/api.w.org\/{rel}","templated":true}]}}