{"id":4601,"date":"2026-02-03T15:30:23","date_gmt":"2026-02-03T15:30:23","guid":{"rendered":"https:\/\/demo8.izveide.id.lv\/?post_type=product&#038;p=4601"},"modified":"2026-02-03T15:30:28","modified_gmt":"2026-02-03T15:30:28","slug":"flamil-csr-code-0418","status":"publish","type":"product","link":"https:\/\/demo8.izveide.id.lv\/lv\/products\/flamil-csr-code-0418\/","title":{"rendered":"Flamil CSR (kods 0418)"},"content":{"rendered":"<p><img decoding=\"async\" alt=\"0418-PARENT\" class=\"alignnone size-full wp-image-445\" src=\"\/wp-content\/uploads\/2026\/01\/0418-PARENT_desc.jpg\" width=\"100%\" srcset=\"https:\/\/demo8.izveide.id.lv\/wp-content\/uploads\/2026\/01\/0418-PARENT_desc.jpg 957w, https:\/\/demo8.izveide.id.lv\/wp-content\/uploads\/2026\/01\/0418-PARENT_desc-600x450.jpg 600w, https:\/\/demo8.izveide.id.lv\/wp-content\/uploads\/2026\/01\/0418-PARENT_desc-300x225.jpg 300w\" sizes=\"(max-width: 957px) 100vw, 957px\" \/><\/p>\n<p><p><\/p>\n<p> <b>DEZINFIC\u0112JO\u0160I MAZG\u0100JO\u0160S L\u012aDZEKLIS P\u0100RTIKAS R\u016aPNIEC\u012aBAI<\/b><\/p>\n<p><b>\u012apa\u0161\u012bbas<\/b>&#8211; Putojo\u0161s, satur akt\u012bvo hloru. &#8211; Visp\u0101r\u012bga pielietojuma mazg\u0101\u0161ana un dezinfekcija.- Iek\u0101rtu un ma\u0161\u012bnu mazg\u0101\u0161ana p\u0101rtikas r\u016bpniec\u012bb\u0101.- Ra\u017eo\u0161anas telpu uzkop\u0161ana.- Neapstr\u0101d\u0101t kr\u0101sainos met\u0101lus!<b>Pielieto\u0161ana<\/b>Darba \u0161\u0137\u012bdums 5% &#8211; 10%, atkar\u012bb\u0101 no mazg\u0101jam\u0101s virsmas un t\u0101s pies\u0101r\u0146ot\u012bbas pak\u0101pes.<\/p>\n<p><b>Tehniskais raksturojums<\/b><\/p>\n<p><b>Fizisk\u0101 forma<\/b>: \u0161\u0137idrums<\/p>\n<p><b>Bl\u012bvums<\/b>: aptuveni 1,12 g \/ ml<b>p\u041d l\u012bmenis (1%, 20 \u00b0\u0421)<\/b>: 12.2<\/p>\n<p><b>Sast\u0101vs<\/b>: anjoniem PAV, n\u0101trija hipohlor\u012bds, k\u0101lija hidroks\u012bds, fosf\u0101ti, tens\u012bdi <\/p>\n","protected":false},"excerpt":{"rendered":"<p>DEZINFIC\u0112JO\u0160I MAZG\u0100JO\u0160S L\u012aDZEKLIS P\u0100RTIKAS R\u016aPNIEC\u012aBAI \u012apa\u0161\u012bbas&#8211; Putojo\u0161s, satur akt\u012bvo hloru. &#8211; Visp\u0101r\u012bga pielietojuma mazg\u0101\u0161ana un dezinfekcija.- Iek\u0101rtu un ma\u0161\u012bnu mazg\u0101\u0161ana p\u0101rtikas r\u016bpniec\u012bb\u0101.- Ra\u017eo\u0161anas telpu uzkop\u0161ana.- Neapstr\u0101d\u0101t kr\u0101sainos met\u0101lus!Pielieto\u0161anaDarba \u0161\u0137\u012bdums 5% &#8211; 10%, atkar\u012bb\u0101 no mazg\u0101jam\u0101s virsmas un t\u0101s pies\u0101r\u0146ot\u012bbas pak\u0101pes. Tehniskais raksturojums Fizisk\u0101 forma: \u0161\u0137idrums Bl\u012bvums: aptuveni 1,12 g \/ mlp\u041d l\u012bmenis (1%, 20 \u00b0\u0421):&#8230;<\/p>\n","protected":false},"featured_media":4602,"comment_status":"open","ping_status":"closed","template":"","meta":[],"product_brand":[337],"product_cat":[368,353,356],"product_tag":[],"class_list":{"0":"post-4601","1":"product","2":"type-product","3":"status-publish","4":"has-post-thumbnail","6":"product_brand-flore-chemie","7":"product_cat-dezinficejosi-mazgasanas-lidzekli","8":"product_cat-flore-chemie-produkti","9":"product_cat-viesnicas-un-sabiedriskas-edinasanas-uznemumi","11":"first","12":"instock","13":"shipping-taxable","14":"purchasable","15":"product-type-variable","16":"has-default-attributes"},"_links":{"self":[{"href":"https:\/\/demo8.izveide.id.lv\/lv\/wp-json\/wp\/v2\/product\/4601","targetHints":{"allow":["GET"]}}],"collection":[{"href":"https:\/\/demo8.izveide.id.lv\/lv\/wp-json\/wp\/v2\/product"}],"about":[{"href":"https:\/\/demo8.izveide.id.lv\/lv\/wp-json\/wp\/v2\/types\/product"}],"replies":[{"embeddable":true,"href":"https:\/\/demo8.izveide.id.lv\/lv\/wp-json\/wp\/v2\/comments?post=4601"}],"wp:featuredmedia":[{"embeddable":true,"href":"https:\/\/demo8.izveide.id.lv\/lv\/wp-json\/wp\/v2\/media\/4602"}],"wp:attachment":[{"href":"https:\/\/demo8.izveide.id.lv\/lv\/wp-json\/wp\/v2\/media?parent=4601"}],"wp:term":[{"taxonomy":"product_brand","embeddable":true,"href":"https:\/\/demo8.izveide.id.lv\/lv\/wp-json\/wp\/v2\/product_brand?post=4601"},{"taxonomy":"product_cat","embeddable":true,"href":"https:\/\/demo8.izveide.id.lv\/lv\/wp-json\/wp\/v2\/product_cat?post=4601"},{"taxonomy":"product_tag","embeddable":true,"href":"https:\/\/demo8.izveide.id.lv\/lv\/wp-json\/wp\/v2\/product_tag?post=4601"}],"curies":[{"name":"wp","href":"https:\/\/api.w.org\/{rel}","templated":true}]}}