{"id":4595,"date":"2026-02-03T15:30:22","date_gmt":"2026-02-03T15:30:22","guid":{"rendered":"https:\/\/demo8.izveide.id.lv\/?post_type=product&#038;p=4595"},"modified":"2026-02-03T15:30:28","modified_gmt":"2026-02-03T15:30:28","slug":"flore-hd-code-0500","status":"publish","type":"product","link":"https:\/\/demo8.izveide.id.lv\/lv\/products\/flore-hd-code-0500\/","title":{"rendered":"Flore HD (kods 0500)"},"content":{"rendered":"<p><img decoding=\"async\" alt=\"0500-PARENT\" class=\"alignnone size-full wp-image-470\" src=\"\/wp-content\/uploads\/2026\/01\/0500-PARENT_desc.jpg\" width=\"100%\" srcset=\"https:\/\/demo8.izveide.id.lv\/wp-content\/uploads\/2026\/01\/0500-PARENT_desc.jpg 958w, https:\/\/demo8.izveide.id.lv\/wp-content\/uploads\/2026\/01\/0500-PARENT_desc-600x209.jpg 600w, https:\/\/demo8.izveide.id.lv\/wp-content\/uploads\/2026\/01\/0500-PARENT_desc-300x105.jpg 300w\" sizes=\"(max-width: 958px) 100vw, 958px\" \/><\/p>\n<p><p><\/p>\n<p> <b>DEZINFIC\u0112JO\u0160S L\u012aDZEKLIS ROK\u0100M UN VIRSM\u0100M UZ ALKOHOLA B\u0100ZES<\/b><\/p>\n<p><b>\u012apa\u0161\u012bbas<\/b>&#8211; Efekt\u012bvs l\u012bdzeklis roku un virsmu dezinfekcijai.- 3 ml l\u012bdzek\u013ca iedarbojas 30 sekun\u017eu laik\u0101.- L\u012bdzeklis nekairina \u0101du, neizraisa blakusiedarb\u012bbas efektus, tam piem\u012bt m\u012bkstino\u0161s \u0101das efekts.- Piem\u0113rots izmanto\u0161anai slimn\u012bc\u0101s, p\u0101rtikas r\u016bpniec\u012bb\u0101, viesn\u012bc\u0101s u.c.<\/p>\n<p><b>Pielieto\u0161anas iesp\u0113jas<\/b>&#8211; Uzkl\u0101t l\u012bdzekli uz dezinfic\u0113jam\u0101s virsmas istabas temperat\u016br\u0101 un \u013caut tam iedarboties. Nav j\u0101noslauka.- Ieberz\u0113t rok\u0101s 3 ml l\u012bdzek\u013ca un \u013caut tam iedarboties 30 sekundes.- L\u012bdzeklis nav piem\u0113rots izmanto\u0161anai uz akrila, organisk\u0101 stikla virsm\u0101m.<b>Pielieto\u0161anas veidi un uzglab\u0101\u0161ana<\/b>&#8211; Uzglab\u0101t l\u012bdzekli b\u0113rniem nepieejam\u0101 viet\u0101.- L\u012bdzeklis ir ugunsnedro\u0161s.<\/p>\n<p><b>Tehniskais raksturojums<\/b><\/p>\n<p><b>Fizisk\u0101 forma<\/b>: \u0161\u0137idrums<b>Bl\u012bvums (20 \u00baC)<\/b>: 0.876 g\/ml<\/p>\n<p><b>pH l\u012bmenis<\/b>: 8<\/p>\n<p><b>Sast\u0101vs<\/b>: izopropanols, butadiols, papildvielas <\/p>\n","protected":false},"excerpt":{"rendered":"<p>DEZINFIC\u0112JO\u0160S L\u012aDZEKLIS ROK\u0100M UN VIRSM\u0100M UZ ALKOHOLA B\u0100ZES \u012apa\u0161\u012bbas&#8211; Efekt\u012bvs l\u012bdzeklis roku un virsmu dezinfekcijai.- 3 ml l\u012bdzek\u013ca iedarbojas 30 sekun\u017eu laik\u0101.- L\u012bdzeklis nekairina \u0101du, neizraisa blakusiedarb\u012bbas efektus, tam piem\u012bt m\u012bkstino\u0161s \u0101das efekts.- Piem\u0113rots izmanto\u0161anai slimn\u012bc\u0101s, p\u0101rtikas r\u016bpniec\u012bb\u0101, viesn\u012bc\u0101s u.c. Pielieto\u0161anas iesp\u0113jas&#8211; Uzkl\u0101t l\u012bdzekli uz dezinfic\u0113jam\u0101s virsmas istabas temperat\u016br\u0101 un \u013caut tam iedarboties. Nav j\u0101noslauka.-&#8230;<\/p>\n","protected":false},"featured_media":4596,"comment_status":"open","ping_status":"closed","template":"","meta":[],"product_brand":[337],"product_cat":[368,353,356],"product_tag":[],"class_list":{"0":"post-4595","1":"product","2":"type-product","3":"status-publish","4":"has-post-thumbnail","6":"product_brand-flore-chemie","7":"product_cat-dezinficejosi-mazgasanas-lidzekli","8":"product_cat-flore-chemie-produkti","9":"product_cat-viesnicas-un-sabiedriskas-edinasanas-uznemumi","11":"first","12":"instock","13":"shipping-taxable","14":"purchasable","15":"product-type-variable","16":"has-default-attributes"},"_links":{"self":[{"href":"https:\/\/demo8.izveide.id.lv\/lv\/wp-json\/wp\/v2\/product\/4595","targetHints":{"allow":["GET"]}}],"collection":[{"href":"https:\/\/demo8.izveide.id.lv\/lv\/wp-json\/wp\/v2\/product"}],"about":[{"href":"https:\/\/demo8.izveide.id.lv\/lv\/wp-json\/wp\/v2\/types\/product"}],"replies":[{"embeddable":true,"href":"https:\/\/demo8.izveide.id.lv\/lv\/wp-json\/wp\/v2\/comments?post=4595"}],"wp:featuredmedia":[{"embeddable":true,"href":"https:\/\/demo8.izveide.id.lv\/lv\/wp-json\/wp\/v2\/media\/4596"}],"wp:attachment":[{"href":"https:\/\/demo8.izveide.id.lv\/lv\/wp-json\/wp\/v2\/media?parent=4595"}],"wp:term":[{"taxonomy":"product_brand","embeddable":true,"href":"https:\/\/demo8.izveide.id.lv\/lv\/wp-json\/wp\/v2\/product_brand?post=4595"},{"taxonomy":"product_cat","embeddable":true,"href":"https:\/\/demo8.izveide.id.lv\/lv\/wp-json\/wp\/v2\/product_cat?post=4595"},{"taxonomy":"product_tag","embeddable":true,"href":"https:\/\/demo8.izveide.id.lv\/lv\/wp-json\/wp\/v2\/product_tag?post=4595"}],"curies":[{"name":"wp","href":"https:\/\/api.w.org\/{rel}","templated":true}]}}