{"id":4577,"date":"2026-02-03T15:30:16","date_gmt":"2026-02-03T15:30:16","guid":{"rendered":"https:\/\/demo8.izveide.id.lv\/?post_type=product&#038;p=4577"},"modified":"2026-02-03T15:30:28","modified_gmt":"2026-02-03T15:30:28","slug":"flamil-grf-perfekt-code-0481","status":"publish","type":"product","link":"https:\/\/demo8.izveide.id.lv\/lv\/products\/flamil-grf-perfekt-code-0481\/","title":{"rendered":"Flamil GRF Perfekt (kods 0481)"},"content":{"rendered":"<p><img decoding=\"async\" src=\"\/wp-content\/uploads\/2026\/01\/0481-PARENT_desc.jpg\"\/><\/p>\n<p><p><\/p>\n<p> <b>TRAUKU MAZG\u0100\u0160ANAS L\u012aDZEKLIS MAZG\u0100JO\u0160\u0100S MA\u0160\u012aN\u0100S<\/b><\/p>\n<p><b>\u012apa\u0161\u012bbas<\/b>&#8211; L\u012bdzeklis trauku un virtuves invent\u0101ra mazg\u0101\u0161anai lietojot trauku mazg\u0101jam\u0101s ma\u0161\u012bnas.- Piem\u0113rots darbam gan lietojot cietu, gan m\u012bkstu \u016bdeni.- Pielietojum\u0101 \u013coti ekonomisks.- Neputojo\u0161s.<\/p>\n<p><b>Pielieto\u0161anas iesp\u0113jas<\/b>&#8211; Trauku mazg\u0101jamaj\u0101s ma\u0161\u012bn\u0101s, kuras apr\u012bkotas ar \u0161\u0137idruma doz\u0113jo\u0161o s\u016bkni.- Jebkurai nozarei.<b>Pielieto\u0161anas veidi un uzglab\u0101\u0161ana<\/b>Koncentr\u0101cija ir atkar\u012bga no \u016bdens ciet\u012bbas pak\u0101pes:<\/p>\n<table class=\"table table-bordered\">\n<tbody>\n<tr>\n<td><span style=\"font-size: 14px; letter-spacing: normal; background-color: rgb(255, 255, 255);\">M\u012bksts \u016bdens<\/span><\/td>\n<td><span style=\"font-size: 14px; letter-spacing: normal; background-color: rgb(255, 255, 255);\">7 dH<\/span><\/td>\n<td><span style=\"font-size: 14px; letter-spacing: normal; background-color: rgb(255, 255, 255);\">3 g\/l<\/span><\/td>\n<\/tr>\n<tr>\n<td><span style=\"font-size: 14px; letter-spacing: normal; background-color: rgb(255, 255, 255);\">Vid\u0113ji ciets \u016bdens<\/span><\/td>\n<td><span style=\"font-size: 14px; letter-spacing: normal; background-color: rgb(255, 255, 255);\">14 dH<\/span><\/td>\n<td><span style=\"font-size: 14px; letter-spacing: normal; background-color: rgb(255, 255, 255);\">5 g\/l<\/span><\/td>\n<\/tr>\n<tr>\n<td><span style=\"font-size: 14px; letter-spacing: normal; background-color: rgb(255, 255, 255);\">Ciets \u016bdens<\/span><\/td>\n<td><span style=\"font-size: 14px; letter-spacing: normal; background-color: rgb(255, 255, 255);\">21 dH<\/span><\/td>\n<td><span style=\"font-size: 14px; letter-spacing: normal; background-color: rgb(255, 255, 255);\">7 g\/l<\/span><\/td>\n<\/tr>\n<tr>\n<td><span style=\"font-size: 14px; letter-spacing: normal; background-color: rgb(255, 255, 255);\">\u013boti ciets \u016bdens<\/span><\/td>\n<td><span style=\"font-size: 14px; letter-spacing: normal; background-color: rgb(255, 255, 255);\">virs 21 dH<\/span><\/td>\n<td><span style=\"font-size: 14px; letter-spacing: normal; background-color: rgb(255, 255, 255);\">9 g\/l<\/span><\/td>\n<\/tr>\n<\/tbody>\n<\/table>\n<p><b>Tehniskais raksturojums<\/b><\/p>\n<p><b>Fizisk\u0101 forma<\/b>: \u0161\u0137idrums<b>Bl\u012bvums (20 \u00baC)<\/b>: 1.33 g \/ ml<\/p>\n<p><b>pH l\u012bmenis<\/b>: 14<b>Viskozit\u0101te<\/b>: zem 20<\/p>\n<p><b>Sast\u0101vs<\/b>: k\u0101lija hidroks\u012bds, fosf\u0101ti, silik\u0101ti, n\u0101trija hipohlor\u012bds, papildvielas <\/p>\n","protected":false},"excerpt":{"rendered":"<p>TRAUKU MAZG\u0100\u0160ANAS L\u012aDZEKLIS MAZG\u0100JO\u0160\u0100S MA\u0160\u012aN\u0100S \u012apa\u0161\u012bbas&#8211; L\u012bdzeklis trauku un virtuves invent\u0101ra mazg\u0101\u0161anai lietojot trauku mazg\u0101jam\u0101s ma\u0161\u012bnas.- Piem\u0113rots darbam gan lietojot cietu, gan m\u012bkstu \u016bdeni.- Pielietojum\u0101 \u013coti ekonomisks.- Neputojo\u0161s. Pielieto\u0161anas iesp\u0113jas&#8211; Trauku mazg\u0101jamaj\u0101s ma\u0161\u012bn\u0101s, kuras apr\u012bkotas ar \u0161\u0137idruma doz\u0113jo\u0161o s\u016bkni.- Jebkurai nozarei.Pielieto\u0161anas veidi un uzglab\u0101\u0161anaKoncentr\u0101cija ir atkar\u012bga no \u016bdens ciet\u012bbas pak\u0101pes: M\u012bksts \u016bdens 7 dH 3&#8230;<\/p>\n","protected":false},"featured_media":4578,"comment_status":"open","ping_status":"closed","template":"","meta":[],"product_brand":[337],"product_cat":[353,365,356],"product_tag":[],"class_list":{"0":"post-4577","1":"product","2":"type-product","3":"status-publish","4":"has-post-thumbnail","6":"product_brand-flore-chemie","7":"product_cat-flore-chemie-produkti","8":"product_cat-trauku-mazgasanas-lidzekli","9":"product_cat-viesnicas-un-sabiedriskas-edinasanas-uznemumi","11":"first","12":"instock","13":"shipping-taxable","14":"purchasable","15":"product-type-variable","16":"has-default-attributes"},"_links":{"self":[{"href":"https:\/\/demo8.izveide.id.lv\/lv\/wp-json\/wp\/v2\/product\/4577","targetHints":{"allow":["GET"]}}],"collection":[{"href":"https:\/\/demo8.izveide.id.lv\/lv\/wp-json\/wp\/v2\/product"}],"about":[{"href":"https:\/\/demo8.izveide.id.lv\/lv\/wp-json\/wp\/v2\/types\/product"}],"replies":[{"embeddable":true,"href":"https:\/\/demo8.izveide.id.lv\/lv\/wp-json\/wp\/v2\/comments?post=4577"}],"wp:featuredmedia":[{"embeddable":true,"href":"https:\/\/demo8.izveide.id.lv\/lv\/wp-json\/wp\/v2\/media\/4578"}],"wp:attachment":[{"href":"https:\/\/demo8.izveide.id.lv\/lv\/wp-json\/wp\/v2\/media?parent=4577"}],"wp:term":[{"taxonomy":"product_brand","embeddable":true,"href":"https:\/\/demo8.izveide.id.lv\/lv\/wp-json\/wp\/v2\/product_brand?post=4577"},{"taxonomy":"product_cat","embeddable":true,"href":"https:\/\/demo8.izveide.id.lv\/lv\/wp-json\/wp\/v2\/product_cat?post=4577"},{"taxonomy":"product_tag","embeddable":true,"href":"https:\/\/demo8.izveide.id.lv\/lv\/wp-json\/wp\/v2\/product_tag?post=4577"}],"curies":[{"name":"wp","href":"https:\/\/api.w.org\/{rel}","templated":true}]}}