{"id":4554,"date":"2026-02-03T15:30:11","date_gmt":"2026-02-03T15:30:11","guid":{"rendered":"https:\/\/demo8.izveide.id.lv\/?post_type=product&#038;p=4554"},"modified":"2026-02-03T15:30:17","modified_gmt":"2026-02-03T15:30:17","slug":"flamil-bio-ol-ex-code-0402","status":"publish","type":"product","link":"https:\/\/demo8.izveide.id.lv\/lv\/products\/flamil-bio-ol-ex-code-0402\/","title":{"rendered":"Flamil Bio-\u00d6l-Ex (kods 0402)"},"content":{"rendered":"<p><img decoding=\"async\" alt=\"0402-PARENT\" class=\"alignnone size-full wp-image-2145\" src=\"\/wp-content\/uploads\/2026\/01\/0402-PARENT_desc.jpg\" width=\"100%\" srcset=\"https:\/\/demo8.izveide.id.lv\/wp-content\/uploads\/2026\/01\/0402-PARENT_desc.jpg 800w, https:\/\/demo8.izveide.id.lv\/wp-content\/uploads\/2026\/01\/0402-PARENT_desc-600x450.jpg 600w, https:\/\/demo8.izveide.id.lv\/wp-content\/uploads\/2026\/01\/0402-PARENT_desc-300x225.jpg 300w\" sizes=\"(max-width: 800px) 100vw, 800px\" \/><\/p>\n<p><p><\/p>\n<p> <b>L\u012aDZEKLIS AUGU E\u013b\u013bAS T\u012aR\u012a\u0160ANAI<\/b><\/p>\n<p><b>\u012apa\u0161\u012bbas<\/b>&#8211; Efekt\u012bvs l\u012bdzeklis, izstr\u0101d\u0101ts saska\u0146\u0101 ar jaun\u0101kaj\u0101m zin\u0101tnes tehnolo\u0123ij\u0101m, kur\u0161 not\u012bra e\u013c\u013cu bez meh\u0101niskas iedarb\u012bbas.- \u0160\u0137\u012bdina un bez paliek\u0101m no\u0146em augu e\u013c\u013cu, taukus, sodr\u0113jus, tai skait\u0101 ar\u012b no kr\u0101sot\u0101m virsm\u0101m.- L\u012bdzeklis labi \u0161\u0137\u012bst \u016bden\u012b, nesatur b\u012bstamas un toksiskas vielas un \u0137\u012bmiskos \u0161\u0137\u012bdin\u0101t\u0101jus.- Piem\u0113rots izmanto\u0161anai p\u0101rtikas r\u016bpniec\u012bb\u0101.- Nekait\u012bgs met\u0101la virsm\u0101m, plastmasai, stiklam.<\/p>\n<p><b>Pielieto\u0161anas iesp\u0113jas<\/b>&#8211; L\u012bdzeklis izmantojams visa veida tilp\u0146u t\u012br\u012b\u0161anai no dab\u012bgo e\u013c\u013cu pies\u0101r\u0146ojuma.- Transporta l\u012bdzek\u013cu att\u012br\u012b\u0161ana no e\u013c\u013cas paliek\u0101m, gan ar\u012b jebkuru citu e\u013c\u013cainu virsmu t\u012br\u012b\u0161ana.- Uzsmidzin\u0101t l\u012bdzekli uz apstr\u0101d\u0101jam\u0101s virsmas un \u013caut tam iedarboties apm\u0113ram 5 min\u016btes, p\u0113c tam noskalot ar augstspiediena mazg\u0101\u0161anas iek\u0101rtu vai vienk\u0101r\u0161i nomazg\u0101t ar t\u012bru \u016bdeni un birsti jeb s\u016bkli.- Uzman\u012bbu! Nepie\u013caut l\u012bdzek\u013ca no\u017e\u016b\u0161anu uz apstr\u0101d\u0101jam\u0101s virsmas! Sarg\u0101t no sasal\u0161anas!<b>Pielieto\u0161anas veidi un uzglab\u0101\u0161ana<\/b>&#8211; L\u012bdzekli izmantot at\u0161\u0137aidot proporcij\u0101 no 1:5 l\u012bdz 1:10.<br \/>&#8211; Uzglab\u0101t l\u012bdzekli b\u0113rniem nepieejam\u0101 viet\u0101.- L\u012bdzeklis kairina acis un \u0101du. Str\u0101d\u0101jot valk\u0101t aizsargbrilles.Tehniskais raksturojums<\/p>\n<p><b>Fizisk\u0101 forma<\/b>: \u0161\u0137idrums<b>Bl\u012bvums (20 \u00baC)<\/b>: 1.10 g \/ ml<\/p>\n<p><b>pH l\u012bmenis<\/b>: 11.3<\/p>\n<p><b>Sast\u0101vs<\/b>: k\u0101lija hidroks\u012bds, fosf\u0101ti, tens\u012bdi <\/p>\n","protected":false},"excerpt":{"rendered":"<p>L\u012aDZEKLIS AUGU E\u013b\u013bAS T\u012aR\u012a\u0160ANAI \u012apa\u0161\u012bbas&#8211; Efekt\u012bvs l\u012bdzeklis, izstr\u0101d\u0101ts saska\u0146\u0101 ar jaun\u0101kaj\u0101m zin\u0101tnes tehnolo\u0123ij\u0101m, kur\u0161 not\u012bra e\u013c\u013cu bez meh\u0101niskas iedarb\u012bbas.- \u0160\u0137\u012bdina un bez paliek\u0101m no\u0146em augu e\u013c\u013cu, taukus, sodr\u0113jus, tai skait\u0101 ar\u012b no kr\u0101sot\u0101m virsm\u0101m.- L\u012bdzeklis labi \u0161\u0137\u012bst \u016bden\u012b, nesatur b\u012bstamas un toksiskas vielas un \u0137\u012bmiskos \u0161\u0137\u012bdin\u0101t\u0101jus.- Piem\u0113rots izmanto\u0161anai p\u0101rtikas r\u016bpniec\u012bb\u0101.- Nekait\u012bgs met\u0101la virsm\u0101m, plastmasai, stiklam&#8230;.<\/p>\n","protected":false},"featured_media":4555,"comment_status":"open","ping_status":"closed","template":"","meta":[],"product_brand":[337],"product_cat":[353,356,359],"product_tag":[],"class_list":{"0":"post-4554","1":"product","2":"type-product","3":"status-publish","4":"has-post-thumbnail","6":"product_brand-flore-chemie","7":"product_cat-flore-chemie-produkti","8":"product_cat-viesnicas-un-sabiedriskas-edinasanas-uznemumi","9":"product_cat-visparejie-mazgasanas-tirisanas-un-kopsanas-lidzekli","11":"first","12":"instock","13":"shipping-taxable","14":"purchasable","15":"product-type-variable","16":"has-default-attributes"},"_links":{"self":[{"href":"https:\/\/demo8.izveide.id.lv\/lv\/wp-json\/wp\/v2\/product\/4554","targetHints":{"allow":["GET"]}}],"collection":[{"href":"https:\/\/demo8.izveide.id.lv\/lv\/wp-json\/wp\/v2\/product"}],"about":[{"href":"https:\/\/demo8.izveide.id.lv\/lv\/wp-json\/wp\/v2\/types\/product"}],"replies":[{"embeddable":true,"href":"https:\/\/demo8.izveide.id.lv\/lv\/wp-json\/wp\/v2\/comments?post=4554"}],"wp:featuredmedia":[{"embeddable":true,"href":"https:\/\/demo8.izveide.id.lv\/lv\/wp-json\/wp\/v2\/media\/4555"}],"wp:attachment":[{"href":"https:\/\/demo8.izveide.id.lv\/lv\/wp-json\/wp\/v2\/media?parent=4554"}],"wp:term":[{"taxonomy":"product_brand","embeddable":true,"href":"https:\/\/demo8.izveide.id.lv\/lv\/wp-json\/wp\/v2\/product_brand?post=4554"},{"taxonomy":"product_cat","embeddable":true,"href":"https:\/\/demo8.izveide.id.lv\/lv\/wp-json\/wp\/v2\/product_cat?post=4554"},{"taxonomy":"product_tag","embeddable":true,"href":"https:\/\/demo8.izveide.id.lv\/lv\/wp-json\/wp\/v2\/product_tag?post=4554"}],"curies":[{"name":"wp","href":"https:\/\/api.w.org\/{rel}","templated":true}]}}