{"id":4550,"date":"2026-02-03T15:30:11","date_gmt":"2026-02-03T15:30:11","guid":{"rendered":"https:\/\/demo8.izveide.id.lv\/?post_type=product&#038;p=4550"},"modified":"2026-02-03T15:30:17","modified_gmt":"2026-02-03T15:30:17","slug":"flamil-88-code-0088","status":"publish","type":"product","link":"https:\/\/demo8.izveide.id.lv\/lv\/products\/flamil-88-code-0088\/","title":{"rendered":"Flamil 88 (kods 0088)"},"content":{"rendered":"<p><img decoding=\"async\" src=\"\/wp-content\/uploads\/2026\/01\/0088-PARENT_desc.jpg\"\/><\/p>\n<p><p><strong><br \/><\/strong><\/p>\n<p><b>EFEKT\u012aVA PUL\u0112\u0160ANAS PASTA<\/b><\/p>\n<p><b>\u012apa\u0161\u012bbas<\/b>&#8211; Vienlaic\u012bgi t\u012bra, pul\u0113 un aizsarg\u0101 apstr\u0101d\u0101jam\u0101s virsmas.- Veido sp\u012bdumu uz apstr\u0101d\u0101jam\u0101s virsmas, nesatur abraz\u012bvus.- L\u012bdzeklis veido uz apstr\u0101d\u0101jam\u0101s virsmas \u013coti pl\u0101nu aizsargk\u0101rti\u0146u, kas virsmu pasarg\u0101 no jauna pies\u0101r\u0146ojuma un izdil\u0161anas.- Piem\u0113rots efekt\u012bvai virsmu pul\u0113\u0161anai un t\u012br\u012b\u0161anai.- Nesatur b\u012bstamas vielas.<\/p>\n<p><b>Pielieto\u0161anas iesp\u0113jas<\/b>&#8211; Visu veidu met\u0101la virsmu t\u012br\u012b\u0161ana un pul\u0113\u0161ana.- Pul\u0113tu akmens virsmu t\u012br\u012b\u0161ana un pul\u0113\u0161ana, k\u0101 ar\u012b emalj\u0113tu virsmu pul\u0113\u0161ana.- Plastmasas un stikla virsmu pul\u0113\u0161ana l\u012bdz sp\u012bdumam.<b>Pielieto\u0161anas veidi un uzglab\u0101\u0161ana<\/b>&#8211; L\u012bdzekli uzkl\u0101t, v\u0113lams, uz nedaudz mitras virsmas, \u013coti pl\u0101n\u0101 k\u0101rt\u0101, un \u013caut tam 10 \u2013 12 min\u016btes iedarboties. &#8211; Pul\u0113t ar m\u012bkstu materi\u0101lu, piem\u0113ram, pap\u012bra dvielis, ri\u0146\u0137veida kust\u012bb\u0101m. P\u0113c pul\u0113\u0161anas proced\u016bras apstr\u0101d\u0101to virsmu v\u0113lams noskalot ar siltu \u016bdeni.<\/p>\n<p><b>Tehniskais raksturojums<\/b><\/p>\n<p><b>Fizisk\u0101 forma<\/b>: pasta<b>Bl\u012bvums (20 \u00baC)<\/b>: 1.30 g \/ ml<\/p>\n<p><b>Sast\u0101vs<\/b>: virsmakt\u012bv\u0101s vielas, \u0161\u0137\u012bdin\u0101t\u0101ji <\/p>\n","protected":false},"excerpt":{"rendered":"<p>EFEKT\u012aVA PUL\u0112\u0160ANAS PASTA \u012apa\u0161\u012bbas&#8211; Vienlaic\u012bgi t\u012bra, pul\u0113 un aizsarg\u0101 apstr\u0101d\u0101jam\u0101s virsmas.- Veido sp\u012bdumu uz apstr\u0101d\u0101jam\u0101s virsmas, nesatur abraz\u012bvus.- L\u012bdzeklis veido uz apstr\u0101d\u0101jam\u0101s virsmas \u013coti pl\u0101nu aizsargk\u0101rti\u0146u, kas virsmu pasarg\u0101 no jauna pies\u0101r\u0146ojuma un izdil\u0161anas.- Piem\u0113rots efekt\u012bvai virsmu pul\u0113\u0161anai un t\u012br\u012b\u0161anai.- Nesatur b\u012bstamas vielas. Pielieto\u0161anas iesp\u0113jas&#8211; Visu veidu met\u0101la virsmu t\u012br\u012b\u0161ana un pul\u0113\u0161ana.- Pul\u0113tu akmens virsmu&#8230;<\/p>\n","protected":false},"featured_media":4551,"comment_status":"open","ping_status":"closed","template":"","meta":[],"product_brand":[337],"product_cat":[353,356,359],"product_tag":[],"class_list":{"0":"post-4550","1":"product","2":"type-product","3":"status-publish","4":"has-post-thumbnail","6":"product_brand-flore-chemie","7":"product_cat-flore-chemie-produkti","8":"product_cat-viesnicas-un-sabiedriskas-edinasanas-uznemumi","9":"product_cat-visparejie-mazgasanas-tirisanas-un-kopsanas-lidzekli","11":"first","12":"instock","13":"shipping-taxable","14":"purchasable","15":"product-type-variable","16":"has-default-attributes"},"_links":{"self":[{"href":"https:\/\/demo8.izveide.id.lv\/lv\/wp-json\/wp\/v2\/product\/4550","targetHints":{"allow":["GET"]}}],"collection":[{"href":"https:\/\/demo8.izveide.id.lv\/lv\/wp-json\/wp\/v2\/product"}],"about":[{"href":"https:\/\/demo8.izveide.id.lv\/lv\/wp-json\/wp\/v2\/types\/product"}],"replies":[{"embeddable":true,"href":"https:\/\/demo8.izveide.id.lv\/lv\/wp-json\/wp\/v2\/comments?post=4550"}],"wp:featuredmedia":[{"embeddable":true,"href":"https:\/\/demo8.izveide.id.lv\/lv\/wp-json\/wp\/v2\/media\/4551"}],"wp:attachment":[{"href":"https:\/\/demo8.izveide.id.lv\/lv\/wp-json\/wp\/v2\/media?parent=4550"}],"wp:term":[{"taxonomy":"product_brand","embeddable":true,"href":"https:\/\/demo8.izveide.id.lv\/lv\/wp-json\/wp\/v2\/product_brand?post=4550"},{"taxonomy":"product_cat","embeddable":true,"href":"https:\/\/demo8.izveide.id.lv\/lv\/wp-json\/wp\/v2\/product_cat?post=4550"},{"taxonomy":"product_tag","embeddable":true,"href":"https:\/\/demo8.izveide.id.lv\/lv\/wp-json\/wp\/v2\/product_tag?post=4550"}],"curies":[{"name":"wp","href":"https:\/\/api.w.org\/{rel}","templated":true}]}}