{"id":4544,"date":"2026-02-03T15:30:09","date_gmt":"2026-02-03T15:30:09","guid":{"rendered":"https:\/\/demo8.izveide.id.lv\/?post_type=product&#038;p=4544"},"modified":"2026-02-03T15:30:17","modified_gmt":"2026-02-03T15:30:17","slug":"flamil-250-code-0025","status":"publish","type":"product","link":"https:\/\/demo8.izveide.id.lv\/lv\/products\/flamil-250-code-0025\/","title":{"rendered":"Flamil 250 (kods 0025)"},"content":{"rendered":"<p><img decoding=\"async\" src=\"\/wp-content\/uploads\/2026\/01\/0025-PARENT_desc.jpg\"\/><\/p>\n<p><p><\/p>\n<p> <b>L\u012aDZEKLIS STIKLU T\u012aR\u012a\u0160ANAI<\/b><\/p>\n<p><b>\u012apa\u0161\u012bbas<\/b>&#8211; Efekt\u012bvs un dro\u0161s l\u012bdzeklis gludaj\u0101m stikla virsm\u0101m un spogu\u013ciem.- Dro\u0161s apk\u0101rt\u0113jai videi, sp\u0113j\u012bgs biolo\u0123iski sadal\u012bties, nepiem\u012bt nepat\u012bkama smar\u017ea, nav aler\u0123isks un nekairina \u0101du.- Stipri koncentr\u0113ts, ekonom\u0113 izmaksas ar zemo darba \u0161\u0137\u012bduma pa\u0161izmaksu \u2013 satur efekt\u012bvus komponentus, kas saudz\u0113jo\u0161i iedarbojas uz apstr\u0101d\u0101jamo virsmu da\u017eu sekun\u017eu laik\u0101 not\u012brot to un attaukojot.- Not\u012bra tauku paliekas, silikona paliekas, atst\u0101tos ple\u0137us no rok\u0101m, sodr\u0113jus un citus net\u012brumus, k\u0101 ar\u012b efekt\u012bvi un \u0101tri no\u0146em kukai\u0146u atst\u0101t\u0101s p\u0113das.- Rada molekul\u0101ru aizsargsl\u0101ni, kas samazina net\u012brumu dabisko veido\u0161anos uz stikla virsm\u0101m.- Rada antistatisku efektu.- Ekonomisks augstas koncentr\u0101cijas l\u012bdzeklis, \u0161\u0137aid\u0101s ar \u016bdeni attiec\u012bb\u0101s 1:100 &#8211; 1:500. 2-10ml koncentr\u0101ta uz 1 litru \u016bdens.- Koncentr\u0101cijas paaugstin\u0101\u0161ana efektivit\u0101ti neuzlabo!- T\u012bra \u0101tri un pamat\u012bgi!<b>Pielieto\u0161anas sf\u0113ras<\/b>&#8211; Logi, stikla durvis, spogu\u013ci.- Marmors, fl\u012bzes, plastmasa, lakotas virsmas.- Lustras, \u017eal\u016bzijas, fajanss, ner\u016bs\u0113jo\u0161ais t\u0113rauds.- Automobi\u013cu iek\u0161\u0113j\u0101 un \u0101r\u0113j\u0101 t\u012br\u012b\u0161ana.<b>Pielieto\u0161ana<\/b>&#8211; Darba \u0161\u0137\u012bdumu uzsmidzin\u0101t vai uzkl\u0101t uz virsmas.- At\u0161\u0137aid\u012bt ar \u016bdeni attiec\u012bb\u0101 1:100 &#8211; 1:500, atkar\u012bb\u0101 no virsmu pies\u0101r\u0146ot\u012bbas.- At\u0161\u0137aidot ar siltu \u016bdeni l\u012bdzek\u013ca efektivit\u0101te palielin\u0101s.- Izmantot tikai koncentr\u0101tu var, bet tas efektivit\u0101ti nepaaugstina.- L\u012bdzekli uzkl\u0101t uz virsmas, atst\u0101t iedarboties k\u0101du laiku, no\u0146emt iz\u0161\u0137\u012bdin\u0101tos net\u012brumus ar dr\u0101nu, \u0161vammi, birsti vai gumijas sliedi.<\/p>\n<p><b>Tehniskais raksturojums<\/b><\/p>\n<p><b>Fizisk\u0101 forma<\/b>: \u0161\u0137idrums<b>Bl\u012bvums (20 \u00b0\u0421)<\/b>: aptuveni 0,996 -1,016 g \/ ml<b>p\u041d l\u012bmenis (1%)<\/b>: aptuveni 9.0-9.5<\/p>\n<p><b>Sast\u0101vs<\/b>: virsmaakt\u012bv\u0101s vielas, glikoli <\/p>\n","protected":false},"excerpt":{"rendered":"<p>L\u012aDZEKLIS STIKLU T\u012aR\u012a\u0160ANAI \u012apa\u0161\u012bbas&#8211; Efekt\u012bvs un dro\u0161s l\u012bdzeklis gludaj\u0101m stikla virsm\u0101m un spogu\u013ciem.- Dro\u0161s apk\u0101rt\u0113jai videi, sp\u0113j\u012bgs biolo\u0123iski sadal\u012bties, nepiem\u012bt nepat\u012bkama smar\u017ea, nav aler\u0123isks un nekairina \u0101du.- Stipri koncentr\u0113ts, ekonom\u0113 izmaksas ar zemo darba \u0161\u0137\u012bduma pa\u0161izmaksu \u2013 satur efekt\u012bvus komponentus, kas saudz\u0113jo\u0161i iedarbojas uz apstr\u0101d\u0101jamo virsmu da\u017eu sekun\u017eu laik\u0101 not\u012brot to un attaukojot.- Not\u012bra tauku&#8230;<\/p>\n","protected":false},"featured_media":4545,"comment_status":"open","ping_status":"closed","template":"","meta":[],"product_brand":[337],"product_cat":[353,356,359],"product_tag":[],"class_list":{"0":"post-4544","1":"product","2":"type-product","3":"status-publish","4":"has-post-thumbnail","6":"product_brand-flore-chemie","7":"product_cat-flore-chemie-produkti","8":"product_cat-viesnicas-un-sabiedriskas-edinasanas-uznemumi","9":"product_cat-visparejie-mazgasanas-tirisanas-un-kopsanas-lidzekli","11":"first","12":"instock","13":"shipping-taxable","14":"purchasable","15":"product-type-variable","16":"has-default-attributes"},"_links":{"self":[{"href":"https:\/\/demo8.izveide.id.lv\/lv\/wp-json\/wp\/v2\/product\/4544","targetHints":{"allow":["GET"]}}],"collection":[{"href":"https:\/\/demo8.izveide.id.lv\/lv\/wp-json\/wp\/v2\/product"}],"about":[{"href":"https:\/\/demo8.izveide.id.lv\/lv\/wp-json\/wp\/v2\/types\/product"}],"replies":[{"embeddable":true,"href":"https:\/\/demo8.izveide.id.lv\/lv\/wp-json\/wp\/v2\/comments?post=4544"}],"wp:featuredmedia":[{"embeddable":true,"href":"https:\/\/demo8.izveide.id.lv\/lv\/wp-json\/wp\/v2\/media\/4545"}],"wp:attachment":[{"href":"https:\/\/demo8.izveide.id.lv\/lv\/wp-json\/wp\/v2\/media?parent=4544"}],"wp:term":[{"taxonomy":"product_brand","embeddable":true,"href":"https:\/\/demo8.izveide.id.lv\/lv\/wp-json\/wp\/v2\/product_brand?post=4544"},{"taxonomy":"product_cat","embeddable":true,"href":"https:\/\/demo8.izveide.id.lv\/lv\/wp-json\/wp\/v2\/product_cat?post=4544"},{"taxonomy":"product_tag","embeddable":true,"href":"https:\/\/demo8.izveide.id.lv\/lv\/wp-json\/wp\/v2\/product_tag?post=4544"}],"curies":[{"name":"wp","href":"https:\/\/api.w.org\/{rel}","templated":true}]}}