{"id":4465,"date":"2026-02-03T15:29:49","date_gmt":"2026-02-03T15:29:49","guid":{"rendered":"https:\/\/demo8.izveide.id.lv\/?post_type=product&#038;p=4465"},"modified":"2026-02-03T15:29:55","modified_gmt":"2026-02-03T15:29:55","slug":"flor-acryl-wischpflege-code-0142","status":"publish","type":"product","link":"https:\/\/demo8.izveide.id.lv\/lv\/products\/flor-acryl-wischpflege-code-0142\/","title":{"rendered":"Flor Acryl Wischpflege (kods 0142)"},"content":{"rendered":"<p><img decoding=\"async\" src=\"\/wp-content\/uploads\/2026\/01\/0142-PARENT_desc.jpg\"\/><\/p>\n<p><p><\/p>\n<p> <b>KOP\u0160ANAS L\u012aDZEKLIS GR\u012aD\u0100M<\/b><\/p>\n<p><b>\u012apa\u0161\u012bbas<\/b>&#8211; Stipri koncentr\u0113ts, efekt\u012bvs l\u012bdzeklis, kur\u0161 satur akril\u0101tus. <span style=\"letter-spacing: normal;\">Sadal\u0101s dab\u0101 vair\u0101k par 90%.<\/span>&#8211; Apstr\u0101d\u0101t\u0101s virsmas k\u013c\u016bst sp\u012bd\u012bg\u0101kas, bet ne slidenas.- Gr\u012bdas vislab\u0101k apstr\u0101d\u0101t l\u012bdzekli lietojot kop\u0101 ar produktu Nr.192 \u2013 Flor Acryl Super.<\/p>\n<p><b>Pielieto\u0161anas iesp\u0113jas<\/b>L\u012bdzeklis ir \u013coti efekt\u012bvs lietojot to jebkura ciet\u0101 seguma gr\u012bd\u0101m, ieskaitot akmens segumus.<b>Pielieto\u0161anas veidi un uzglab\u0101\u0161ana<\/b>L\u012bdzekli pielietot at\u0161\u0137aid\u012bt\u0101 veid\u0101, proporcij\u0101 1:10, 1:40 l\u012bdz 1:200, atkar\u012bb\u0101 no seguma pies\u0101r\u0146ojuma pak\u0101pes un v\u0113lam\u0101 efekta.<\/p>\n<p><b>Tehniskais raksturojums<\/b><\/p>\n<p><b>Fizisk\u0101 forma<\/b>: \u0161\u0137idrums<b>Bl\u012bvums (20 \u00baC)<\/b>: 1.19 g \/ ml<\/p>\n<p><b>pH l\u012bmenis<\/b>: 8<\/p>\n<p><b>Sast\u0101vs<\/b>: virsmakt\u012bv\u0101s vielas, 2-propanols <\/p>\n","protected":false},"excerpt":{"rendered":"<p>KOP\u0160ANAS L\u012aDZEKLIS GR\u012aD\u0100M \u012apa\u0161\u012bbas&#8211; Stipri koncentr\u0113ts, efekt\u012bvs l\u012bdzeklis, kur\u0161 satur akril\u0101tus. Sadal\u0101s dab\u0101 vair\u0101k par 90%.&#8211; Apstr\u0101d\u0101t\u0101s virsmas k\u013c\u016bst sp\u012bd\u012bg\u0101kas, bet ne slidenas.- Gr\u012bdas vislab\u0101k apstr\u0101d\u0101t l\u012bdzekli lietojot kop\u0101 ar produktu Nr.192 \u2013 Flor Acryl Super. Pielieto\u0161anas iesp\u0113jasL\u012bdzeklis ir \u013coti efekt\u012bvs lietojot to jebkura ciet\u0101 seguma gr\u012bd\u0101m, ieskaitot akmens segumus.Pielieto\u0161anas veidi un uzglab\u0101\u0161anaL\u012bdzekli pielietot at\u0161\u0137aid\u012bt\u0101&#8230;<\/p>\n","protected":false},"featured_media":4466,"comment_status":"open","ping_status":"closed","template":"","meta":[],"product_brand":[337],"product_cat":[353,362,356],"product_tag":[],"class_list":{"0":"post-4465","1":"product","2":"type-product","3":"status-publish","4":"has-post-thumbnail","6":"product_brand-flore-chemie","7":"product_cat-flore-chemie-produkti","8":"product_cat-gridu-un-miksto-virsmu-kopsanas-un-mazgasanas-lidzekli","9":"product_cat-viesnicas-un-sabiedriskas-edinasanas-uznemumi","11":"first","12":"instock","13":"shipping-taxable","14":"purchasable","15":"product-type-variable","16":"has-default-attributes"},"_links":{"self":[{"href":"https:\/\/demo8.izveide.id.lv\/lv\/wp-json\/wp\/v2\/product\/4465","targetHints":{"allow":["GET"]}}],"collection":[{"href":"https:\/\/demo8.izveide.id.lv\/lv\/wp-json\/wp\/v2\/product"}],"about":[{"href":"https:\/\/demo8.izveide.id.lv\/lv\/wp-json\/wp\/v2\/types\/product"}],"replies":[{"embeddable":true,"href":"https:\/\/demo8.izveide.id.lv\/lv\/wp-json\/wp\/v2\/comments?post=4465"}],"wp:featuredmedia":[{"embeddable":true,"href":"https:\/\/demo8.izveide.id.lv\/lv\/wp-json\/wp\/v2\/media\/4466"}],"wp:attachment":[{"href":"https:\/\/demo8.izveide.id.lv\/lv\/wp-json\/wp\/v2\/media?parent=4465"}],"wp:term":[{"taxonomy":"product_brand","embeddable":true,"href":"https:\/\/demo8.izveide.id.lv\/lv\/wp-json\/wp\/v2\/product_brand?post=4465"},{"taxonomy":"product_cat","embeddable":true,"href":"https:\/\/demo8.izveide.id.lv\/lv\/wp-json\/wp\/v2\/product_cat?post=4465"},{"taxonomy":"product_tag","embeddable":true,"href":"https:\/\/demo8.izveide.id.lv\/lv\/wp-json\/wp\/v2\/product_tag?post=4465"}],"curies":[{"name":"wp","href":"https:\/\/api.w.org\/{rel}","templated":true}]}}