{"id":4453,"date":"2026-02-03T15:29:46","date_gmt":"2026-02-03T15:29:46","guid":{"rendered":"https:\/\/demo8.izveide.id.lv\/?post_type=product&#038;p=4453"},"modified":"2026-02-03T15:29:55","modified_gmt":"2026-02-03T15:29:55","slug":"florin-11-code-0011","status":"publish","type":"product","link":"https:\/\/demo8.izveide.id.lv\/lv\/products\/florin-11-code-0011\/","title":{"rendered":"Florin 11 (kods 0011)"},"content":{"rendered":"<p><img decoding=\"async\" src=\"\/wp-content\/uploads\/2026\/01\/0011-PARENT_desc.jpg\"\/><\/p>\n<p><p><\/p>\n<p> <b>M\u012aKSTO SEGUMU T\u012aR\u012a\u0160ANAS \u0160AMP\u016aNS<\/b><\/p>\n<p><b>\u012apa\u0161\u012bbas<\/b>&#8211; L\u012bdzeklis ir piln\u012bgi nekait\u012bgs apk\u0101rt\u0113jai videi. <span style=\"letter-spacing: normal;\">Piln\u012bgi sadal\u0101s dab\u0101.<\/span>&#8211; Pateicoties speci\u0101lajai virsmu akt\u012bvajai vielai, kas ir l\u012bdzek\u013ca sast\u0101v\u0101, Florin 11 sp\u0113j mazg\u0101t pat \u013coti net\u012brus m\u012bkstos segumus.- Piem\u0113rots da\u017e\u0101du veidu m\u0113be\u013cu audumu t\u012br\u012b\u0161anai, tepi\u0137iem.- L\u012bdzeklis pasarg\u0101 audumus un m\u012bkstos segumus no jaunas pies\u0101r\u0146o\u0161an\u0101s.<\/p>\n<p><b>Pielieto\u0161anas iesp\u0113jas<\/b>&#8211; Viesn\u012bcas, sabiedrisk\u0101s telpas.- M\u0113be\u013cu audumu t\u012br\u012b\u0161ana.- \u016adens tipa putek\u013cus\u016bc\u0113ji.<b>Pielieto\u0161anas veidi un uzglab\u0101\u0161ana<\/b>&#8211; L\u012bdzekli pielietot at\u0161\u0137aid\u012bt\u0101 veid\u0101, proporcij\u0101 l\u012bdz 1:10, atkar\u012bb\u0101 no materi\u0101la pies\u0101r\u0146ojuma pak\u0101pes.- Pielietojams \u016bdens tipa putek\u013cus\u016bc\u0113j\u0101 jeb uzkl\u0101jot to uz att\u012br\u0101m\u0101s virsmas putu veid\u0101 un p\u0113c tam stingri ber\u017eot ar birsti jeb s\u016bkli.- P\u0113c virsmas iz\u017e\u016b\u0161anas to var v\u0113l apstr\u0101d\u0101t ar \u201eparasto\u201d putek\u013cus\u016bc\u0113ju.<\/p>\n<p><b>Tehniskais raksturojums<\/b><\/p>\n<p><b>Fizisk\u0101 forma<\/b>: \u0161\u0137idrums<b>Bl\u012bvums (20 \u00baC)<\/b>: 1.08 g\/ml<\/p>\n<p><b>pH l\u012bmenis<\/b>: 6.5 &#8211; 7.5<\/p>\n<p><b>Sast\u0101vs<\/b>: virsmakt\u012bv\u0101s vielas, poliakril\u0101ti <\/p>\n","protected":false},"excerpt":{"rendered":"<p>M\u012aKSTO SEGUMU T\u012aR\u012a\u0160ANAS \u0160AMP\u016aNS \u012apa\u0161\u012bbas&#8211; L\u012bdzeklis ir piln\u012bgi nekait\u012bgs apk\u0101rt\u0113jai videi. Piln\u012bgi sadal\u0101s dab\u0101.&#8211; Pateicoties speci\u0101lajai virsmu akt\u012bvajai vielai, kas ir l\u012bdzek\u013ca sast\u0101v\u0101, Florin 11 sp\u0113j mazg\u0101t pat \u013coti net\u012brus m\u012bkstos segumus.- Piem\u0113rots da\u017e\u0101du veidu m\u0113be\u013cu audumu t\u012br\u012b\u0161anai, tepi\u0137iem.- L\u012bdzeklis pasarg\u0101 audumus un m\u012bkstos segumus no jaunas pies\u0101r\u0146o\u0161an\u0101s. Pielieto\u0161anas iesp\u0113jas&#8211; Viesn\u012bcas, sabiedrisk\u0101s telpas.- M\u0113be\u013cu audumu&#8230;<\/p>\n","protected":false},"featured_media":4454,"comment_status":"open","ping_status":"closed","template":"","meta":[],"product_brand":[337],"product_cat":[353,362,356],"product_tag":[],"class_list":{"0":"post-4453","1":"product","2":"type-product","3":"status-publish","4":"has-post-thumbnail","6":"product_brand-flore-chemie","7":"product_cat-flore-chemie-produkti","8":"product_cat-gridu-un-miksto-virsmu-kopsanas-un-mazgasanas-lidzekli","9":"product_cat-viesnicas-un-sabiedriskas-edinasanas-uznemumi","11":"first","12":"instock","13":"shipping-taxable","14":"purchasable","15":"product-type-variable","16":"has-default-attributes"},"_links":{"self":[{"href":"https:\/\/demo8.izveide.id.lv\/lv\/wp-json\/wp\/v2\/product\/4453","targetHints":{"allow":["GET"]}}],"collection":[{"href":"https:\/\/demo8.izveide.id.lv\/lv\/wp-json\/wp\/v2\/product"}],"about":[{"href":"https:\/\/demo8.izveide.id.lv\/lv\/wp-json\/wp\/v2\/types\/product"}],"replies":[{"embeddable":true,"href":"https:\/\/demo8.izveide.id.lv\/lv\/wp-json\/wp\/v2\/comments?post=4453"}],"wp:featuredmedia":[{"embeddable":true,"href":"https:\/\/demo8.izveide.id.lv\/lv\/wp-json\/wp\/v2\/media\/4454"}],"wp:attachment":[{"href":"https:\/\/demo8.izveide.id.lv\/lv\/wp-json\/wp\/v2\/media?parent=4453"}],"wp:term":[{"taxonomy":"product_brand","embeddable":true,"href":"https:\/\/demo8.izveide.id.lv\/lv\/wp-json\/wp\/v2\/product_brand?post=4453"},{"taxonomy":"product_cat","embeddable":true,"href":"https:\/\/demo8.izveide.id.lv\/lv\/wp-json\/wp\/v2\/product_cat?post=4453"},{"taxonomy":"product_tag","embeddable":true,"href":"https:\/\/demo8.izveide.id.lv\/lv\/wp-json\/wp\/v2\/product_tag?post=4453"}],"curies":[{"name":"wp","href":"https:\/\/api.w.org\/{rel}","templated":true}]}}