{"id":4447,"date":"2026-02-03T15:29:42","date_gmt":"2026-02-03T15:29:42","guid":{"rendered":"https:\/\/demo8.izveide.id.lv\/?post_type=product&#038;p=4447"},"modified":"2026-02-03T15:29:43","modified_gmt":"2026-02-03T15:29:43","slug":"florin-fleckenloser-code-0593","status":"publish","type":"product","link":"https:\/\/demo8.izveide.id.lv\/lv\/products\/florin-fleckenloser-code-0593\/","title":{"rendered":"Florin Fleckenl\u00f6ser (kods 0593)"},"content":{"rendered":"<p><img decoding=\"async\" alt=\"0593-PARENT\" class=\"alignnone size-full wp-image-2150\" src=\"\/wp-content\/uploads\/2026\/01\/0593-PARENT_desc.jpg\" width=\"100%\" srcset=\"https:\/\/demo8.izveide.id.lv\/wp-content\/uploads\/2026\/01\/0593-PARENT_desc.jpg 480w, https:\/\/demo8.izveide.id.lv\/wp-content\/uploads\/2026\/01\/0593-PARENT_desc-300x206.jpg 300w\" sizes=\"(max-width: 480px) 100vw, 480px\" \/><\/p>\n<p><p><\/p>\n<p> <b>TRAIPU T\u012aR\u012aT\u0100JS NO PAKL\u0100JIEM<\/b><\/p>\n<p><b>\u012apa\u0161\u012bbas<\/b>&#8211; No\u0146em no pakl\u0101jiem gr\u016bti not\u012br\u0101mus traipus.- Pie\u0161\u0137ir dzi\u013ci att\u012bro\u0161u efektu gan kop\u0161an\u0101, gan pamatt\u012br\u012b\u0161an\u0101.- Atbilsto\u0161i net\u012brumu pak\u0101pei l\u012bdzekli var at\u0161\u0137aid\u012bt ar \u016bdeni proporcij\u0101 l\u012bdz 1:6.<\/p>\n<p><b>Pielieto\u0161anas iesp\u0113jas<\/b>Piem\u0113rots pakl\u0101ju, ar audumu p\u0101rkl\u0101tu virsmu, m\u012bksto m\u0113be\u013cu, automa\u0161\u012bnas salona pirmapstr\u0101dei pirms pamatt\u012br\u012b\u0161anas veik\u0161anas.Traipu no\u0146em\u0161ana:Uzsmidzin\u0101t l\u012bdzekli uz traipa un \u013caut iedarboties da\u017eas min\u016btes. P\u0113c tam traipa vietu apstr\u0101d\u0101t ar s\u016bkli. Neberz\u0113t!Pirmapstr\u0101de:- Uzsmidzin\u0101t l\u012bdzekli pirms pamatt\u012br\u012b\u0161anas uz \u013coti nosm\u0113r\u0113tas virsmas vai gr\u016bti not\u012br\u0101miem traipiem. Izvair\u012bties no darba virsmas samirk\u0161anas!- Vienm\u0113r\u012bgi uz t\u012br\u0101m\u0101s virsmas sab\u0113rt Florin DryCleaner, pamat\u012bgi apstr\u0101d\u0101t &#8211; ier\u012bv\u0113t virsmu ar asu birsti un p\u0113c 30-60 min\u016bt\u0113m sav\u0101kt izstr\u0101d\u0101to l\u012bdzekli ar putek\u013cu s\u016bc\u0113ju. L\u012bdzek\u013ca iedarb\u012bbu uz apstr\u0101d\u0101jam\u0101 materi\u0101la kr\u0101su p\u0101rbaud\u012bt neuzkr\u012bto\u0161\u0101 viet\u0101.- Uzman\u012bbu! Sarg\u0101t no b\u0113rniem. Kairina acis. Ja l\u012bdzeklis nok\u013c\u016bst ac\u012bs, skalot ar lielu \u016bdens daudzumu, neberz\u0113t.<\/p>\n<p><b>Tehniskais raksturojums<\/b><\/p>\n<p><b>Fizisk\u0101 forma<\/b>: \u0161\u0137idrums<\/p>\n<p><b>Bl\u012bvums<\/b>: 1 g \/ ml<\/p>\n<p><b>pH l\u012bmenis<\/b>: 6.5 <\/p>\n","protected":false},"excerpt":{"rendered":"<p>TRAIPU T\u012aR\u012aT\u0100JS NO PAKL\u0100JIEM \u012apa\u0161\u012bbas&#8211; No\u0146em no pakl\u0101jiem gr\u016bti not\u012br\u0101mus traipus.- Pie\u0161\u0137ir dzi\u013ci att\u012bro\u0161u efektu gan kop\u0161an\u0101, gan pamatt\u012br\u012b\u0161an\u0101.- Atbilsto\u0161i net\u012brumu pak\u0101pei l\u012bdzekli var at\u0161\u0137aid\u012bt ar \u016bdeni proporcij\u0101 l\u012bdz 1:6. Pielieto\u0161anas iesp\u0113jasPiem\u0113rots pakl\u0101ju, ar audumu p\u0101rkl\u0101tu virsmu, m\u012bksto m\u0113be\u013cu, automa\u0161\u012bnas salona pirmapstr\u0101dei pirms pamatt\u012br\u012b\u0161anas veik\u0161anas.Traipu no\u0146em\u0161ana:Uzsmidzin\u0101t l\u012bdzekli uz traipa un \u013caut iedarboties da\u017eas min\u016btes. P\u0113c&#8230;<\/p>\n","protected":false},"featured_media":4448,"comment_status":"open","ping_status":"closed","template":"","meta":[],"product_brand":[337],"product_cat":[353,362,356],"product_tag":[],"class_list":{"0":"post-4447","1":"product","2":"type-product","3":"status-publish","4":"has-post-thumbnail","6":"product_brand-flore-chemie","7":"product_cat-flore-chemie-produkti","8":"product_cat-gridu-un-miksto-virsmu-kopsanas-un-mazgasanas-lidzekli","9":"product_cat-viesnicas-un-sabiedriskas-edinasanas-uznemumi","11":"first","12":"instock","13":"shipping-taxable","14":"purchasable","15":"product-type-variable","16":"has-default-attributes"},"_links":{"self":[{"href":"https:\/\/demo8.izveide.id.lv\/lv\/wp-json\/wp\/v2\/product\/4447","targetHints":{"allow":["GET"]}}],"collection":[{"href":"https:\/\/demo8.izveide.id.lv\/lv\/wp-json\/wp\/v2\/product"}],"about":[{"href":"https:\/\/demo8.izveide.id.lv\/lv\/wp-json\/wp\/v2\/types\/product"}],"replies":[{"embeddable":true,"href":"https:\/\/demo8.izveide.id.lv\/lv\/wp-json\/wp\/v2\/comments?post=4447"}],"wp:featuredmedia":[{"embeddable":true,"href":"https:\/\/demo8.izveide.id.lv\/lv\/wp-json\/wp\/v2\/media\/4448"}],"wp:attachment":[{"href":"https:\/\/demo8.izveide.id.lv\/lv\/wp-json\/wp\/v2\/media?parent=4447"}],"wp:term":[{"taxonomy":"product_brand","embeddable":true,"href":"https:\/\/demo8.izveide.id.lv\/lv\/wp-json\/wp\/v2\/product_brand?post=4447"},{"taxonomy":"product_cat","embeddable":true,"href":"https:\/\/demo8.izveide.id.lv\/lv\/wp-json\/wp\/v2\/product_cat?post=4447"},{"taxonomy":"product_tag","embeddable":true,"href":"https:\/\/demo8.izveide.id.lv\/lv\/wp-json\/wp\/v2\/product_tag?post=4447"}],"curies":[{"name":"wp","href":"https:\/\/api.w.org\/{rel}","templated":true}]}}