{"id":4441,"date":"2026-02-03T15:29:41","date_gmt":"2026-02-03T15:29:41","guid":{"rendered":"https:\/\/demo8.izveide.id.lv\/?post_type=product&#038;p=4441"},"modified":"2026-02-03T15:29:43","modified_gmt":"2026-02-03T15:29:43","slug":"doctan-power-klar-universal-geschirrklarspuler-code-1132","status":"publish","type":"product","link":"https:\/\/demo8.izveide.id.lv\/lv\/products\/doctan-power-klar-universal-geschirrklarspuler-code-1132\/","title":{"rendered":"Doctan Power Klar Universal Geschirrklarsp\u00fcler (kods 1132)"},"content":{"rendered":"<p><img decoding=\"async\" alt=\"1132-PARENT\" class=\"alignnone size-full wp-image-2152\" src=\"\/wp-content\/uploads\/2026\/01\/1132-PARENT_desc.jpg\" width=\"100%\" srcset=\"https:\/\/demo8.izveide.id.lv\/wp-content\/uploads\/2026\/01\/1132-PARENT_desc.jpg 762w, https:\/\/demo8.izveide.id.lv\/wp-content\/uploads\/2026\/01\/1132-PARENT_desc-600x565.jpg 600w, https:\/\/demo8.izveide.id.lv\/wp-content\/uploads\/2026\/01\/1132-PARENT_desc-300x283.jpg 300w\" sizes=\"(max-width: 762px) 100vw, 762px\" \/><\/p>\n<p><p><\/p>\n<p> <b>TRAUKU SKALO\u0160ANAS L\u012aDZEKLIS TRAUKU MAZG\u0100\u0160ANAS MA\u0160\u012aN\u0100S<\/b><\/p>\n<p><b>\u012apa\u0161\u012bbas<\/b>&#8211; Koncentr\u0113ts skalot\u0101js.- \u013boti ekonomisks.- Nov\u0113r\u0161 \u0101tru trauku un trauku mazg\u0101\u0161anas ma\u0161\u012bnas nolietojumu.- No\u0146em net\u012brumus ar\u012b ciet\u0101 \u016bden\u012b.- Neputojo\u0161s.- Maksim\u0101lo efektu var sasniegt lietojot kop\u0101 ar citiem Flore-Chemie mazg\u0101\u0161anas l\u012bdzek\u013ciem.<\/p>\n<p><b>Pielieto\u0161anas iesp\u0113jas<\/b>Trauku mazg\u0101jam\u0101s ma\u0161\u012bnas, kas apr\u012bkotas ar \u0161\u0137idruma doz\u0113jo\u0161o s\u016bkni.<b>Pielieto\u0161anas veidi un uzglab\u0101\u0161ana<\/b>Koncentr\u0101cija ir atkar\u012bga no \u016bdens ciet\u012bbas pak\u0101pes:<\/p>\n<table class=\"table table-bordered\">\n<tbody>\n<tr>\n<td><span style=\"font-size: 14px; letter-spacing: normal; background-color: rgb(255, 255, 255);\">M\u012bksts \u016bdens<\/span><\/td>\n<td><span style=\"font-size: 14px; letter-spacing: normal; background-color: rgb(255, 255, 255);\">7 dH<\/span><\/td>\n<td><span style=\"font-size: 14px; letter-spacing: normal; background-color: rgb(255, 255, 255);\">3 g\/l<\/span><\/td>\n<\/tr>\n<tr>\n<td><span style=\"font-size: 14px; letter-spacing: normal; background-color: rgb(255, 255, 255);\">Vid\u0113ji ciets \u016bdens<\/span><\/td>\n<td><span style=\"font-size: 14px; letter-spacing: normal; background-color: rgb(255, 255, 255);\">14 dH<\/span><\/td>\n<td><span style=\"font-size: 14px; letter-spacing: normal; background-color: rgb(255, 255, 255);\">5 g\/l<\/span><\/td>\n<\/tr>\n<tr>\n<td><span style=\"font-size: 14px; letter-spacing: normal; background-color: rgb(255, 255, 255);\">Ciets \u016bdens<\/span><\/td>\n<td><span style=\"font-size: 14px; letter-spacing: normal; background-color: rgb(255, 255, 255);\">21dH<\/span><\/td>\n<td><span style=\"font-size: 14px; letter-spacing: normal; background-color: rgb(255, 255, 255);\">7 g\/l<\/span><\/td>\n<\/tr>\n<tr>\n<td><span style=\"font-size: 14px; letter-spacing: normal; background-color: rgb(255, 255, 255);\">\u013boti ciets \u016bdens<\/span><\/td>\n<td><span style=\"font-size: 14px; letter-spacing: normal; background-color: rgb(255, 255, 255);\">virs 21dH<\/span><\/td>\n<td><span style=\"font-size: 14px; letter-spacing: normal; background-color: rgb(255, 255, 255);\">9 g\/l<\/span><\/td>\n<\/tr>\n<\/tbody>\n<\/table>\n<p><b>Tehniskais raksturojums<\/b><\/p>\n<p><b>Fizisk\u0101 forma<\/b>: \u0161\u0137idrums<b>Bl\u012bvums(20 \u00baC)<\/b>: 1.02 g \/ ml<\/p>\n<p><b>pH l\u012bmenis<\/b>: 3<\/p>\n<p><b>Sast\u0101vs<\/b>: anjon\u0101s un nejon\u0101s virsmakt\u012bv\u0101s vielas, organisk\u0101s sk\u0101bes, spirti, \u0161\u0137\u012bdin\u0101t\u0101ji <\/p>\n","protected":false},"excerpt":{"rendered":"<p>TRAUKU SKALO\u0160ANAS L\u012aDZEKLIS TRAUKU MAZG\u0100\u0160ANAS MA\u0160\u012aN\u0100S \u012apa\u0161\u012bbas&#8211; Koncentr\u0113ts skalot\u0101js.- \u013boti ekonomisks.- Nov\u0113r\u0161 \u0101tru trauku un trauku mazg\u0101\u0161anas ma\u0161\u012bnas nolietojumu.- No\u0146em net\u012brumus ar\u012b ciet\u0101 \u016bden\u012b.- Neputojo\u0161s.- Maksim\u0101lo efektu var sasniegt lietojot kop\u0101 ar citiem Flore-Chemie mazg\u0101\u0161anas l\u012bdzek\u013ciem. Pielieto\u0161anas iesp\u0113jasTrauku mazg\u0101jam\u0101s ma\u0161\u012bnas, kas apr\u012bkotas ar \u0161\u0137idruma doz\u0113jo\u0161o s\u016bkni.Pielieto\u0161anas veidi un uzglab\u0101\u0161anaKoncentr\u0101cija ir atkar\u012bga no \u016bdens ciet\u012bbas pak\u0101pes:&#8230;<\/p>\n","protected":false},"featured_media":4442,"comment_status":"open","ping_status":"closed","template":"","meta":[],"product_brand":[337],"product_cat":[353,365,356],"product_tag":[],"class_list":{"0":"post-4441","1":"product","2":"type-product","3":"status-publish","4":"has-post-thumbnail","6":"product_brand-flore-chemie","7":"product_cat-flore-chemie-produkti","8":"product_cat-trauku-mazgasanas-lidzekli","9":"product_cat-viesnicas-un-sabiedriskas-edinasanas-uznemumi","11":"first","12":"instock","13":"shipping-taxable","14":"purchasable","15":"product-type-variable","16":"has-default-attributes"},"_links":{"self":[{"href":"https:\/\/demo8.izveide.id.lv\/lv\/wp-json\/wp\/v2\/product\/4441","targetHints":{"allow":["GET"]}}],"collection":[{"href":"https:\/\/demo8.izveide.id.lv\/lv\/wp-json\/wp\/v2\/product"}],"about":[{"href":"https:\/\/demo8.izveide.id.lv\/lv\/wp-json\/wp\/v2\/types\/product"}],"replies":[{"embeddable":true,"href":"https:\/\/demo8.izveide.id.lv\/lv\/wp-json\/wp\/v2\/comments?post=4441"}],"wp:featuredmedia":[{"embeddable":true,"href":"https:\/\/demo8.izveide.id.lv\/lv\/wp-json\/wp\/v2\/media\/4442"}],"wp:attachment":[{"href":"https:\/\/demo8.izveide.id.lv\/lv\/wp-json\/wp\/v2\/media?parent=4441"}],"wp:term":[{"taxonomy":"product_brand","embeddable":true,"href":"https:\/\/demo8.izveide.id.lv\/lv\/wp-json\/wp\/v2\/product_brand?post=4441"},{"taxonomy":"product_cat","embeddable":true,"href":"https:\/\/demo8.izveide.id.lv\/lv\/wp-json\/wp\/v2\/product_cat?post=4441"},{"taxonomy":"product_tag","embeddable":true,"href":"https:\/\/demo8.izveide.id.lv\/lv\/wp-json\/wp\/v2\/product_tag?post=4441"}],"curies":[{"name":"wp","href":"https:\/\/api.w.org\/{rel}","templated":true}]}}