{"id":4435,"date":"2026-02-03T15:29:39","date_gmt":"2026-02-03T15:29:39","guid":{"rendered":"https:\/\/demo8.izveide.id.lv\/?post_type=product&#038;p=4435"},"modified":"2026-02-03T15:29:43","modified_gmt":"2026-02-03T15:29:43","slug":"lisan-code-0055","status":"publish","type":"product","link":"https:\/\/demo8.izveide.id.lv\/lv\/products\/lisan-code-0055\/","title":{"rendered":"Lisan (kods 0055)"},"content":{"rendered":"<p><img decoding=\"async\" src=\"\/wp-content\/uploads\/2026\/01\/0055-PARENT_desc.jpg\"\/><\/p>\n<p><p><\/p>\n<p> <b>TRAUKU MAZG\u0100\u0160ANAS \u0160AMP\u016aNS<\/b><\/p>\n<p><b>\u012apa\u0161\u012bbas<\/b>&#8211; Koncentr\u0113ts trauku mazg\u0101\u0161anas \u0161amp\u016bns ar \u0101du aizsarg\u0101jo\u0161\u0101m piedev\u0101m. <span style=\"letter-spacing: normal;\">Sadal\u0101s dab\u0101 vair\u0101k par 90%.<\/span>&#8211; Piem\u0113rots trauku, virtuves iek\u0101rtu un invent\u0101ra mazg\u0101\u0161anai.- Trauki k\u013c\u016bst sp\u012bd\u012bgi bez \u017e\u0101v\u0113\u0161anas.- No\u0146em taukus, olbaltumvielas, asinis, e\u013c\u013cu, k\u0101 ar\u012b cita veida organisko pies\u0101r\u0146ojumu.- L\u012bdzeklim piem\u012bt lielisks arom\u0101ts.<\/p>\n<p><b>Pielieto\u0161anas iesp\u0113jas<\/b>&#8211; Visp\u0101r\u0113jam pielietojumam at\u0161\u0137aid\u012bt proporcij\u0101s no 1:300 l\u012bdz pat 1:500.- \u013boti net\u012bras virsmas mazg\u0101t ar l\u012bdzekli at\u0161\u0137aid\u012btu proporcij\u0101s 1:10 l\u012bdz 1:50.- Vid\u0113ja pies\u0101r\u0146ojuma virsmu mazg\u0101\u0161anai at\u0161\u0137aid\u012bt no 1:50 l\u012bdz 1:100.<b>Pielieto\u0161anas veidi un uzglab\u0101\u0161ana<\/b>&#8211; Sarg\u0101t l\u012bdzekli no sasal\u0161anas.- Nelietot trauku mazg\u0101jamaj\u0101s ma\u0161\u012bn\u0101s, jo l\u012bdzeklis stipri puto.- L\u012bdzeklim piem\u012bt ekskluz\u012bva sp\u0113ja mazg\u0101t un t\u012br\u012bt kokosriekstu e\u013c\u013cas pies\u0101r\u0146ojumu.<\/p>\n<p><b>Tehniskais raksturojums<\/b><\/p>\n<p><b>Fizisk\u0101 forma<\/b>: \u0161\u0137idrums<b>Bl\u012bvums (20 \u00baC)<\/b>: 1.02 g \/ ml<\/p>\n<p><b>pH l\u012bmenis<\/b>: 7<b>V\u0101r\u012b\u0161an\u0101s diapazons<\/b>: +100 \u00baC<\/p>\n<p><b>Sast\u0101vs<\/b>: anjon\u0101s un nejon\u0101s virsmakt\u012bv\u0101s vielas, konservanti, kr\u0101svielas un smar\u017evielas <\/p>\n","protected":false},"excerpt":{"rendered":"<p>TRAUKU MAZG\u0100\u0160ANAS \u0160AMP\u016aNS \u012apa\u0161\u012bbas&#8211; Koncentr\u0113ts trauku mazg\u0101\u0161anas \u0161amp\u016bns ar \u0101du aizsarg\u0101jo\u0161\u0101m piedev\u0101m. Sadal\u0101s dab\u0101 vair\u0101k par 90%.&#8211; Piem\u0113rots trauku, virtuves iek\u0101rtu un invent\u0101ra mazg\u0101\u0161anai.- Trauki k\u013c\u016bst sp\u012bd\u012bgi bez \u017e\u0101v\u0113\u0161anas.- No\u0146em taukus, olbaltumvielas, asinis, e\u013c\u013cu, k\u0101 ar\u012b cita veida organisko pies\u0101r\u0146ojumu.- L\u012bdzeklim piem\u012bt lielisks arom\u0101ts. Pielieto\u0161anas iesp\u0113jas&#8211; Visp\u0101r\u0113jam pielietojumam at\u0161\u0137aid\u012bt proporcij\u0101s no 1:300 l\u012bdz pat 1:500.-&#8230;<\/p>\n","protected":false},"featured_media":4436,"comment_status":"open","ping_status":"closed","template":"","meta":[],"product_brand":[337],"product_cat":[353,365,356],"product_tag":[],"class_list":{"0":"post-4435","1":"product","2":"type-product","3":"status-publish","4":"has-post-thumbnail","6":"product_brand-flore-chemie","7":"product_cat-flore-chemie-produkti","8":"product_cat-trauku-mazgasanas-lidzekli","9":"product_cat-viesnicas-un-sabiedriskas-edinasanas-uznemumi","11":"first","12":"instock","13":"shipping-taxable","14":"purchasable","15":"product-type-variable","16":"has-default-attributes"},"_links":{"self":[{"href":"https:\/\/demo8.izveide.id.lv\/lv\/wp-json\/wp\/v2\/product\/4435","targetHints":{"allow":["GET"]}}],"collection":[{"href":"https:\/\/demo8.izveide.id.lv\/lv\/wp-json\/wp\/v2\/product"}],"about":[{"href":"https:\/\/demo8.izveide.id.lv\/lv\/wp-json\/wp\/v2\/types\/product"}],"replies":[{"embeddable":true,"href":"https:\/\/demo8.izveide.id.lv\/lv\/wp-json\/wp\/v2\/comments?post=4435"}],"wp:featuredmedia":[{"embeddable":true,"href":"https:\/\/demo8.izveide.id.lv\/lv\/wp-json\/wp\/v2\/media\/4436"}],"wp:attachment":[{"href":"https:\/\/demo8.izveide.id.lv\/lv\/wp-json\/wp\/v2\/media?parent=4435"}],"wp:term":[{"taxonomy":"product_brand","embeddable":true,"href":"https:\/\/demo8.izveide.id.lv\/lv\/wp-json\/wp\/v2\/product_brand?post=4435"},{"taxonomy":"product_cat","embeddable":true,"href":"https:\/\/demo8.izveide.id.lv\/lv\/wp-json\/wp\/v2\/product_cat?post=4435"},{"taxonomy":"product_tag","embeddable":true,"href":"https:\/\/demo8.izveide.id.lv\/lv\/wp-json\/wp\/v2\/product_tag?post=4435"}],"curies":[{"name":"wp","href":"https:\/\/api.w.org\/{rel}","templated":true}]}}