{"id":4428,"date":"2026-02-03T15:29:38","date_gmt":"2026-02-03T15:29:38","guid":{"rendered":"https:\/\/demo8.izveide.id.lv\/?post_type=product&#038;p=4428"},"modified":"2026-02-03T15:29:38","modified_gmt":"2026-02-03T15:29:38","slug":"florin-dry-cleaner-granulat-code-0592","status":"publish","type":"product","link":"https:\/\/demo8.izveide.id.lv\/lv\/products\/florin-dry-cleaner-granulat-code-0592\/","title":{"rendered":"Florin Dry Cleaner Granulat (kods 0592)"},"content":{"rendered":"<p><img decoding=\"async\" alt=\"0592-PARENT\" class=\"alignnone size-full wp-image-2149\" src=\"\/wp-content\/uploads\/2026\/01\/0592-PARENT_desc.jpg\" width=\"100%\" srcset=\"https:\/\/demo8.izveide.id.lv\/wp-content\/uploads\/2026\/01\/0592-PARENT_desc.jpg 957w, https:\/\/demo8.izveide.id.lv\/wp-content\/uploads\/2026\/01\/0592-PARENT_desc-600x450.jpg 600w, https:\/\/demo8.izveide.id.lv\/wp-content\/uploads\/2026\/01\/0592-PARENT_desc-300x225.jpg 300w\" sizes=\"(max-width: 957px) 100vw, 957px\" \/><\/p>\n<p><p><\/p>\n<p> <b>PAKL\u0100JU SAUS\u0100S \u0136\u012aMISK\u0100S T\u012aR\u012a\u0160ANAS L\u012aDZEKLIS<\/b><b>\u012apa\u0161\u012bbas<\/b>&#8211; L\u012bdzeklis ir piln\u012bgi nekait\u012bgs apk\u0101rt\u0113jai videi, biolo\u0123iski sadal\u0101s dab\u0101 piln\u012bb\u0101.- Str\u0101d\u0101jot ar l\u012bdzekli nav j\u0101raiz\u0113jas par \u016bdens \u0161\u0137\u012bduma traipiem.- L\u012bdzeklis pasarg\u0101 apstr\u0101d\u0101to virsmu no atk\u0101rtota pies\u0101r\u0146ojuma.- Izmantojot l\u012bdzekli var \u013coti \u0101tri not\u012br\u012bt m\u012bkst\u0101 gr\u012bdas seguma net\u012br\u0101k\u0101s vietas pie ieej\u0101m un intens\u012bv\u0101k noslogotaj\u0101s viet\u0101s.- Nav j\u0101gaida kam\u0113r apstr\u0101d\u0101t\u0101 virsma no\u017e\u016bs.<b>Pielieto\u0161anas iesp\u0113jas<\/b>Higi\u0113niska un sausa gr\u012bdas m\u012bksto segumu t\u012br\u012b\u0161ana.<b>Pielieto\u0161anas veidi un uzglab\u0101\u0161ana<\/b>&#8211; Pulveri izb\u0101rst\u012bt uz apstr\u0101d\u0101jam\u0101s m\u012bkst\u0101 seguma virsmas: 1 kg apm\u0113ram uz 14 \u2013 20 kvadr\u0101tmetriem. Apstr\u0101d\u0101t virsmu ar cietu birsti.- \u012apa\u0161i smagos gad\u012bjumos t\u012br\u0101mo virsmu vispirms apstr\u0101d\u0101t ar l\u012bdzekli Florin Fleckenloser.- P\u0113c 30 \u2013 60 min\u016bt\u0113m net\u012bro pulveri var sav\u0101kt un virsmu apstr\u0101d\u0101t ar putek\u013cu suc\u0113ju.- Uzglab\u0101t b\u0113rniem nepieejam\u0101 viet\u0101, p\u0113c darba k\u0101rt\u012bgi mazg\u0101t rokas, iepakojumu uzglab\u0101t cie\u0161i aizv\u0113rtu.<b>Tehniskais raksturojums<\/b><b>Fizisk\u0101 forma<\/b>: pulveris<b>pH l\u012bmenis<\/b>: 6<b>Sast\u0101vs<\/b>: virsmaktiv\u0101s vielas, isopropanols, dab\u012bgais balasts, aromatizatori <\/p>\n","protected":false},"excerpt":{"rendered":"<p>PAKL\u0100JU SAUS\u0100S \u0136\u012aMISK\u0100S T\u012aR\u012a\u0160ANAS L\u012aDZEKLIS\u012apa\u0161\u012bbas&#8211; L\u012bdzeklis ir piln\u012bgi nekait\u012bgs apk\u0101rt\u0113jai videi, biolo\u0123iski sadal\u0101s dab\u0101 piln\u012bb\u0101.- Str\u0101d\u0101jot ar l\u012bdzekli nav j\u0101raiz\u0113jas par \u016bdens \u0161\u0137\u012bduma traipiem.- L\u012bdzeklis pasarg\u0101 apstr\u0101d\u0101to virsmu no atk\u0101rtota pies\u0101r\u0146ojuma.- Izmantojot l\u012bdzekli var \u013coti \u0101tri not\u012br\u012bt m\u012bkst\u0101 gr\u012bdas seguma net\u012br\u0101k\u0101s vietas pie ieej\u0101m un intens\u012bv\u0101k noslogotaj\u0101s viet\u0101s.- Nav j\u0101gaida kam\u0113r apstr\u0101d\u0101t\u0101 virsma no\u017e\u016bs.Pielieto\u0161anas iesp\u0113jasHigi\u0113niska&#8230;<\/p>\n","protected":false},"featured_media":4429,"comment_status":"open","ping_status":"closed","template":"","meta":[],"product_brand":[337],"product_cat":[353,362,356],"product_tag":[],"class_list":{"0":"post-4428","1":"product","2":"type-product","3":"status-publish","4":"has-post-thumbnail","6":"product_brand-flore-chemie","7":"product_cat-flore-chemie-produkti","8":"product_cat-gridu-un-miksto-virsmu-kopsanas-un-mazgasanas-lidzekli","9":"product_cat-viesnicas-un-sabiedriskas-edinasanas-uznemumi","11":"first","12":"instock","13":"shipping-taxable","14":"purchasable","15":"product-type-simple"},"_links":{"self":[{"href":"https:\/\/demo8.izveide.id.lv\/lv\/wp-json\/wp\/v2\/product\/4428","targetHints":{"allow":["GET"]}}],"collection":[{"href":"https:\/\/demo8.izveide.id.lv\/lv\/wp-json\/wp\/v2\/product"}],"about":[{"href":"https:\/\/demo8.izveide.id.lv\/lv\/wp-json\/wp\/v2\/types\/product"}],"replies":[{"embeddable":true,"href":"https:\/\/demo8.izveide.id.lv\/lv\/wp-json\/wp\/v2\/comments?post=4428"}],"wp:featuredmedia":[{"embeddable":true,"href":"https:\/\/demo8.izveide.id.lv\/lv\/wp-json\/wp\/v2\/media\/4429"}],"wp:attachment":[{"href":"https:\/\/demo8.izveide.id.lv\/lv\/wp-json\/wp\/v2\/media?parent=4428"}],"wp:term":[{"taxonomy":"product_brand","embeddable":true,"href":"https:\/\/demo8.izveide.id.lv\/lv\/wp-json\/wp\/v2\/product_brand?post=4428"},{"taxonomy":"product_cat","embeddable":true,"href":"https:\/\/demo8.izveide.id.lv\/lv\/wp-json\/wp\/v2\/product_cat?post=4428"},{"taxonomy":"product_tag","embeddable":true,"href":"https:\/\/demo8.izveide.id.lv\/lv\/wp-json\/wp\/v2\/product_tag?post=4428"}],"curies":[{"name":"wp","href":"https:\/\/api.w.org\/{rel}","templated":true}]}}