{"id":4401,"date":"2026-02-03T15:29:29","date_gmt":"2026-02-03T15:29:29","guid":{"rendered":"https:\/\/demo8.izveide.id.lv\/?post_type=product&#038;p=4401"},"modified":"2026-02-03T15:29:31","modified_gmt":"2026-02-03T15:29:31","slug":"flusan-perlmutt-code-0193","status":"publish","type":"product","link":"https:\/\/demo8.izveide.id.lv\/lv\/products\/flusan-perlmutt-code-0193\/","title":{"rendered":"Fl\u00fcsan Perlmutt (kods 0193)"},"content":{"rendered":"<p><img decoding=\"async\" src=\"\/wp-content\/uploads\/2026\/01\/0193-PARENT_desc.jpg\"\/><\/p>\n<p><p><\/p>\n<p> <b>KONCENTR\u0112TAS, \u0100DU M\u012aKSTINO\u0160AS KR\u0112MZIEPES<\/b><\/p>\n<p><b>\u012apa\u0161\u012bbas<\/b>&#8211; M\u012bkstino\u0161s du\u0161as \u0161amp\u016bns-kr\u0113ms ar optim\u0101lu komponentu saturu.- Sp\u0113j dzi\u013ci atv\u0113rt un izt\u012br\u012bt \u0101das poras.- \u013boti pat\u012bkama smar\u017ea.- Dziedniecisks efekts.- Kl\u012bniski p\u0101rbaud\u012bts.<\/p>\n<p><b>Pielieto\u0161anas iesp\u0113jas<\/b>Piem\u0113rojams \u0137erme\u0146a \u0101das kop\u0161anai.<b>Pielieto\u0161ana<\/b>&#8211; Neliel\u0101 daudzum\u0101 uzkl\u0101t uz samitrin\u0101ta \u0137erme\u0146a \u0101das, p\u0113c tam noskalot ar \u016bdeni.- \u0112rt\u0101kai lieto\u0161anai rekomend\u0113jam speci\u0101lo dozatoru.<\/p>\n<p><b>Tehniskais raksturojums<\/b><\/p>\n<p><b>Fizisk\u0101 forma<\/b>: viskozs \u0161\u0137idrums<b>Bl\u012bvums(20 \u00baC)<\/b>: aptuveni 1.05 g \/ ml<b>pH l\u012bmenis (10% \u0161\u0137idrums)<\/b>: 5.8 &#8211; 6.6<b>Viskozit\u0101te (20 \u00baC)<\/b>: aptuveni 430 Mgpa*c<b>Sast\u0101vs p\u0113c INCI<\/b>: \u016bdens, soda, pal\u012bgvielas, smar\u017evielas <\/p>\n","protected":false},"excerpt":{"rendered":"<p>KONCENTR\u0112TAS, \u0100DU M\u012aKSTINO\u0160AS KR\u0112MZIEPES \u012apa\u0161\u012bbas&#8211; M\u012bkstino\u0161s du\u0161as \u0161amp\u016bns-kr\u0113ms ar optim\u0101lu komponentu saturu.- Sp\u0113j dzi\u013ci atv\u0113rt un izt\u012br\u012bt \u0101das poras.- \u013boti pat\u012bkama smar\u017ea.- Dziedniecisks efekts.- Kl\u012bniski p\u0101rbaud\u012bts. Pielieto\u0161anas iesp\u0113jasPiem\u0113rojams \u0137erme\u0146a \u0101das kop\u0161anai.Pielieto\u0161ana&#8211; Neliel\u0101 daudzum\u0101 uzkl\u0101t uz samitrin\u0101ta \u0137erme\u0146a \u0101das, p\u0113c tam noskalot ar \u016bdeni.- \u0112rt\u0101kai lieto\u0161anai rekomend\u0113jam speci\u0101lo dozatoru. Tehniskais raksturojums Fizisk\u0101 forma: viskozs \u0161\u0137idrumsBl\u012bvums(20 \u00baC):&#8230;<\/p>\n","protected":false},"featured_media":4402,"comment_status":"open","ping_status":"closed","template":"","meta":[],"product_brand":[337],"product_cat":[353,371,356],"product_tag":[],"class_list":{"0":"post-4401","1":"product","2":"type-product","3":"status-publish","4":"has-post-thumbnail","6":"product_brand-flore-chemie","7":"product_cat-flore-chemie-produkti","8":"product_cat-roku-un-kermena-mazgasanas-aizsardzibas-un-kopsanas-lidzekli","9":"product_cat-viesnicas-un-sabiedriskas-edinasanas-uznemumi","11":"first","12":"instock","13":"shipping-taxable","14":"purchasable","15":"product-type-variable","16":"has-default-attributes"},"_links":{"self":[{"href":"https:\/\/demo8.izveide.id.lv\/lv\/wp-json\/wp\/v2\/product\/4401","targetHints":{"allow":["GET"]}}],"collection":[{"href":"https:\/\/demo8.izveide.id.lv\/lv\/wp-json\/wp\/v2\/product"}],"about":[{"href":"https:\/\/demo8.izveide.id.lv\/lv\/wp-json\/wp\/v2\/types\/product"}],"replies":[{"embeddable":true,"href":"https:\/\/demo8.izveide.id.lv\/lv\/wp-json\/wp\/v2\/comments?post=4401"}],"wp:featuredmedia":[{"embeddable":true,"href":"https:\/\/demo8.izveide.id.lv\/lv\/wp-json\/wp\/v2\/media\/4402"}],"wp:attachment":[{"href":"https:\/\/demo8.izveide.id.lv\/lv\/wp-json\/wp\/v2\/media?parent=4401"}],"wp:term":[{"taxonomy":"product_brand","embeddable":true,"href":"https:\/\/demo8.izveide.id.lv\/lv\/wp-json\/wp\/v2\/product_brand?post=4401"},{"taxonomy":"product_cat","embeddable":true,"href":"https:\/\/demo8.izveide.id.lv\/lv\/wp-json\/wp\/v2\/product_cat?post=4401"},{"taxonomy":"product_tag","embeddable":true,"href":"https:\/\/demo8.izveide.id.lv\/lv\/wp-json\/wp\/v2\/product_tag?post=4401"}],"curies":[{"name":"wp","href":"https:\/\/api.w.org\/{rel}","templated":true}]}}