{"id":4397,"date":"2026-02-03T15:29:28","date_gmt":"2026-02-03T15:29:28","guid":{"rendered":"https:\/\/demo8.izveide.id.lv\/?post_type=product&#038;p=4397"},"modified":"2026-02-03T15:29:31","modified_gmt":"2026-02-03T15:29:31","slug":"florin-hautpflege-liquid-code-0506","status":"publish","type":"product","link":"https:\/\/demo8.izveide.id.lv\/lv\/products\/florin-hautpflege-liquid-code-0506\/","title":{"rendered":"Florin Hautpflege Liquid (kods 0506)"},"content":{"rendered":"<p><img decoding=\"async\" src=\"\/wp-content\/uploads\/2026\/01\/0506-PARENT_desc.jpg\"\/><\/p>\n<p><p><\/p>\n<p> <b>MAIGS, KOPJO\u0160S, MITRINO\u0160S KR\u0112MS AR \u0100DU AIZSARG\u0100JO\u0160\u0100M SAST\u0100VDA\u013b\u0100M<\/b><\/p>\n<p><b>\u012apa\u0161\u012bbas<\/b>&#8211; Univers\u0101la izmantojuma kr\u0113ms ar revitaliz\u0113jo\u0161\u0101m, \u0101du aizsarg\u0101jo\u0161\u0101m un kopjo\u0161\u0101m sast\u0101vda\u013c\u0101m.- Saglab\u0101 mitrumu un nomierina \u0101du p\u0113c kairin\u0101jumiem.- Kopj un aizsarg\u0101 \u0101du p\u0113c saskares ar e\u013c\u013c\u0101m, urb\u0161anas un grie\u0161anas emulsij\u0101m, dezinfekcijas l\u012bdzek\u013ciem, sk\u0101b\u0113m, s\u0101rmiem, attaukot\u0101jiem, kr\u0101su un laku no\u0146\u0113m\u0113jiem, cementu, ka\u013c\u0137i utt.- Speci\u0101las papildvielas regul\u0113 \u0101das mitruma l\u012bmeni.<\/p>\n<p><b>Pielieto\u0161anas iesp\u0113jas<\/b>&#8211; \u012apa\u0161i piem\u0113rots profesion\u0101l\u0101 un industri\u0101l\u0101 jom\u0101.- \u0100das kop\u0161ana p\u0113c sp\u0113c\u012bgiem kairin\u0101jumiem.- Izmantojams k\u0101 \u0101das aizsardz\u012bbas papildl\u012bdzeklis p\u0113c darba.- Piem\u0113rots ar\u012b k\u0101 kopjo\u0161s losjons p\u0113c du\u0161as.<b>Pielieto\u0161anas veidi un uzglab\u0101\u0161ana<\/b>P\u0113c darba vai roku mazg\u0101\u0161anas ieziest rokas vai citas kairin\u0101tas \u0137erme\u0146a \u0101das da\u013cas ar nelielu kr\u0113ma daudzumu un \u013caut tam ies\u016bkties.<\/p>\n<p><b>Tehniskais raksturojums<\/b><\/p>\n<p><b>Fizisk\u0101 forma<\/b>: kr\u0113ms<b>Bl\u012bvums (20 \u00baC)<\/b>: 1.0 g \/ ml<b>pH l\u012bmenis (1%)<\/b>: 6.5<\/p>\n<p><b>Sast\u0101vs<\/b>: \u016bdens, izopropila mirist\u0101ts, \u0161\u0137idrais paraf\u012bns, propil\u0113nglikols, stearilalkohols, glicerila stear\u0101ts, ur\u012bnviela, cetear\u0113ts-6, cetear\u0113ts-25, pantenols, smar\u017eviela, benzilalkohols, 2-bromo-2-nitroprop\u0101ns, jodopropinila butilkarbam\u0101ts, PPG-2 metil\u0113teris, decets-8, n\u0101trija benzo\u0101ts <\/p>\n","protected":false},"excerpt":{"rendered":"<p>MAIGS, KOPJO\u0160S, MITRINO\u0160S KR\u0112MS AR \u0100DU AIZSARG\u0100JO\u0160\u0100M SAST\u0100VDA\u013b\u0100M \u012apa\u0161\u012bbas&#8211; Univers\u0101la izmantojuma kr\u0113ms ar revitaliz\u0113jo\u0161\u0101m, \u0101du aizsarg\u0101jo\u0161\u0101m un kopjo\u0161\u0101m sast\u0101vda\u013c\u0101m.- Saglab\u0101 mitrumu un nomierina \u0101du p\u0113c kairin\u0101jumiem.- Kopj un aizsarg\u0101 \u0101du p\u0113c saskares ar e\u013c\u013c\u0101m, urb\u0161anas un grie\u0161anas emulsij\u0101m, dezinfekcijas l\u012bdzek\u013ciem, sk\u0101b\u0113m, s\u0101rmiem, attaukot\u0101jiem, kr\u0101su un laku no\u0146\u0113m\u0113jiem, cementu, ka\u013c\u0137i utt.- Speci\u0101las papildvielas regul\u0113 \u0101das mitruma&#8230;<\/p>\n","protected":false},"featured_media":4398,"comment_status":"open","ping_status":"closed","template":"","meta":[],"product_brand":[337],"product_cat":[353,371,356],"product_tag":[],"class_list":{"0":"post-4397","1":"product","2":"type-product","3":"status-publish","4":"has-post-thumbnail","6":"product_brand-flore-chemie","7":"product_cat-flore-chemie-produkti","8":"product_cat-roku-un-kermena-mazgasanas-aizsardzibas-un-kopsanas-lidzekli","9":"product_cat-viesnicas-un-sabiedriskas-edinasanas-uznemumi","11":"first","12":"instock","13":"shipping-taxable","14":"purchasable","15":"product-type-variable","16":"has-default-attributes"},"_links":{"self":[{"href":"https:\/\/demo8.izveide.id.lv\/lv\/wp-json\/wp\/v2\/product\/4397","targetHints":{"allow":["GET"]}}],"collection":[{"href":"https:\/\/demo8.izveide.id.lv\/lv\/wp-json\/wp\/v2\/product"}],"about":[{"href":"https:\/\/demo8.izveide.id.lv\/lv\/wp-json\/wp\/v2\/types\/product"}],"replies":[{"embeddable":true,"href":"https:\/\/demo8.izveide.id.lv\/lv\/wp-json\/wp\/v2\/comments?post=4397"}],"wp:featuredmedia":[{"embeddable":true,"href":"https:\/\/demo8.izveide.id.lv\/lv\/wp-json\/wp\/v2\/media\/4398"}],"wp:attachment":[{"href":"https:\/\/demo8.izveide.id.lv\/lv\/wp-json\/wp\/v2\/media?parent=4397"}],"wp:term":[{"taxonomy":"product_brand","embeddable":true,"href":"https:\/\/demo8.izveide.id.lv\/lv\/wp-json\/wp\/v2\/product_brand?post=4397"},{"taxonomy":"product_cat","embeddable":true,"href":"https:\/\/demo8.izveide.id.lv\/lv\/wp-json\/wp\/v2\/product_cat?post=4397"},{"taxonomy":"product_tag","embeddable":true,"href":"https:\/\/demo8.izveide.id.lv\/lv\/wp-json\/wp\/v2\/product_tag?post=4397"}],"curies":[{"name":"wp","href":"https:\/\/api.w.org\/{rel}","templated":true}]}}