{"id":4391,"date":"2026-02-03T15:29:27","date_gmt":"2026-02-03T15:29:27","guid":{"rendered":"https:\/\/demo8.izveide.id.lv\/?post_type=product&#038;p=4391"},"modified":"2026-02-03T15:29:27","modified_gmt":"2026-02-03T15:29:27","slug":"perfekt-code-0152","status":"publish","type":"product","link":"https:\/\/demo8.izveide.id.lv\/lv\/products\/perfekt-code-0152\/","title":{"rendered":"Perfekt (kods 0152)"},"content":{"rendered":"<p><img decoding=\"async\" alt=\"0152-PARENT\" class=\"alignnone size-full wp-image-2140\" src=\"\/wp-content\/uploads\/2026\/01\/0152-PARENT_desc.jpg\" width=\"100%\" srcset=\"https:\/\/demo8.izveide.id.lv\/wp-content\/uploads\/2026\/01\/0152-PARENT_desc.jpg 958w, https:\/\/demo8.izveide.id.lv\/wp-content\/uploads\/2026\/01\/0152-PARENT_desc-600x433.jpg 600w, https:\/\/demo8.izveide.id.lv\/wp-content\/uploads\/2026\/01\/0152-PARENT_desc-300x217.jpg 300w\" sizes=\"(max-width: 958px) 100vw, 958px\" \/><\/p>\n<p><p><\/p>\n<p> <b>KR\u0112MVEIDA PASTA ROKU MAZG\u0100\u0160ANAI<\/b><\/p>\n<p><b>\u012apa\u0161\u012bbas<\/b>&#8211; Efekt\u012bvi t\u012bra roku \u0101du no e\u013c\u013cas, taukiem, sodr\u0113jiem, tintes un kr\u0101sas traipiem.- Satur lanol\u012bnu un citas roku \u0101du aizsarg\u0101jo\u0161as un barojo\u0161as vielas.- Nesatur abraz\u012bv\u0101s smilts da\u013ci\u0146as, bet sapres\u0113tus produkta &#8220;asumi\u0146us&#8221;, kas p\u0113c laika iz\u0161\u0137\u012bst \u016bden\u012b &#8211; t\u0101tad netraum\u0113 \u0101du un neaizs\u0101r\u0146o kanaliz\u0101cijas caurules.- L\u012bdzeklim piem\u012bt pat\u012bkama, svaiga smar\u017ea.<\/p>\n<p><b>Pielieto\u0161anas iesp\u0113jas<\/b>&#8211; Darbn\u012bcas, servisi, noliktavas.- Tipogr\u0101fijas.- Viesn\u012bcas.- Slimn\u012bcas, pansion\u0101ti.- D\u0101rzniec\u012bbas un m\u0101jsaimniec\u012bbas darbi.- Lauksaimniec\u012bba, lopkop\u012bba u.c.<b>Pielieto\u0161anas veidi un uzglab\u0101\u0161ana<\/b>Uz sausas \u0101das uzkl\u0101t 0,5 cm\u00b3 l\u012bdzek\u013ca un k\u0101rt\u012bgi ier\u012bv\u0113t. P\u0113c net\u012brumu iz\u0161\u0137\u012b\u0161anas rokas noslauc\u012bt ar dr\u0101nu, salveti, vai noskalot ar \u016bdeni. <\/p>\n<p><b>Tehniskais raksturojums<\/b><\/p>\n<p><b>Fizisk\u0101 forma<\/b>: kr\u0113mveida \u0161\u0137idrums<b>Bl\u012bvums (20 \u00baC)<\/b>: 1.0 g\/ml, 0.82 g \/ ml<\/p>\n<p><b>pH l\u012bmenis<\/b>: 6.7 \u2013 7<b>Viskozit\u0101te<\/b>: 4.00 MgPa*\u0441 <\/p>\n","protected":false},"excerpt":{"rendered":"<p>KR\u0112MVEIDA PASTA ROKU MAZG\u0100\u0160ANAI \u012apa\u0161\u012bbas&#8211; Efekt\u012bvi t\u012bra roku \u0101du no e\u013c\u013cas, taukiem, sodr\u0113jiem, tintes un kr\u0101sas traipiem.- Satur lanol\u012bnu un citas roku \u0101du aizsarg\u0101jo\u0161as un barojo\u0161as vielas.- Nesatur abraz\u012bv\u0101s smilts da\u013ci\u0146as, bet sapres\u0113tus produkta &#8220;asumi\u0146us&#8221;, kas p\u0113c laika iz\u0161\u0137\u012bst \u016bden\u012b &#8211; t\u0101tad netraum\u0113 \u0101du un neaizs\u0101r\u0146o kanaliz\u0101cijas caurules.- L\u012bdzeklim piem\u012bt pat\u012bkama, svaiga smar\u017ea. Pielieto\u0161anas iesp\u0113jas&#8211;&#8230;<\/p>\n","protected":false},"featured_media":4392,"comment_status":"open","ping_status":"closed","template":"","meta":[],"product_brand":[337],"product_cat":[353,371,356],"product_tag":[],"class_list":{"0":"post-4391","1":"product","2":"type-product","3":"status-publish","4":"has-post-thumbnail","6":"product_brand-flore-chemie","7":"product_cat-flore-chemie-produkti","8":"product_cat-roku-un-kermena-mazgasanas-aizsardzibas-un-kopsanas-lidzekli","9":"product_cat-viesnicas-un-sabiedriskas-edinasanas-uznemumi","11":"first","12":"instock","13":"shipping-taxable","14":"purchasable","15":"product-type-simple"},"_links":{"self":[{"href":"https:\/\/demo8.izveide.id.lv\/lv\/wp-json\/wp\/v2\/product\/4391","targetHints":{"allow":["GET"]}}],"collection":[{"href":"https:\/\/demo8.izveide.id.lv\/lv\/wp-json\/wp\/v2\/product"}],"about":[{"href":"https:\/\/demo8.izveide.id.lv\/lv\/wp-json\/wp\/v2\/types\/product"}],"replies":[{"embeddable":true,"href":"https:\/\/demo8.izveide.id.lv\/lv\/wp-json\/wp\/v2\/comments?post=4391"}],"wp:featuredmedia":[{"embeddable":true,"href":"https:\/\/demo8.izveide.id.lv\/lv\/wp-json\/wp\/v2\/media\/4392"}],"wp:attachment":[{"href":"https:\/\/demo8.izveide.id.lv\/lv\/wp-json\/wp\/v2\/media?parent=4391"}],"wp:term":[{"taxonomy":"product_brand","embeddable":true,"href":"https:\/\/demo8.izveide.id.lv\/lv\/wp-json\/wp\/v2\/product_brand?post=4391"},{"taxonomy":"product_cat","embeddable":true,"href":"https:\/\/demo8.izveide.id.lv\/lv\/wp-json\/wp\/v2\/product_cat?post=4391"},{"taxonomy":"product_tag","embeddable":true,"href":"https:\/\/demo8.izveide.id.lv\/lv\/wp-json\/wp\/v2\/product_tag?post=4391"}],"curies":[{"name":"wp","href":"https:\/\/api.w.org\/{rel}","templated":true}]}}