{"id":4348,"date":"2026-02-03T15:29:15","date_gmt":"2026-02-03T15:29:15","guid":{"rendered":"https:\/\/demo8.izveide.id.lv\/?post_type=product&#038;p=4348"},"modified":"2026-02-03T15:29:19","modified_gmt":"2026-02-03T15:29:19","slug":"flamil-ew-code-0090","status":"publish","type":"product","link":"https:\/\/demo8.izveide.id.lv\/lv\/products\/flamil-ew-code-0090\/","title":{"rendered":"Flamil EW (kods 0090)"},"content":{"rendered":"<p><img decoding=\"async\" src=\"\/wp-content\/uploads\/2026\/01\/0090-PARENT_desc.jpg\"\/><\/p>\n<p><p><\/p>\n<p> <b>L\u012aDZEKLIS AUTO VASKA UN KONSERV\u0100CIJAS VASKA NO\u0145EM\u0160ANAI<\/b><\/p>\n<p><b>\u012apa\u0161\u012bbas<\/b>&#8211; Biolo\u0123iski sadal\u0101s dab\u0101.- Veidots uz sopolim\u0113ru b\u0101zes.- \u016aden\u012b \u0161\u0137\u012bsto\u0161s, ugunsdro\u0161s, nav nepat\u012bkamas smakas.- \u201eNesa\u0113d\u201d lakotas virsmas, absol\u016bti dro\u0161s roku \u0101dai.- Atst\u0101j t\u012bru virsmu.- Nav nepiecie\u0161ama v\u0113l\u0101ka pul\u0113\u0161ana.- Ekonom\u0113 laiku.<\/p>\n<p><b>Pielieto\u0161anas iesp\u0113jas<\/b>Auto r\u016bpniec\u012bba un tirdzniec\u012bba.<b>Pielieto\u0161ana<\/b>&#8211; At\u0161\u0137aid\u012bt ar \u016bdeni attiec\u012bb\u0101s no 1:10 l\u012bdz 1:20.- Vienm\u0113r\u012bgi uzsmidzin\u0101t \/ uzkl\u0101t uz virsmas s\u0101kot no jumta.- Nogaid\u012bt 5 &#8211; 10 min\u016btes ne\u013caujot prepar\u0101tam iz\u017e\u016bt.- Konserv\u0113jo\u0161o vasku no\u0146em\u0161anai nepiecie\u0161am\u012bbas gad\u012bjum\u0101 apstr\u0101d\u0101t virsmu v\u0113lreiz.- Iz\u0161\u0137\u012bdin\u0101to vasku nomazg\u0101t ar \u016bdens str\u016bklu un s\u016bkli.- Noslauc\u012bt virsmu sausu.<\/p>\n<p><b>Tehniskais raksturojums<\/b><\/p>\n<p><b>Fizisk\u0101 forma<\/b>: \u0161\u0137idrums<b>Bl\u012bvums (20 \u00b0\u0421)<\/b>: 1.035 g \/ ml<b>p\u041d l\u012bmenis<\/b>: 13.3<\/p>\n<p><b>Sast\u0101vs<\/b>: nejonie tens\u012bdi, fosf\u0101ti, s\u0101rmi, \u0161\u0137\u012bdin\u0101t\u0101ji, antimikrob\u0101s vielas, aromatizatori <\/p>\n","protected":false},"excerpt":{"rendered":"<p>L\u012aDZEKLIS AUTO VASKA UN KONSERV\u0100CIJAS VASKA NO\u0145EM\u0160ANAI \u012apa\u0161\u012bbas&#8211; Biolo\u0123iski sadal\u0101s dab\u0101.- Veidots uz sopolim\u0113ru b\u0101zes.- \u016aden\u012b \u0161\u0137\u012bsto\u0161s, ugunsdro\u0161s, nav nepat\u012bkamas smakas.- \u201eNesa\u0113d\u201d lakotas virsmas, absol\u016bti dro\u0161s roku \u0101dai.- Atst\u0101j t\u012bru virsmu.- Nav nepiecie\u0161ama v\u0113l\u0101ka pul\u0113\u0161ana.- Ekonom\u0113 laiku. Pielieto\u0161anas iesp\u0113jasAuto r\u016bpniec\u012bba un tirdzniec\u012bba.Pielieto\u0161ana&#8211; At\u0161\u0137aid\u012bt ar \u016bdeni attiec\u012bb\u0101s no 1:10 l\u012bdz 1:20.- Vienm\u0113r\u012bgi uzsmidzin\u0101t \/ uzkl\u0101t uz&#8230;<\/p>\n","protected":false},"featured_media":4349,"comment_status":"open","ping_status":"closed","template":"","meta":[],"product_brand":[337],"product_cat":[380,353,377],"product_tag":[],"class_list":{"0":"post-4348","1":"product","2":"type-product","3":"status-publish","4":"has-post-thumbnail","6":"product_brand-flore-chemie","7":"product_cat-autotehnikas-mazgasanas-tirisanas-un-kopsanas-lidzekli","8":"product_cat-flore-chemie-produkti","9":"product_cat-industrija-masinbuve-elektroiekartas","11":"first","12":"instock","13":"shipping-taxable","14":"purchasable","15":"product-type-variable","16":"has-default-attributes"},"_links":{"self":[{"href":"https:\/\/demo8.izveide.id.lv\/lv\/wp-json\/wp\/v2\/product\/4348","targetHints":{"allow":["GET"]}}],"collection":[{"href":"https:\/\/demo8.izveide.id.lv\/lv\/wp-json\/wp\/v2\/product"}],"about":[{"href":"https:\/\/demo8.izveide.id.lv\/lv\/wp-json\/wp\/v2\/types\/product"}],"replies":[{"embeddable":true,"href":"https:\/\/demo8.izveide.id.lv\/lv\/wp-json\/wp\/v2\/comments?post=4348"}],"wp:featuredmedia":[{"embeddable":true,"href":"https:\/\/demo8.izveide.id.lv\/lv\/wp-json\/wp\/v2\/media\/4349"}],"wp:attachment":[{"href":"https:\/\/demo8.izveide.id.lv\/lv\/wp-json\/wp\/v2\/media?parent=4348"}],"wp:term":[{"taxonomy":"product_brand","embeddable":true,"href":"https:\/\/demo8.izveide.id.lv\/lv\/wp-json\/wp\/v2\/product_brand?post=4348"},{"taxonomy":"product_cat","embeddable":true,"href":"https:\/\/demo8.izveide.id.lv\/lv\/wp-json\/wp\/v2\/product_cat?post=4348"},{"taxonomy":"product_tag","embeddable":true,"href":"https:\/\/demo8.izveide.id.lv\/lv\/wp-json\/wp\/v2\/product_tag?post=4348"}],"curies":[{"name":"wp","href":"https:\/\/api.w.org\/{rel}","templated":true}]}}