{"id":4336,"date":"2026-02-03T15:29:13","date_gmt":"2026-02-03T15:29:13","guid":{"rendered":"https:\/\/demo8.izveide.id.lv\/?post_type=product&#038;p=4336"},"modified":"2026-02-03T15:29:19","modified_gmt":"2026-02-03T15:29:19","slug":"flamil-pl-500-code-0098","status":"publish","type":"product","link":"https:\/\/demo8.izveide.id.lv\/lv\/products\/flamil-pl-500-code-0098\/","title":{"rendered":"Flamil PL 500 (kods 0098)"},"content":{"rendered":"<p><img decoding=\"async\" src=\"\/wp-content\/uploads\/2026\/01\/0098-PARENT_desc.jpg\"\/><\/p>\n<p><p><\/p>\n<p> <b>UNIVERS\u0100LS AUTO R\u016aPNIECISKAIS ATT\u012aR\u012aT\u0100JS<\/b><\/p>\n<p><b>\u012apa\u0161\u012bbas<\/b>&#8211; \u0100tri likvid\u0113 e\u013c\u013cu, taukus, kv\u0113pus. <span style=\"letter-spacing: normal;\">Biolo\u0123iski sadal\u0101s dab\u0101.<\/span>&#8211; \u0160\u0137aid\u0101s ar \u016bdeni, nav toksisks, nesatur b\u012bstamus \u0137\u012bmiskus \u0161\u0137\u012bdin\u0101t\u0101jus.- Sast\u0101v\u0101 eso\u0161ais unik\u0101lais biokatalizators samazina virsmu dabisko iz\u017e\u016b\u0161anu t\u0101d\u0113j\u0101di samazinot virsmu p\u0101rkl\u0101juma plais\u0101\u0161anu un pasarg\u0101jot no \u201etrausluma\u201d.- Saudz\u0113jo\u0161s gumij\u0101m, \u0101das izstr\u0101d\u0101jumiem, stiklam, alum\u012bnijam, kokam, audumam, plastmas\u0101m un lakot\u0101m virsm\u0101m.<\/p>\n<p><b>Pielieto\u0161anas iesp\u0113jas<\/b>&#8211; Pielieto automob\u012b\u013cu (t.sk. jebk\u0101da materi\u0101la salonu), tentu, dzin\u0113ju t\u012br\u012b\u0161anai.- Cehu, darbagaldu, gr\u012bdu un iek\u0101rtu t\u012br\u012b\u0161anai.- Piem\u0113rots laivu un kuteru t\u012br\u012b\u0161anai.<b>Pielieto\u0161ana<\/b>&#8211; Atkar\u012bb\u0101 no pies\u0101r\u0146ot\u012bbas pak\u0101pes, at\u0161\u0137aid\u012bt ar \u016bdeni proporcij\u0101s 1:10 &#8211; 1:500.- Uzsmidzin\u0101t virsmai vai vienk\u0101r\u0161i uzkl\u0101t ar s\u016bkli. T\u012br\u0101m\u0101s deta\u013cas iegremd\u0113t darba \u0161\u0137\u012bdum\u0101.- Izmantojot augstspiediena iek\u0101rtas at\u0161\u0137aid\u012bt proporcij\u0101s 1:50 &#8211; 1:500.<\/p>\n<p><b>Tehniskais raksturojums<\/b><\/p>\n<p><b>Fizisk\u0101 forma<\/b>: \u0161\u0137idrums<b>Bl\u012bvums (20 \u00b0\u0421)<\/b>: aptuveni 1.05 g \/ ml<b>pH (1% \u0161\u0137\u012bdums)<\/b>: aptuveni 11.9<\/p>\n<p><b>Sast\u0101vs<\/b>: katjoniem un anjoniem PAV, fosf\u0101ti, n\u0101trija hidroks\u012bds, kr\u0101svielas <\/p>\n","protected":false},"excerpt":{"rendered":"<p>UNIVERS\u0100LS AUTO R\u016aPNIECISKAIS ATT\u012aR\u012aT\u0100JS \u012apa\u0161\u012bbas&#8211; \u0100tri likvid\u0113 e\u013c\u013cu, taukus, kv\u0113pus. Biolo\u0123iski sadal\u0101s dab\u0101.&#8211; \u0160\u0137aid\u0101s ar \u016bdeni, nav toksisks, nesatur b\u012bstamus \u0137\u012bmiskus \u0161\u0137\u012bdin\u0101t\u0101jus.- Sast\u0101v\u0101 eso\u0161ais unik\u0101lais biokatalizators samazina virsmu dabisko iz\u017e\u016b\u0161anu t\u0101d\u0113j\u0101di samazinot virsmu p\u0101rkl\u0101juma plais\u0101\u0161anu un pasarg\u0101jot no \u201etrausluma\u201d.- Saudz\u0113jo\u0161s gumij\u0101m, \u0101das izstr\u0101d\u0101jumiem, stiklam, alum\u012bnijam, kokam, audumam, plastmas\u0101m un lakot\u0101m virsm\u0101m. Pielieto\u0161anas iesp\u0113jas&#8211; Pielieto automob\u012b\u013cu&#8230;<\/p>\n","protected":false},"featured_media":4337,"comment_status":"open","ping_status":"closed","template":"","meta":[],"product_brand":[337],"product_cat":[380,353,377],"product_tag":[],"class_list":{"0":"post-4336","1":"product","2":"type-product","3":"status-publish","4":"has-post-thumbnail","6":"product_brand-flore-chemie","7":"product_cat-autotehnikas-mazgasanas-tirisanas-un-kopsanas-lidzekli","8":"product_cat-flore-chemie-produkti","9":"product_cat-industrija-masinbuve-elektroiekartas","11":"first","12":"instock","13":"shipping-taxable","14":"purchasable","15":"product-type-variable","16":"has-default-attributes"},"_links":{"self":[{"href":"https:\/\/demo8.izveide.id.lv\/lv\/wp-json\/wp\/v2\/product\/4336","targetHints":{"allow":["GET"]}}],"collection":[{"href":"https:\/\/demo8.izveide.id.lv\/lv\/wp-json\/wp\/v2\/product"}],"about":[{"href":"https:\/\/demo8.izveide.id.lv\/lv\/wp-json\/wp\/v2\/types\/product"}],"replies":[{"embeddable":true,"href":"https:\/\/demo8.izveide.id.lv\/lv\/wp-json\/wp\/v2\/comments?post=4336"}],"wp:featuredmedia":[{"embeddable":true,"href":"https:\/\/demo8.izveide.id.lv\/lv\/wp-json\/wp\/v2\/media\/4337"}],"wp:attachment":[{"href":"https:\/\/demo8.izveide.id.lv\/lv\/wp-json\/wp\/v2\/media?parent=4336"}],"wp:term":[{"taxonomy":"product_brand","embeddable":true,"href":"https:\/\/demo8.izveide.id.lv\/lv\/wp-json\/wp\/v2\/product_brand?post=4336"},{"taxonomy":"product_cat","embeddable":true,"href":"https:\/\/demo8.izveide.id.lv\/lv\/wp-json\/wp\/v2\/product_cat?post=4336"},{"taxonomy":"product_tag","embeddable":true,"href":"https:\/\/demo8.izveide.id.lv\/lv\/wp-json\/wp\/v2\/product_tag?post=4336"}],"curies":[{"name":"wp","href":"https:\/\/api.w.org\/{rel}","templated":true}]}}