{"id":4313,"date":"2026-02-03T15:29:06","date_gmt":"2026-02-03T15:29:06","guid":{"rendered":"https:\/\/demo8.izveide.id.lv\/?post_type=product&#038;p=4313"},"modified":"2026-02-03T15:29:08","modified_gmt":"2026-02-03T15:29:08","slug":"flamil-insektenloser-code-0409","status":"publish","type":"product","link":"https:\/\/demo8.izveide.id.lv\/lv\/products\/flamil-insektenloser-code-0409\/","title":{"rendered":"Flamil Insektenl\u00f6ser (kods 0409)"},"content":{"rendered":"<p><img decoding=\"async\" src=\"\/wp-content\/uploads\/2026\/01\/0409-PARENT_desc.jpg\"\/><\/p>\n<p><p><\/p>\n<p> <b>L\u012aDZEKLIS INSEKTU NO\u0145EM\u0160ANAI<\/b><\/p>\n<p><b>\u012apa\u0161\u012bbas<\/b>&#8211; Viegli \u201eno\u0146em\u201d insektu paliekas no automa\u0161\u012bnu stikliem, tentiem, lakot\u0101m virsm\u0101m.- \u201dNesa\u0113d\u201d lakotas virsmas, absol\u016bti dro\u0161s roku \u0101dai.- Aizvieto vair\u0101kk\u0101rt\u0113ju meh\u0101nisku t\u012br\u012b\u0161anu.- Dro\u0161s un vienk\u0101r\u0161s lieto\u0161an\u0101.- Satur olbaltumvielu \u0161\u0137\u012bdin\u0101t\u0101ju.<\/p>\n<p><b>Pielieto\u0161anas iesp\u0113jas<\/b>&#8211; Vieglie, kravas automob\u012b\u013ci.- Stiklu, tentu un lakotu virsmu t\u012br\u012b\u0161ana.<b>Pielieto\u0161ana<\/b>&#8211; At\u0161\u0137aid\u012bt ar siltu &#8211; karstu \u016bdeni attiec\u012bb\u0101s no 1:20 l\u012bdz 1:100.- Uzkl\u0101t darba virsmai izmantojot augstspiediena mazg\u0101\u0161anas iek\u0101rtu vai rokas smidzin\u0101t\u0101ju.- Nelietot tie\u0161u saules staru ietekm\u0113 un uz karst\u0101m virsm\u0101m.- Uzkl\u0101jot l\u012bdzekli ar s\u016bkli vai taml\u012bdz\u012bgi, r\u016bp\u012bgi noskalot virsmu ar \u016bdeni, lai neveidotos mat\u0113ta pl\u0113v\u012bte.- P\u0113c neilga laika apstr\u0101d\u0101to virsmu noskalot ar stipru \u016bdens str\u016bklu.- Uzglab\u0101jot sarg\u0101t no sasal\u0161anas.<b>Tehniskie raksturojums<\/b><\/p>\n<p><b>Fizisk\u0101 forma<\/b>: \u0161\u0137idrums<b>Bl\u012bvums (20 \u00b0\u0421)<\/b>: 1.0 g \/ ml<b>p\u041d l\u012bmenis<\/b>: 12<b>V\u0101r\u012b\u0161an\u0101s diapazons<\/b>: +100 \u00b0C<\/p>\n<p><b>Sast\u0101vs<\/b>: nejonie un anjonie tens\u012bdi, fosf\u0101ti, s\u0101rmi, \u0161\u0137\u012bdin\u0101t\u0101ji, kr\u0101svielas <\/p>\n","protected":false},"excerpt":{"rendered":"<p>L\u012aDZEKLIS INSEKTU NO\u0145EM\u0160ANAI \u012apa\u0161\u012bbas&#8211; Viegli \u201eno\u0146em\u201d insektu paliekas no automa\u0161\u012bnu stikliem, tentiem, lakot\u0101m virsm\u0101m.- \u201dNesa\u0113d\u201d lakotas virsmas, absol\u016bti dro\u0161s roku \u0101dai.- Aizvieto vair\u0101kk\u0101rt\u0113ju meh\u0101nisku t\u012br\u012b\u0161anu.- Dro\u0161s un vienk\u0101r\u0161s lieto\u0161an\u0101.- Satur olbaltumvielu \u0161\u0137\u012bdin\u0101t\u0101ju. Pielieto\u0161anas iesp\u0113jas&#8211; Vieglie, kravas automob\u012b\u013ci.- Stiklu, tentu un lakotu virsmu t\u012br\u012b\u0161ana.Pielieto\u0161ana&#8211; At\u0161\u0137aid\u012bt ar siltu &#8211; karstu \u016bdeni attiec\u012bb\u0101s no 1:20 l\u012bdz 1:100.- Uzkl\u0101t&#8230;<\/p>\n","protected":false},"featured_media":4314,"comment_status":"open","ping_status":"closed","template":"","meta":[],"product_brand":[337],"product_cat":[380,353,377],"product_tag":[],"class_list":{"0":"post-4313","1":"product","2":"type-product","3":"status-publish","4":"has-post-thumbnail","6":"product_brand-flore-chemie","7":"product_cat-autotehnikas-mazgasanas-tirisanas-un-kopsanas-lidzekli","8":"product_cat-flore-chemie-produkti","9":"product_cat-industrija-masinbuve-elektroiekartas","11":"first","12":"instock","13":"shipping-taxable","14":"purchasable","15":"product-type-variable","16":"has-default-attributes"},"_links":{"self":[{"href":"https:\/\/demo8.izveide.id.lv\/lv\/wp-json\/wp\/v2\/product\/4313","targetHints":{"allow":["GET"]}}],"collection":[{"href":"https:\/\/demo8.izveide.id.lv\/lv\/wp-json\/wp\/v2\/product"}],"about":[{"href":"https:\/\/demo8.izveide.id.lv\/lv\/wp-json\/wp\/v2\/types\/product"}],"replies":[{"embeddable":true,"href":"https:\/\/demo8.izveide.id.lv\/lv\/wp-json\/wp\/v2\/comments?post=4313"}],"wp:featuredmedia":[{"embeddable":true,"href":"https:\/\/demo8.izveide.id.lv\/lv\/wp-json\/wp\/v2\/media\/4314"}],"wp:attachment":[{"href":"https:\/\/demo8.izveide.id.lv\/lv\/wp-json\/wp\/v2\/media?parent=4313"}],"wp:term":[{"taxonomy":"product_brand","embeddable":true,"href":"https:\/\/demo8.izveide.id.lv\/lv\/wp-json\/wp\/v2\/product_brand?post=4313"},{"taxonomy":"product_cat","embeddable":true,"href":"https:\/\/demo8.izveide.id.lv\/lv\/wp-json\/wp\/v2\/product_cat?post=4313"},{"taxonomy":"product_tag","embeddable":true,"href":"https:\/\/demo8.izveide.id.lv\/lv\/wp-json\/wp\/v2\/product_tag?post=4313"}],"curies":[{"name":"wp","href":"https:\/\/api.w.org\/{rel}","templated":true}]}}