{"id":4272,"date":"2026-02-03T15:28:55","date_gmt":"2026-02-03T15:28:55","guid":{"rendered":"https:\/\/demo8.izveide.id.lv\/?post_type=product&#038;p=4272"},"modified":"2026-02-03T15:28:57","modified_gmt":"2026-02-03T15:28:57","slug":"alk-835-ci-code-p835","status":"publish","type":"product","link":"https:\/\/demo8.izveide.id.lv\/lv\/products\/alk-835-ci-code-p835\/","title":{"rendered":"ALK 835 CI (kods P835)"},"content":{"rendered":"<p><img decoding=\"async\" src=\"\/wp-content\/uploads\/2026\/01\/P835-PARENT_desc.jpg\"\/><\/p>\n<p><p align=\"justify\"><b>AUGSTAS KONCENTR\u0100CIJAS DAUDZFUNKCION\u0100LS T\u012aR\u012a\u0160ANAS L\u012aDZEKLIS<\/b><\/p>\n<p align=\"justify\">\n<p><b>\u012apa\u0161\u012bbas<\/b><\/p>\n<p align=\"justify\">Sp\u0113c\u012bgs, augstas koncentr\u0101cijas t\u012br\u012b\u0161anas l\u012bdzeklis e\u013c\u013cas, tauku un l\u012bdz\u012bgas izcelsmes smagu net\u012brumu no\u0146em\u0161anai no t\u012br\u0101m\u0101m virsm\u0101m. Ide\u0101li piem\u0113rots attauko\u0161anai un virsmu, gr\u012bdu, iek\u0101rtu pamat\u012bgai t\u012br\u012b\u0161anai p\u0101rtikas r\u016bpniec\u012bb\u0101 un cit\u0101s r\u016bpniec\u012bbas sf\u0113r\u0101s.<\/p>\n<p align=\"justify\"><b>Pielieto\u0161anas sf\u0113ras<\/b> <\/p>\n<p align=\"justify\">P\u0101rtikas r\u016bpniec\u012bba un citas l\u012bdz\u012bgas r\u016bpniec\u012bbas nozares.<\/p>\n<p align=\"justify\"><b>Lieto\u0161anas instrukcija<\/b> <\/p>\n<p align=\"justify\">L\u012bdzekli pielieto t\u012brot ar rok\u0101m, izmantojot gr\u012bdas mazg\u0101jam\u0101s ma\u0161\u012bnas, augstspiediena t\u012br\u012b\u0161anas iek\u0101rtas u.c. iek\u0101rtas. \u012apa\u0161i net\u012br\u0101m virsm\u0101m pielietot l\u012bdzekli 5% koncentr\u0101cij\u0101. Kr\u0101sotu un lakotu virsmu t\u012br\u012b\u0161anai pielietot l\u012bdzekli 2% koncentr\u0101cij\u0101. Vid\u0113ji net\u012bru virsmu t\u012br\u012b\u0161anai pielietot l\u012bdzekli 1% koncentr\u0101cij\u0101. Ieg\u016bto \u0161\u0137\u012bdumu uzkl\u0101t t\u012br\u0101majai virsmai, pagaid\u012bt apm\u0113ram min\u016bti un p\u0113c tam pamat\u012bgi noskalot ar \u016bdeni. T\u012br\u012b\u0161anai izmantojot gr\u012bdas mazg\u0101\u0161anas ma\u0161\u012bnas un citas iek\u0101rtas iev\u0113rot attiec\u012bgo iek\u0101rtu lieto\u0161anas instrukcijas.<\/p>\n<p align=\"justify\"><b>\u0136\u012bmisk\u0101s un fizik\u0101l\u0101s \u012bpa\u0161\u012bbas<\/b> <\/p>\n<p align=\"justify\">\n<p><b>Fizisk\u0101 forma<\/b>: dzidrs \u0161\u0137idrums <\/p>\n<p align=\"justify\"><b>Kr\u0101sa<\/b>: gai\u0161i dzeltena <\/p>\n<p align=\"justify\"><b>Smar\u017ea<\/b>: rakstur\u012bga <\/p>\n<p align=\"justify\">\n<p><b>Bl\u012bvums<\/b>: 1,070 +\/- 0,02 g\/ml pie 20\u00b0C <\/p>\n<p align=\"justify\"><b>pH<\/b>: 13,04 +\/- 0,3 pie 20 \u00b0C <\/p>\n<p align=\"justify\"><b>pH 2,5%<\/b>: 11,80 +\/- 0,3 pie 20\u00b0C <\/p>\n<p align=\"justify\"><b>\u0160\u0137\u012bd\u012bba \u016bden\u012b<\/b>: piln\u012bga <\/p>\n<p align=\"justify\"><b>Virsmakt\u012bv\u0101 viela<\/b>: anjonu, nejonu<\/p>\n<p align=\"justify\" style=\"letter-spacing: normal;\"><b>Br\u012bdin\u0101jums!<\/b> <span style=\"letter-spacing: normal;\">Izvair\u012bties no l\u012bdzek\u013ca saskarsmes ar sk\u0101bi saturo\u0161\u0101m un halog\u0113nus aizvietojo\u0161\u0101m viel\u0101m.<\/span><\/p><\/p>\n","protected":false},"excerpt":{"rendered":"<p>AUGSTAS KONCENTR\u0100CIJAS DAUDZFUNKCION\u0100LS T\u012aR\u012a\u0160ANAS L\u012aDZEKLIS \u012apa\u0161\u012bbas Sp\u0113c\u012bgs, augstas koncentr\u0101cijas t\u012br\u012b\u0161anas l\u012bdzeklis e\u013c\u013cas, tauku un l\u012bdz\u012bgas izcelsmes smagu net\u012brumu no\u0146em\u0161anai no t\u012br\u0101m\u0101m virsm\u0101m. Ide\u0101li piem\u0113rots attauko\u0161anai un virsmu, gr\u012bdu, iek\u0101rtu pamat\u012bgai t\u012br\u012b\u0161anai p\u0101rtikas r\u016bpniec\u012bb\u0101 un cit\u0101s r\u016bpniec\u012bbas sf\u0113r\u0101s. Pielieto\u0161anas sf\u0113ras P\u0101rtikas r\u016bpniec\u012bba un citas l\u012bdz\u012bgas r\u016bpniec\u012bbas nozares. Lieto\u0161anas instrukcija L\u012bdzekli pielieto t\u012brot ar rok\u0101m, izmantojot gr\u012bdas&#8230;<\/p>\n","protected":false},"featured_media":4273,"comment_status":"open","ping_status":"closed","template":"","meta":[],"product_brand":[342],"product_cat":[353,377,386],"product_tag":[],"class_list":{"0":"post-4272","1":"product","2":"type-product","3":"status-publish","4":"has-post-thumbnail","6":"product_brand-serpento-future-chemicals","7":"product_cat-flore-chemie-produkti","8":"product_cat-industrija-masinbuve-elektroiekartas","9":"product_cat-specialie-tirisanas-mazgasanas-un-kopsanas-lidzekli","11":"first","12":"instock","13":"shipping-taxable","14":"purchasable","15":"product-type-variable","16":"has-default-attributes"},"_links":{"self":[{"href":"https:\/\/demo8.izveide.id.lv\/lv\/wp-json\/wp\/v2\/product\/4272","targetHints":{"allow":["GET"]}}],"collection":[{"href":"https:\/\/demo8.izveide.id.lv\/lv\/wp-json\/wp\/v2\/product"}],"about":[{"href":"https:\/\/demo8.izveide.id.lv\/lv\/wp-json\/wp\/v2\/types\/product"}],"replies":[{"embeddable":true,"href":"https:\/\/demo8.izveide.id.lv\/lv\/wp-json\/wp\/v2\/comments?post=4272"}],"wp:featuredmedia":[{"embeddable":true,"href":"https:\/\/demo8.izveide.id.lv\/lv\/wp-json\/wp\/v2\/media\/4273"}],"wp:attachment":[{"href":"https:\/\/demo8.izveide.id.lv\/lv\/wp-json\/wp\/v2\/media?parent=4272"}],"wp:term":[{"taxonomy":"product_brand","embeddable":true,"href":"https:\/\/demo8.izveide.id.lv\/lv\/wp-json\/wp\/v2\/product_brand?post=4272"},{"taxonomy":"product_cat","embeddable":true,"href":"https:\/\/demo8.izveide.id.lv\/lv\/wp-json\/wp\/v2\/product_cat?post=4272"},{"taxonomy":"product_tag","embeddable":true,"href":"https:\/\/demo8.izveide.id.lv\/lv\/wp-json\/wp\/v2\/product_tag?post=4272"}],"curies":[{"name":"wp","href":"https:\/\/api.w.org\/{rel}","templated":true}]}}