{"id":4188,"date":"2026-02-03T15:28:32","date_gmt":"2026-02-03T15:28:32","guid":{"rendered":"https:\/\/demo8.izveide.id.lv\/?post_type=product&#038;p=4188"},"modified":"2026-02-03T15:28:34","modified_gmt":"2026-02-03T15:28:34","slug":"florin-ar-code-0019","status":"publish","type":"product","link":"https:\/\/demo8.izveide.id.lv\/lv\/products\/florin-ar-code-0019\/","title":{"rendered":"Florin AR (kods 0019)"},"content":{"rendered":"<p><img decoding=\"async\" src=\"\/wp-content\/uploads\/2026\/01\/0019-PARENT_desc.jpg\"\/><\/p>\n<p><p><\/p>\n<p> <b>L\u012aDZEKLIS ALUM\u012aNIJA ATT\u012aR\u012a\u0160ANAI<\/b><\/p>\n<p><b>\u012apa\u0161\u012bbas<\/b>&#8211; Piln\u012bgi dro\u0161s apk\u0101rt\u0113jai videi, sadal\u0101s dab\u0101 vair\u0101k k\u0101 90%.- Atjauno sp\u012bdumu korod\u0113t\u0101m virsm\u0101m.- Nospodrina un atjauno aps\u016bb\u0113ju\u0161as virsmas.- Speci\u0101lie konservanti veic virsmas kop\u0161anas funkcijas.- Nekorod\u0113 met\u0101lus un lakas.<\/p>\n<p><b>Pielieto\u0161anas iesp\u0113jas<\/b>&#8211; Autotransporta alum\u012bnija virsb\u016bves da\u013cas.- Konteineri &#8211; atkritumu tvertnes.- \u0112ku alum\u012bnija ap\u0161uvums \u2013 v\u0101rti, alum\u012bnija durvis.- Alum\u012bnija sastat\u0146u t\u012br\u012b\u0161anai.<\/p>\n<p><b>Pielieto\u0161ana un uzglab\u0101\u0161ana<\/b>&#8211; Atkar\u012bb\u0101 no pies\u0101r\u0146ot\u012bbas pak\u0101pes, at\u0161\u0137aid\u012bt ar \u016bdeni attiec\u012bb\u0101s 1:1 &#8211; 1:3. Regul\u0101ra kop\u0161ana &#8211; 1:25.- Uzkl\u0101t uz virsmas uzsmidzinot vai ar s\u016bkli, maz\u0101kas deta\u013cas iem\u0113rkt \u0161\u0137\u012bdum\u0101.- Patur\u0113t uzkl\u0101tu k\u0101du laiku.- Noskalot ar \u016bdeni.- Anod\u0113t\u0101 alum\u012bnija att\u012br\u012b\u0161anas gad\u012bjum\u0101 vispirms l\u012bdzekli izm\u0113\u0123in\u0101t neuzkr\u012bto\u0161\u0101 viet\u0101.<\/p>\n<p><b>Tehniskais raksturojums<\/b><\/p>\n<p><b>Fizisk\u0101 forma<\/b>: \u0161\u0137idrums<b>Bl\u012bvums (20 \u00b0\u0421)<\/b>: 1.134<b>p\u041d l\u012bmenis<\/b>: 1.7<\/p>\n<p><b>Sast\u0101vs<\/b>: vair\u0101ku sk\u0101bju mais\u012bjums ar mazg\u0101jo\u0161o komponentu biolo\u0123iski akt\u012bv\u0101m viel\u0101m un antikorozijas piedev\u0101m <\/p>\n","protected":false},"excerpt":{"rendered":"<p>L\u012aDZEKLIS ALUM\u012aNIJA ATT\u012aR\u012a\u0160ANAI \u012apa\u0161\u012bbas&#8211; Piln\u012bgi dro\u0161s apk\u0101rt\u0113jai videi, sadal\u0101s dab\u0101 vair\u0101k k\u0101 90%.- Atjauno sp\u012bdumu korod\u0113t\u0101m virsm\u0101m.- Nospodrina un atjauno aps\u016bb\u0113ju\u0161as virsmas.- Speci\u0101lie konservanti veic virsmas kop\u0161anas funkcijas.- Nekorod\u0113 met\u0101lus un lakas. Pielieto\u0161anas iesp\u0113jas&#8211; Autotransporta alum\u012bnija virsb\u016bves da\u013cas.- Konteineri &#8211; atkritumu tvertnes.- \u0112ku alum\u012bnija ap\u0161uvums \u2013 v\u0101rti, alum\u012bnija durvis.- Alum\u012bnija sastat\u0146u t\u012br\u012b\u0161anai. Pielieto\u0161ana un uzglab\u0101\u0161ana&#8211;&#8230;<\/p>\n","protected":false},"featured_media":4189,"comment_status":"open","ping_status":"closed","template":"","meta":[],"product_brand":[337],"product_cat":[353,377,389],"product_tag":[],"class_list":{"0":"post-4188","1":"product","2":"type-product","3":"status-publish","4":"has-post-thumbnail","6":"product_brand-flore-chemie","7":"product_cat-flore-chemie-produkti","8":"product_cat-industrija-masinbuve-elektroiekartas","9":"product_cat-specialie-iekartu-aizsardzibas-un-kopsanas-lidzekli-rusas-skidinataji-izolatori-elektroiekartu-tirisanai-un-elektronikai-u-c","11":"first","12":"instock","13":"shipping-taxable","14":"purchasable","15":"product-type-variable","16":"has-default-attributes"},"_links":{"self":[{"href":"https:\/\/demo8.izveide.id.lv\/lv\/wp-json\/wp\/v2\/product\/4188","targetHints":{"allow":["GET"]}}],"collection":[{"href":"https:\/\/demo8.izveide.id.lv\/lv\/wp-json\/wp\/v2\/product"}],"about":[{"href":"https:\/\/demo8.izveide.id.lv\/lv\/wp-json\/wp\/v2\/types\/product"}],"replies":[{"embeddable":true,"href":"https:\/\/demo8.izveide.id.lv\/lv\/wp-json\/wp\/v2\/comments?post=4188"}],"wp:featuredmedia":[{"embeddable":true,"href":"https:\/\/demo8.izveide.id.lv\/lv\/wp-json\/wp\/v2\/media\/4189"}],"wp:attachment":[{"href":"https:\/\/demo8.izveide.id.lv\/lv\/wp-json\/wp\/v2\/media?parent=4188"}],"wp:term":[{"taxonomy":"product_brand","embeddable":true,"href":"https:\/\/demo8.izveide.id.lv\/lv\/wp-json\/wp\/v2\/product_brand?post=4188"},{"taxonomy":"product_cat","embeddable":true,"href":"https:\/\/demo8.izveide.id.lv\/lv\/wp-json\/wp\/v2\/product_cat?post=4188"},{"taxonomy":"product_tag","embeddable":true,"href":"https:\/\/demo8.izveide.id.lv\/lv\/wp-json\/wp\/v2\/product_tag?post=4188"}],"curies":[{"name":"wp","href":"https:\/\/api.w.org\/{rel}","templated":true}]}}