{"id":4182,"date":"2026-02-03T15:28:31","date_gmt":"2026-02-03T15:28:31","guid":{"rendered":"https:\/\/demo8.izveide.id.lv\/?post_type=product&#038;p=4182"},"modified":"2026-02-03T15:28:34","modified_gmt":"2026-02-03T15:28:34","slug":"florin-2000-code-0020","status":"publish","type":"product","link":"https:\/\/demo8.izveide.id.lv\/lv\/products\/florin-2000-code-0020\/","title":{"rendered":"Florin 2000 (kods 0020)"},"content":{"rendered":"<p><img decoding=\"async\" src=\"\/wp-content\/uploads\/2026\/01\/0020-PARENT_desc.jpg\"\/><\/p>\n<p><p><\/p>\n<p> <b>\u0160\u0136\u012aDIN\u0100T\u0100JS ELEKTRISK\u0100S UN MEH\u0100NISK\u0100S APARAT\u016aRAS T\u012aR\u012a\u0160ANAI<\/b><\/p>\n<p><b>\u012apa\u0161\u012bbas<\/b>&#8211; Atbilsto\u0161i visiem dro\u0161\u012bbas standartiem not\u012bra putek\u013cus, taukus, kv\u0113pus un citus gr\u016bti atdal\u0101mus net\u012brumus.- Nesatur elektrol\u012btus un ir bez \u016bdens sast\u0101v\u0101.- Nevada elektr\u012bbu.- Nekait\u012bgs plastmasai, gumijai un izol\u0113jo\u0161\u0101m lak\u0101m, keramikai un met\u0101liem.- L\u012bdzeklis ir fiziolo\u0123iski nekait\u012bgs, nekairina \u0101du, tam ir pat\u012bkama smar\u017ea un to var izmantot telp\u0101s ar v\u0101ju ventil\u0101ciju.- Izmantojot l\u012bdzekli aparat\u016bra nav j\u0101izjauc pa sast\u0101vda\u013c\u0101m, kas \u013cauj ieekonom\u0113t daudz laika.- Pateicoties l\u012bdzek\u013ca l\u0113najai iztvaiko\u0161anai paaugstin\u0101s t\u012br\u012b\u0161anas efekts l\u012bdz ar to tas var tikt pielietots \u012bpa\u0161i j\u016bt\u012bgai aparat\u016brai, kura rea\u0123\u0113 uz \u0101tras iztvaiko\u0161anas iespaid\u0101 rad\u012bto atdzi\u0161anu.<\/p>\n<p><b>Pielieto\u0161anas iesp\u0113jas<\/b>&#8211; Elektrodzin\u0113ju apkope, sadales elektroskapju apkope, \u0123eneratoru, sprieguma \u0123eneratoru, dro\u0161in\u0101t\u0101ju apkope.- Kondensatoru un tinumu t\u012br\u012b\u0161ana, prec\u012bzo instrumentu un pulkste\u0146meh\u0101nismu t\u012br\u012b\u0161ana, tro\u0161u t\u012br\u012b\u0161ana, \u0137\u0113\u017eu t\u012br\u012b\u0161ana.- Apgaismes un signaliz\u0101cijas tehnikas apkope.- Poligr\u0101fijas iek\u0101rtu un matricu t\u012br\u012b\u0161ana.- Radio, telefona un faksa apar\u0101tu kop\u0161ana, gaisa kondicion\u0113t\u0101ju un m\u0113rinstrumentu t\u012br\u012b\u0161ana un apkope.<b>Pielieto\u0161anas veidi un uzglab\u0101\u0161ana<\/b>&#8211; L\u012bdzekli uzkl\u0101t uzsmidzinot, ar dr\u0101nas pal\u012bdz\u012bbu, k\u0101 ar\u012b iesp\u0113jams apstr\u0101d\u0101jamo deta\u013cu iem\u0113rkt \u0161\u0137idrum\u0101.- Uzman\u012bbu! Sarg\u0101t no b\u0113rniem. Ugunsnedro\u0161s.<\/p>\n<p><b>Tehniskais raksturojums<\/b><\/p>\n<p><b>Fizisk\u0101 forma<\/b>: \u0161\u0137idrums<b>V\u0101r\u012b\u0161an\u0101s diapazons<\/b>: +190 \u00baC<b>Uzliesmo\u0161anas temperat\u016bra<\/b>: +66 \u00baC<b>Aizdeg\u0161an\u0101s temperat\u016bra<\/b>: +200 \u00baC<b>Eksplozijas robe\u017ea<\/b>: 0,6 VOL-% 7 p\u0113c tilpuma%<\/p>\n<p><b>Sast\u0101vs<\/b>: izoparaf\u012bna og\u013c\u016bde\u0146ra\u017ei <\/p>\n","protected":false},"excerpt":{"rendered":"<p>\u0160\u0136\u012aDIN\u0100T\u0100JS ELEKTRISK\u0100S UN MEH\u0100NISK\u0100S APARAT\u016aRAS T\u012aR\u012a\u0160ANAI \u012apa\u0161\u012bbas&#8211; Atbilsto\u0161i visiem dro\u0161\u012bbas standartiem not\u012bra putek\u013cus, taukus, kv\u0113pus un citus gr\u016bti atdal\u0101mus net\u012brumus.- Nesatur elektrol\u012btus un ir bez \u016bdens sast\u0101v\u0101.- Nevada elektr\u012bbu.- Nekait\u012bgs plastmasai, gumijai un izol\u0113jo\u0161\u0101m lak\u0101m, keramikai un met\u0101liem.- L\u012bdzeklis ir fiziolo\u0123iski nekait\u012bgs, nekairina \u0101du, tam ir pat\u012bkama smar\u017ea un to var izmantot telp\u0101s ar v\u0101ju&#8230;<\/p>\n","protected":false},"featured_media":4183,"comment_status":"open","ping_status":"closed","template":"","meta":[],"product_brand":[337],"product_cat":[353,377,389],"product_tag":[],"class_list":{"0":"post-4182","1":"product","2":"type-product","3":"status-publish","4":"has-post-thumbnail","6":"product_brand-flore-chemie","7":"product_cat-flore-chemie-produkti","8":"product_cat-industrija-masinbuve-elektroiekartas","9":"product_cat-specialie-iekartu-aizsardzibas-un-kopsanas-lidzekli-rusas-skidinataji-izolatori-elektroiekartu-tirisanai-un-elektronikai-u-c","11":"first","12":"instock","13":"shipping-taxable","14":"purchasable","15":"product-type-variable","16":"has-default-attributes"},"_links":{"self":[{"href":"https:\/\/demo8.izveide.id.lv\/lv\/wp-json\/wp\/v2\/product\/4182","targetHints":{"allow":["GET"]}}],"collection":[{"href":"https:\/\/demo8.izveide.id.lv\/lv\/wp-json\/wp\/v2\/product"}],"about":[{"href":"https:\/\/demo8.izveide.id.lv\/lv\/wp-json\/wp\/v2\/types\/product"}],"replies":[{"embeddable":true,"href":"https:\/\/demo8.izveide.id.lv\/lv\/wp-json\/wp\/v2\/comments?post=4182"}],"wp:featuredmedia":[{"embeddable":true,"href":"https:\/\/demo8.izveide.id.lv\/lv\/wp-json\/wp\/v2\/media\/4183"}],"wp:attachment":[{"href":"https:\/\/demo8.izveide.id.lv\/lv\/wp-json\/wp\/v2\/media?parent=4182"}],"wp:term":[{"taxonomy":"product_brand","embeddable":true,"href":"https:\/\/demo8.izveide.id.lv\/lv\/wp-json\/wp\/v2\/product_brand?post=4182"},{"taxonomy":"product_cat","embeddable":true,"href":"https:\/\/demo8.izveide.id.lv\/lv\/wp-json\/wp\/v2\/product_cat?post=4182"},{"taxonomy":"product_tag","embeddable":true,"href":"https:\/\/demo8.izveide.id.lv\/lv\/wp-json\/wp\/v2\/product_tag?post=4182"}],"curies":[{"name":"wp","href":"https:\/\/api.w.org\/{rel}","templated":true}]}}