{"id":4166,"date":"2026-02-03T15:28:28","date_gmt":"2026-02-03T15:28:28","guid":{"rendered":"https:\/\/demo8.izveide.id.lv\/?post_type=product&#038;p=4166"},"modified":"2026-02-03T15:28:34","modified_gmt":"2026-02-03T15:28:34","slug":"flore-lub-code-0408","status":"publish","type":"product","link":"https:\/\/demo8.izveide.id.lv\/lv\/products\/flore-lub-code-0408\/","title":{"rendered":"Flore Lub (kods 0408)"},"content":{"rendered":"<p><img decoding=\"async\" src=\"\/wp-content\/uploads\/2026\/01\/0408-PARENT_desc.jpg\"\/><\/p>\n<p><p><\/p>\n<p> <b>P\u0100RTIKAS R\u016aPNIEC\u012aB\u0100 PIELIETOJAM\u0100 SM\u0112RVIELA<\/b><\/p>\n<p><b>\u012apa\u0161\u012bbas<\/b><br \/>&#8211; Iek\u0101rtu mezglu e\u013c\u013co\u0161ana da\u013c\u0101m, kuras tie\u0161\u0101 kontakt\u0101 saskaras ar p\u0101rtiku.- Atbilst ES un V\u0101cijas LMBG un DAB 10 pras\u012bb\u0101m. <span style=\"letter-spacing: normal;\">Biolo\u0123iski sadal\u0101s dab\u0101.<\/span>&#8211; Temperat\u016bra sm\u0113rvielas pielietojumam: \u201340 \u00baC l\u012bdz +60 \u00b0C.<\/p>\n<p><b>Tehniskais raksturojums<\/b><\/p>\n<p><b>Fizisk\u0101 forma<\/b>: \u0161\u0137idrums<b>Bl\u012bvums (+15 \u00b0C)<\/b>: 0.85 g \/ ml<b>Sasal\u0161anas temperat\u016bra<\/b>: -18 \u00b0C<b>Uzliesmo\u0161anas temperat\u016bra<\/b>: +185 \u00b0C<b>Kin\u0113tisk\u0101 viskozit\u0101te (+40 \u00b0C)<\/b>: 15.5 cSt<b>Tvaika spiediena iztur\u012bba<\/b>: 0,001 hPa<\/p>\n<p><b>Sast\u0101vs<\/b>: balt\u0101 e\u013c\u013ca DAB 10 <\/p>\n","protected":false},"excerpt":{"rendered":"<p>P\u0100RTIKAS R\u016aPNIEC\u012aB\u0100 PIELIETOJAM\u0100 SM\u0112RVIELA \u012apa\u0161\u012bbas&#8211; Iek\u0101rtu mezglu e\u013c\u013co\u0161ana da\u013c\u0101m, kuras tie\u0161\u0101 kontakt\u0101 saskaras ar p\u0101rtiku.- Atbilst ES un V\u0101cijas LMBG un DAB 10 pras\u012bb\u0101m. Biolo\u0123iski sadal\u0101s dab\u0101.&#8211; Temperat\u016bra sm\u0113rvielas pielietojumam: \u201340 \u00baC l\u012bdz +60 \u00b0C. Tehniskais raksturojums Fizisk\u0101 forma: \u0161\u0137idrumsBl\u012bvums (+15 \u00b0C): 0.85 g \/ mlSasal\u0161anas temperat\u016bra: -18 \u00b0CUzliesmo\u0161anas temperat\u016bra: +185 \u00b0CKin\u0113tisk\u0101 viskozit\u0101te (+40 \u00b0C):&#8230;<\/p>\n","protected":false},"featured_media":4167,"comment_status":"open","ping_status":"closed","template":"","meta":[],"product_brand":[337],"product_cat":[392,353,395],"product_tag":[],"class_list":{"0":"post-4166","1":"product","2":"type-product","3":"status-publish","4":"has-post-thumbnail","6":"product_brand-flore-chemie","7":"product_cat-efektivie-tirisanas-un-smeresanas-produkti","8":"product_cat-flore-chemie-produkti","9":"product_cat-smerellas-tirisanas-ellas-un-piedevas","11":"first","12":"instock","13":"shipping-taxable","14":"purchasable","15":"product-type-variable","16":"has-default-attributes"},"_links":{"self":[{"href":"https:\/\/demo8.izveide.id.lv\/lv\/wp-json\/wp\/v2\/product\/4166","targetHints":{"allow":["GET"]}}],"collection":[{"href":"https:\/\/demo8.izveide.id.lv\/lv\/wp-json\/wp\/v2\/product"}],"about":[{"href":"https:\/\/demo8.izveide.id.lv\/lv\/wp-json\/wp\/v2\/types\/product"}],"replies":[{"embeddable":true,"href":"https:\/\/demo8.izveide.id.lv\/lv\/wp-json\/wp\/v2\/comments?post=4166"}],"wp:featuredmedia":[{"embeddable":true,"href":"https:\/\/demo8.izveide.id.lv\/lv\/wp-json\/wp\/v2\/media\/4167"}],"wp:attachment":[{"href":"https:\/\/demo8.izveide.id.lv\/lv\/wp-json\/wp\/v2\/media?parent=4166"}],"wp:term":[{"taxonomy":"product_brand","embeddable":true,"href":"https:\/\/demo8.izveide.id.lv\/lv\/wp-json\/wp\/v2\/product_brand?post=4166"},{"taxonomy":"product_cat","embeddable":true,"href":"https:\/\/demo8.izveide.id.lv\/lv\/wp-json\/wp\/v2\/product_cat?post=4166"},{"taxonomy":"product_tag","embeddable":true,"href":"https:\/\/demo8.izveide.id.lv\/lv\/wp-json\/wp\/v2\/product_tag?post=4166"}],"curies":[{"name":"wp","href":"https:\/\/api.w.org\/{rel}","templated":true}]}}