{"id":4161,"date":"2026-02-03T15:28:26","date_gmt":"2026-02-03T15:28:26","guid":{"rendered":"https:\/\/demo8.izveide.id.lv\/?post_type=product&#038;p=4161"},"modified":"2026-02-03T15:28:34","modified_gmt":"2026-02-03T15:28:34","slug":"floral-94-code-0094","status":"publish","type":"product","link":"https:\/\/demo8.izveide.id.lv\/lv\/products\/floral-94-code-0094\/","title":{"rendered":"Floral 94 (kods 0094)"},"content":{"rendered":"<p><img decoding=\"async\" src=\"\/wp-content\/uploads\/2026\/01\/0094-PARENT_desc.jpg\"\/><\/p>\n<p><b><\/b><b>PRETKOROZIJAS KONSERV\u0112JO\u0160A E\u013b\u013bA<\/b> <\/p>\n<p><b>\u012apa\u0161\u012bbas<\/b>&#8211; Efekt\u012bvs l\u012bdzeklis uz miner\u0101le\u013c\u013cas b\u0101zes. &#8211; Aizsarg\u0101 t\u0113raudu un kr\u0101sainos met\u0101lus apm\u0113ram 6-12 m\u0113ne\u0161us. &#8211; Zema viskozit\u0101te &#8211; t\u0101d\u0113\u013c materi\u0101lus viegli apstr\u0101d\u0101t un nepiecie\u0161am\u012bbas gad\u012bjum\u0101 viegli not\u012br\u012bt. &#8211; Ekonomiska lieto\u0161an\u0101. &#8211; Nesatur silikona e\u013c\u013cas un hlorog\u013c\u016bde\u0146ra\u017eus. &#8211; Neierobe\u017eots uzglab\u0101\u0161anas laiks. <\/p>\n<p><b>Pielieto\u0161anas iesp\u0113jas<\/b>Visas sf\u0113ras, kur j\u0101pasarg\u0101 deta\u013cas bez pretkorozijas p\u0101rkl\u0101juma, it sevi\u0161\u0137i uzglab\u0101jot noliktav\u0101s vai transport\u0113\u0161anas laik\u0101. <\/p>\n<p><b>Pielieto\u0161ana un uzglab\u0101\u0161ana<\/b> &#8211; Uzsmidzinot, iegremd\u0113jot vai ielejot. &#8211; 50 g uz 1 m\u00b2 pietiek optim\u0101lai aizsardz\u012bbai pret koroziju. <br \/>&#8211; Ugunsnedro\u0161s, sarg\u0101t no atkl\u0101tas uguns! <\/p>\n<p><b>Tehniskais raksturojums<\/b> <\/p>\n<p><b>Fizisk\u0101 forma<\/b>: \u0161\u0137idrums <b>Bl\u012bvums (20 \u00b0\u0421)<\/b>: 0.826 &#8211; 0.846 g \/ cm\u00b3 <b>Tvaika spiediens (20 \u00b0C)<\/b>: 5 hPa<b>V\u0101r\u012b\u0161an\u0101s diapazons<\/b>: 155 &#8211; 190 \u00b0C <\/p>\n<p><b>Uzliesmo\u0161anas punkts<\/b>: 41 \u00b0C<b>Aizdeg\u0161an\u0101s t\u00b0<\/b>: 240 \u00b0C<\/p>\n<p><b>Sast\u0101vs<\/b>: alif\u0101tiskie, cikloalif\u0101tiskie un arom\u0101tiskie og\u013c\u016bde\u0146ra\u017ei, v\u0101rpste\u013c\u013cas rafin\u0101de ar aizsardz\u012bbu pret koroziju un noveco\u0161anos, bag\u0101tin\u0101t\u0101ji un anti-nodiluma piedevas<\/p>\n","protected":false},"excerpt":{"rendered":"<p>PRETKOROZIJAS KONSERV\u0112JO\u0160A E\u013b\u013bA \u012apa\u0161\u012bbas&#8211; Efekt\u012bvs l\u012bdzeklis uz miner\u0101le\u013c\u013cas b\u0101zes. &#8211; Aizsarg\u0101 t\u0113raudu un kr\u0101sainos met\u0101lus apm\u0113ram 6-12 m\u0113ne\u0161us. &#8211; Zema viskozit\u0101te &#8211; t\u0101d\u0113\u013c materi\u0101lus viegli apstr\u0101d\u0101t un nepiecie\u0161am\u012bbas gad\u012bjum\u0101 viegli not\u012br\u012bt. &#8211; Ekonomiska lieto\u0161an\u0101. &#8211; Nesatur silikona e\u013c\u013cas un hlorog\u013c\u016bde\u0146ra\u017eus. &#8211; Neierobe\u017eots uzglab\u0101\u0161anas laiks. Pielieto\u0161anas iesp\u0113jasVisas sf\u0113ras, kur j\u0101pasarg\u0101 deta\u013cas bez pretkorozijas p\u0101rkl\u0101juma, it sevi\u0161\u0137i&#8230;<\/p>\n","protected":false},"featured_media":4162,"comment_status":"open","ping_status":"closed","template":"","meta":[],"product_brand":[337],"product_cat":[392,353,395],"product_tag":[],"class_list":{"0":"post-4161","1":"product","2":"type-product","3":"status-publish","4":"has-post-thumbnail","6":"product_brand-flore-chemie","7":"product_cat-efektivie-tirisanas-un-smeresanas-produkti","8":"product_cat-flore-chemie-produkti","9":"product_cat-smerellas-tirisanas-ellas-un-piedevas","11":"first","12":"instock","13":"shipping-taxable","14":"purchasable","15":"product-type-variable","16":"has-default-attributes"},"_links":{"self":[{"href":"https:\/\/demo8.izveide.id.lv\/lv\/wp-json\/wp\/v2\/product\/4161","targetHints":{"allow":["GET"]}}],"collection":[{"href":"https:\/\/demo8.izveide.id.lv\/lv\/wp-json\/wp\/v2\/product"}],"about":[{"href":"https:\/\/demo8.izveide.id.lv\/lv\/wp-json\/wp\/v2\/types\/product"}],"replies":[{"embeddable":true,"href":"https:\/\/demo8.izveide.id.lv\/lv\/wp-json\/wp\/v2\/comments?post=4161"}],"wp:featuredmedia":[{"embeddable":true,"href":"https:\/\/demo8.izveide.id.lv\/lv\/wp-json\/wp\/v2\/media\/4162"}],"wp:attachment":[{"href":"https:\/\/demo8.izveide.id.lv\/lv\/wp-json\/wp\/v2\/media?parent=4161"}],"wp:term":[{"taxonomy":"product_brand","embeddable":true,"href":"https:\/\/demo8.izveide.id.lv\/lv\/wp-json\/wp\/v2\/product_brand?post=4161"},{"taxonomy":"product_cat","embeddable":true,"href":"https:\/\/demo8.izveide.id.lv\/lv\/wp-json\/wp\/v2\/product_cat?post=4161"},{"taxonomy":"product_tag","embeddable":true,"href":"https:\/\/demo8.izveide.id.lv\/lv\/wp-json\/wp\/v2\/product_tag?post=4161"}],"curies":[{"name":"wp","href":"https:\/\/api.w.org\/{rel}","templated":true}]}}