{"id":4125,"date":"2026-02-03T15:28:14","date_gmt":"2026-02-03T15:28:14","guid":{"rendered":"https:\/\/demo8.izveide.id.lv\/?post_type=product&#038;p=4125"},"modified":"2026-02-03T15:28:15","modified_gmt":"2026-02-03T15:28:15","slug":"flore-gleisbahnfett-code-0865","status":"publish","type":"product","link":"https:\/\/demo8.izveide.id.lv\/lv\/products\/flore-gleisbahnfett-code-0865\/","title":{"rendered":"Flore Gleisbahnfett (kods 0865)"},"content":{"rendered":"<p><img decoding=\"async\" src=\"\/wp-content\/uploads\/2026\/01\/0865-PARENT_desc.jpg\"\/><\/p>\n<p><b><\/b><b>KALCIJA ZIEPJU SM\u0112RVIELA<\/b> <\/p>\n<p><b>\u012apa\u0161\u012bbas<\/b>: *Flore Gleisbahnfett ir kalcija ziepju sm\u0113rviela, kuras pamat\u0101 ir graf\u012bts un e\u013c\u013cas, kas biolo\u0123iski no\u0101rd\u0101s. *Flore Gleisbahnfett ir \u016bdensiztur\u012bgs, \u013coti viegli kl\u0101jas, tam ir izcilas sa\u0137eres sp\u0113jas. <\/p>\n<p><b>Pielieto\u0161anas iesp\u0113jas<\/b>: *Flore Gleisbahnfett piem\u0113rots saskares laukumu iee\u013c\u013co\u0161anai \u2013 slie\u017eu p\u0101rmij\u0101s, slie\u017eu mal\u0101s, k\u0101 ar\u012b vilcienu sl\u012bdo\u0161o virsmu iee\u013c\u013co\u0161anai, kur v\u0113lama \u0101tra biolo\u0123iska no\u0101rd\u012b\u0161an\u0101s. <b>Pielieto\u0161ana<\/b>: *Flore Gleisbahnfett m\u012bkst\u0101s konsistences d\u0113\u013c ir lieliski piem\u0113rots autom\u0101tisk\u0101m iee\u013c\u013co\u0161anas ier\u012bc\u0113m. <\/p>\n<p><b>Tehniskais raksturojums<\/b>: *<b>Lieto\u0161anas temperat\u016bra<\/b>: -35 l\u012bdz +85 \u00baC *<b>Pil\u0113\u0161anas punkts<\/b>: + 175 \u00baC (DIN 2176) *<b>\u016adensiztur\u012bgums<\/b>: 1-90 (DIN 51 807) *<b>Ziepju b\u0101ze<\/b>: kalcijs *<b>Pamate\u013c\u013cu viskozit\u0101te pie 40 \u00baC<\/b>: 32mm2 \/ s (DIN 51 502) *<b>NLGI klase<\/b>: 000 *<\/p>\n<p><b>Sast\u0101vs<\/b>: sint\u0113tiskais un dab\u012bgais esteris, graf\u012bts *<b>Produkta kods<\/b>: 865<\/p>\n","protected":false},"excerpt":{"rendered":"<p>KALCIJA ZIEPJU SM\u0112RVIELA \u012apa\u0161\u012bbas: *Flore Gleisbahnfett ir kalcija ziepju sm\u0113rviela, kuras pamat\u0101 ir graf\u012bts un e\u013c\u013cas, kas biolo\u0123iski no\u0101rd\u0101s. *Flore Gleisbahnfett ir \u016bdensiztur\u012bgs, \u013coti viegli kl\u0101jas, tam ir izcilas sa\u0137eres sp\u0113jas. Pielieto\u0161anas iesp\u0113jas: *Flore Gleisbahnfett piem\u0113rots saskares laukumu iee\u013c\u013co\u0161anai \u2013 slie\u017eu p\u0101rmij\u0101s, slie\u017eu mal\u0101s, k\u0101 ar\u012b vilcienu sl\u012bdo\u0161o virsmu iee\u013c\u013co\u0161anai, kur v\u0113lama \u0101tra biolo\u0123iska no\u0101rd\u012b\u0161an\u0101s&#8230;.<\/p>\n","protected":false},"featured_media":4126,"comment_status":"open","ping_status":"closed","template":"","meta":[],"product_brand":[337],"product_cat":[392,353,398],"product_tag":[],"class_list":{"0":"post-4125","1":"product","2":"type-product","3":"status-publish","4":"has-post-thumbnail","6":"product_brand-flore-chemie","7":"product_cat-efektivie-tirisanas-un-smeresanas-produkti","8":"product_cat-flore-chemie-produkti","9":"product_cat-smervielas-un-montazas-pastas","11":"first","12":"instock","13":"shipping-taxable","14":"purchasable","15":"product-type-simple"},"_links":{"self":[{"href":"https:\/\/demo8.izveide.id.lv\/lv\/wp-json\/wp\/v2\/product\/4125","targetHints":{"allow":["GET"]}}],"collection":[{"href":"https:\/\/demo8.izveide.id.lv\/lv\/wp-json\/wp\/v2\/product"}],"about":[{"href":"https:\/\/demo8.izveide.id.lv\/lv\/wp-json\/wp\/v2\/types\/product"}],"replies":[{"embeddable":true,"href":"https:\/\/demo8.izveide.id.lv\/lv\/wp-json\/wp\/v2\/comments?post=4125"}],"wp:featuredmedia":[{"embeddable":true,"href":"https:\/\/demo8.izveide.id.lv\/lv\/wp-json\/wp\/v2\/media\/4126"}],"wp:attachment":[{"href":"https:\/\/demo8.izveide.id.lv\/lv\/wp-json\/wp\/v2\/media?parent=4125"}],"wp:term":[{"taxonomy":"product_brand","embeddable":true,"href":"https:\/\/demo8.izveide.id.lv\/lv\/wp-json\/wp\/v2\/product_brand?post=4125"},{"taxonomy":"product_cat","embeddable":true,"href":"https:\/\/demo8.izveide.id.lv\/lv\/wp-json\/wp\/v2\/product_cat?post=4125"},{"taxonomy":"product_tag","embeddable":true,"href":"https:\/\/demo8.izveide.id.lv\/lv\/wp-json\/wp\/v2\/product_tag?post=4125"}],"curies":[{"name":"wp","href":"https:\/\/api.w.org\/{rel}","templated":true}]}}