{"id":4123,"date":"2026-02-03T15:28:14","date_gmt":"2026-02-03T15:28:14","guid":{"rendered":"https:\/\/demo8.izveide.id.lv\/?post_type=product&#038;p=4123"},"modified":"2026-02-03T15:28:14","modified_gmt":"2026-02-03T15:28:14","slug":"florin-walzlagerfett-code-0252","status":"publish","type":"product","link":"https:\/\/demo8.izveide.id.lv\/lv\/products\/florin-walzlagerfett-code-0252\/","title":{"rendered":"Florin W\u00e4lzlagerfett (kods 0252)"},"content":{"rendered":"<p><img decoding=\"async\" alt=\"0252-PARENT\" class=\"alignnone size-full wp-image-2142\" src=\"\/wp-content\/uploads\/2026\/01\/0252-PARENT_desc.jpg\" width=\"100%\" srcset=\"https:\/\/demo8.izveide.id.lv\/wp-content\/uploads\/2026\/01\/0252-PARENT_desc.jpg 1984w, https:\/\/demo8.izveide.id.lv\/wp-content\/uploads\/2026\/01\/0252-PARENT_desc-600x450.jpg 600w, https:\/\/demo8.izveide.id.lv\/wp-content\/uploads\/2026\/01\/0252-PARENT_desc-300x225.jpg 300w, https:\/\/demo8.izveide.id.lv\/wp-content\/uploads\/2026\/01\/0252-PARENT_desc-1024x768.jpg 1024w\" sizes=\"(max-width: 1984px) 100vw, 1984px\" \/><\/p>\n<p><p><\/p>\n<p> <b>KARSTUMIZTUR\u012aGA GULT\u0145U SM\u0112RVIELA<\/b><\/p>\n<p><b>\u012apa\u0161\u012bbas<\/b>:*Karstumiztur\u012bga gult\u0146u sm\u0113rviela ar \u012bpa\u0161i ilgu iedarb\u012bbas efektu, ar m\u012bkstu konsistenci, pilieniztur\u012bga, ar pla\u0161u pielietojuma spektru.*Iztur\u012bga pret \u016bdens iedarb\u012bbu.*Izcila pretkorozijas aizsardz\u012bba.<\/p>\n<p><b>Pielieto\u0161anas iesp\u0113jas<\/b>:*Met\u0101lapstr\u0101des cehos, \u017e\u0101v\u0113\u0161anas kr\u0101sn\u012bs, bituma mais\u012b\u0161anas iek\u0101rt\u0101s, met\u0101llie\u0161anas cehos, karst\u0101 gaisa kompresoros, transmisijas gult\u0146iem dzelzce\u013c\u0101 un liftos.*Jaunu elektroiek\u0101rtu profilaksei.<b>Pielieto\u0161anas veidi un uzglab\u0101\u0161ana<\/b>:*L\u012bdzeklis pielietojams \u0161arn\u012bra un valcgult\u0146os, kuri pak\u013cauti lielai slodzei un temperat\u016brai.*Pielietojams gan vid\u0113jos gan lielajos gult\u0146os, kuriem j\u0101iztur liela slodze un vibr\u0101cija.*Izmantojot l\u012bdzekli gult\u0146os, kuri ir vienlaic\u012bgi pak\u013cauti augstai temperat\u016brai un lielam apgriezienu skaitam, nepiecie\u0161ams regul\u0101ri atjaunot aizsargsl\u0101ni.<\/p>\n<p><b>Tehniskais raksturojums<\/b>:*<\/p>\n<p><b>Fizisk\u0101 forma<\/b>: pasta*<b>Bl\u012bvums (20 \u00baC)<\/b>: 0.92 g \/ ml*<b>PH l\u012bmenis<\/b>: 8.5*<b>Produkta kods<\/b>: 252 <\/p>\n","protected":false},"excerpt":{"rendered":"<p>KARSTUMIZTUR\u012aGA GULT\u0145U SM\u0112RVIELA \u012apa\u0161\u012bbas:*Karstumiztur\u012bga gult\u0146u sm\u0113rviela ar \u012bpa\u0161i ilgu iedarb\u012bbas efektu, ar m\u012bkstu konsistenci, pilieniztur\u012bga, ar pla\u0161u pielietojuma spektru.*Iztur\u012bga pret \u016bdens iedarb\u012bbu.*Izcila pretkorozijas aizsardz\u012bba. Pielieto\u0161anas iesp\u0113jas:*Met\u0101lapstr\u0101des cehos, \u017e\u0101v\u0113\u0161anas kr\u0101sn\u012bs, bituma mais\u012b\u0161anas iek\u0101rt\u0101s, met\u0101llie\u0161anas cehos, karst\u0101 gaisa kompresoros, transmisijas gult\u0146iem dzelzce\u013c\u0101 un liftos.*Jaunu elektroiek\u0101rtu profilaksei.Pielieto\u0161anas veidi un uzglab\u0101\u0161ana:*L\u012bdzeklis pielietojams \u0161arn\u012bra un valcgult\u0146os, kuri pak\u013cauti lielai slodzei&#8230;<\/p>\n","protected":false},"featured_media":4124,"comment_status":"open","ping_status":"closed","template":"","meta":[],"product_brand":[337],"product_cat":[392,353,398],"product_tag":[],"class_list":{"0":"post-4123","1":"product","2":"type-product","3":"status-publish","4":"has-post-thumbnail","6":"product_brand-flore-chemie","7":"product_cat-efektivie-tirisanas-un-smeresanas-produkti","8":"product_cat-flore-chemie-produkti","9":"product_cat-smervielas-un-montazas-pastas","11":"first","12":"instock","13":"shipping-taxable","14":"purchasable","15":"product-type-simple"},"_links":{"self":[{"href":"https:\/\/demo8.izveide.id.lv\/lv\/wp-json\/wp\/v2\/product\/4123","targetHints":{"allow":["GET"]}}],"collection":[{"href":"https:\/\/demo8.izveide.id.lv\/lv\/wp-json\/wp\/v2\/product"}],"about":[{"href":"https:\/\/demo8.izveide.id.lv\/lv\/wp-json\/wp\/v2\/types\/product"}],"replies":[{"embeddable":true,"href":"https:\/\/demo8.izveide.id.lv\/lv\/wp-json\/wp\/v2\/comments?post=4123"}],"wp:featuredmedia":[{"embeddable":true,"href":"https:\/\/demo8.izveide.id.lv\/lv\/wp-json\/wp\/v2\/media\/4124"}],"wp:attachment":[{"href":"https:\/\/demo8.izveide.id.lv\/lv\/wp-json\/wp\/v2\/media?parent=4123"}],"wp:term":[{"taxonomy":"product_brand","embeddable":true,"href":"https:\/\/demo8.izveide.id.lv\/lv\/wp-json\/wp\/v2\/product_brand?post=4123"},{"taxonomy":"product_cat","embeddable":true,"href":"https:\/\/demo8.izveide.id.lv\/lv\/wp-json\/wp\/v2\/product_cat?post=4123"},{"taxonomy":"product_tag","embeddable":true,"href":"https:\/\/demo8.izveide.id.lv\/lv\/wp-json\/wp\/v2\/product_tag?post=4123"}],"curies":[{"name":"wp","href":"https:\/\/api.w.org\/{rel}","templated":true}]}}