{"id":4118,"date":"2026-02-03T15:28:13","date_gmt":"2026-02-03T15:28:13","guid":{"rendered":"https:\/\/demo8.izveide.id.lv\/?post_type=product&#038;p=4118"},"modified":"2026-02-03T15:28:20","modified_gmt":"2026-02-03T15:28:20","slug":"rutschbremse-code-0114","status":"publish","type":"product","link":"https:\/\/demo8.izveide.id.lv\/lv\/products\/rutschbremse-code-0114\/","title":{"rendered":"Rutschbremse (kods 0114)"},"content":{"rendered":"<p><img decoding=\"async\" src=\"\/wp-content\/uploads\/2026\/01\/0114-PARENT_desc.jpg\"\/><\/p>\n<p><b>PRETSL\u012aD\u0112\u0160ANAS L\u012aDZEKLIS GR\u012aD\u0100M<\/b> Sadal\u0101s dab\u0101 vair\u0101k par 90% <\/p>\n<p><b>\u012apa\u0161\u012bbas<\/b>:*Nov\u0113r\u0161 sl\u012bd\u0113\u0161anu uz visiem pla\u0161i pielietojamajiem cieti gludajiem gr\u012bdu segumiem. *Apstr\u0101d\u0101tie gr\u012bdu segumi ieg\u016bst sp\u012bdumu, augstu net\u012brumu atgr\u016b\u0161anas sp\u0113ju, augstu notur\u012bbu pret sl\u012bd\u0113\u0161anu un t\u0101d\u0113j\u0101di dro\u0161\u012bbu. <\/p>\n<p><b>Pielieto\u0161anas iesp\u0113jas<\/b>: *Sporta z\u0101les*Skolas, b\u0113rnud\u0101rzi *Soci\u0101l\u0101s apr\u016bpes centri *Veikali *Sabiedrisk\u0101s iest\u0101des u.c.<b>Pielieto\u0161ana<\/b>:*L\u012bdzekli at\u0161\u0137aid\u012bt ar \u016bdeni proporcij\u0101 1:100 \u2013 1:500 un uzkl\u0101t pl\u0101n\u0101 k\u0101rt\u0101 apstr\u0101d\u0101jamajai virsmai. Pa gr\u012bdu var staig\u0101t uzreiz p\u0113c t\u0101s no\u017e\u016b\u0161anas. *L\u012bdzekli at\u0161\u0137aid\u012btu proporcij\u0101, apm\u0113\u0157am, 1:10 pievienot lieto\u0161anai gatavam jebkuram FLORE-CHEMIE gr\u012bdu mazg\u0101\u0161anas l\u012bdzeklim un mazg\u0101t gr\u012bdu ierast\u0101 veid\u0101 &#8211; l\u012bdzeklis autom\u0101tiski izpild\u012bs sev paredz\u0113t\u0101s funkcijas. *PH l\u012bmenim darba \u0161\u0137\u012bdum\u0101 ieteicams b\u016bt 7 \u2013 8 robe\u017e\u0101s. Gad\u012bjum\u0101, ja PH l\u012bmenis ir zem\u0101ks, var s\u0101kties mazg\u0101\u0161anas l\u012bdzek\u013ca koagul\u0101cija (sarec\u0113\u0161ana). <\/p>\n<p><b>Tehniskais raksturojums<\/b>: *<\/p>\n<p><b>Fizisk\u0101 forma<\/b>: \u0161\u0137idrums *<b>Bl\u012bvums (20 \u00ba\u0421)<\/b>: 0.98 g \/ ml *<\/p>\n<p><b>Sast\u0101vs<\/b>: \u016bden\u012b \u0161\u0137\u012bsto\u0161u polim\u0113ru formula ar pal\u012bgviel\u0101m*<b>Produkta kods<\/b>: 114<\/p>\n","protected":false},"excerpt":{"rendered":"<p>PRETSL\u012aD\u0112\u0160ANAS L\u012aDZEKLIS GR\u012aD\u0100M Sadal\u0101s dab\u0101 vair\u0101k par 90% \u012apa\u0161\u012bbas:*Nov\u0113r\u0161 sl\u012bd\u0113\u0161anu uz visiem pla\u0161i pielietojamajiem cieti gludajiem gr\u012bdu segumiem. *Apstr\u0101d\u0101tie gr\u012bdu segumi ieg\u016bst sp\u012bdumu, augstu net\u012brumu atgr\u016b\u0161anas sp\u0113ju, augstu notur\u012bbu pret sl\u012bd\u0113\u0161anu un t\u0101d\u0113j\u0101di dro\u0161\u012bbu. Pielieto\u0161anas iesp\u0113jas: *Sporta z\u0101les*Skolas, b\u0113rnud\u0101rzi *Soci\u0101l\u0101s apr\u016bpes centri *Veikali *Sabiedrisk\u0101s iest\u0101des u.c.Pielieto\u0161ana:*L\u012bdzekli at\u0161\u0137aid\u012bt ar \u016bdeni proporcij\u0101 1:100 \u2013 1:500 un uzkl\u0101t&#8230;<\/p>\n","protected":false},"featured_media":4119,"comment_status":"open","ping_status":"closed","template":"","meta":[],"product_brand":[337],"product_cat":[353,401],"product_tag":[],"class_list":{"0":"post-4118","1":"product","2":"type-product","3":"status-publish","4":"has-post-thumbnail","6":"product_brand-flore-chemie","7":"product_cat-flore-chemie-produkti","8":"product_cat-piedevas-un-paligvielas","10":"first","11":"instock","12":"shipping-taxable","13":"purchasable","14":"product-type-variable","15":"has-default-attributes"},"_links":{"self":[{"href":"https:\/\/demo8.izveide.id.lv\/lv\/wp-json\/wp\/v2\/product\/4118","targetHints":{"allow":["GET"]}}],"collection":[{"href":"https:\/\/demo8.izveide.id.lv\/lv\/wp-json\/wp\/v2\/product"}],"about":[{"href":"https:\/\/demo8.izveide.id.lv\/lv\/wp-json\/wp\/v2\/types\/product"}],"replies":[{"embeddable":true,"href":"https:\/\/demo8.izveide.id.lv\/lv\/wp-json\/wp\/v2\/comments?post=4118"}],"wp:featuredmedia":[{"embeddable":true,"href":"https:\/\/demo8.izveide.id.lv\/lv\/wp-json\/wp\/v2\/media\/4119"}],"wp:attachment":[{"href":"https:\/\/demo8.izveide.id.lv\/lv\/wp-json\/wp\/v2\/media?parent=4118"}],"wp:term":[{"taxonomy":"product_brand","embeddable":true,"href":"https:\/\/demo8.izveide.id.lv\/lv\/wp-json\/wp\/v2\/product_brand?post=4118"},{"taxonomy":"product_cat","embeddable":true,"href":"https:\/\/demo8.izveide.id.lv\/lv\/wp-json\/wp\/v2\/product_cat?post=4118"},{"taxonomy":"product_tag","embeddable":true,"href":"https:\/\/demo8.izveide.id.lv\/lv\/wp-json\/wp\/v2\/product_tag?post=4118"}],"curies":[{"name":"wp","href":"https:\/\/api.w.org\/{rel}","templated":true}]}}