{"id":4108,"date":"2026-02-03T15:28:10","date_gmt":"2026-02-03T15:28:10","guid":{"rendered":"https:\/\/demo8.izveide.id.lv\/?post_type=product&#038;p=4108"},"modified":"2026-02-03T15:28:20","modified_gmt":"2026-02-03T15:28:20","slug":"flamil-eisfrei-code-0424","status":"publish","type":"product","link":"https:\/\/demo8.izveide.id.lv\/lv\/products\/flamil-eisfrei-code-0424\/","title":{"rendered":"Flamil Eisfrei (kods 0424)"},"content":{"rendered":"<p><img decoding=\"async\" src=\"\/wp-content\/uploads\/2026\/01\/0424-PARENT_desc.jpg\"\/><\/p>\n<p><p><\/p>\n<p><b>L\u012aDZEKLIS SNIEGA, LEDUS UN ATKALAS KAUS\u0112\u0160ANAI<\/b>Piln\u012bgi sadal\u0101s dab\u0101<\/p>\n<p><b>\u012apa\u0161\u012bbas<\/b>:*Efekt\u012bvi kaus\u0113 sniegu un ledu uz iel\u0101m, ce\u013ciem un laukumiem, pie \u0113ku ieej\u0101m.*Saglab\u0101 augstu kaus\u0113\u0161anas efektivit\u0101ti pat pie temperat\u016bras zem &#8211; 20 \u00b0C.*L\u012bdzek\u013ca augstais hidroskopiskums \u013cauj pan\u0101kt \u0101tru ku\u0161anas efektu, kas ir 4 &#8211; 5 reizes augst\u0101ks k\u0101 n\u0101trija s\u0101lim.*Saglab\u0101 kaus\u0113\u0161anas \u012bpa\u0161\u012bbas ilg\u0101 laika period\u0101, neatkar\u012bgi no klimatiskajiem apst\u0101k\u013ciem.*Nerada kait\u012bgas iedarb\u012bbas efektu uz grunts\u016bde\u0146iem, nekait\u012bgs dabai un augiem.*Neizraisa smil\u0161akmens virsmu sadal\u012b\u0161anos.*Neizraisa dzelzsbetona konstrukciju armat\u016bras koroziju.*Nekait\u012bgs dab\u012bg\u0101s un m\u0101ksl\u012bg\u0101s \u0101das apaviem, riep\u0101m un automobi\u013cu virsb\u016bv\u0113m, fl\u012bz\u0113m un citiem da\u017e\u0101diem gr\u012bdas segumiem telp\u0101s.<\/p>\n<p><b>Pielieto\u0161anas iesp\u0113jas<\/b>:*L\u012bdzeklis izmantojams da\u017e\u0101diem dienestiem ielu, g\u0101j\u0113ju celi\u0146u un ma\u0123istr\u0101\u013cu mehaniz\u0113tajai uzkop\u0161anai.*Notek\u016bde\u0146u att\u012br\u012b\u0161anas iek\u0101rtas, lidostas, helikopteru nos\u0113\u0161an\u0101s vietas.*Izst\u0101\u017eu kompleksi, autosaloni, automazg\u0101tavas, degvielas uzpildes stacijas, pansion\u0101ti, neatliekam\u0101 medic\u012bnisk\u0101 pal\u012bdz\u012bba, slimn\u012bcas, skolas, b\u0113rnud\u0101rzi, viesn\u012bcas, restor\u0101ni, lielveikali u.c. sabiedriskas iest\u0101des.*Parkos, skv\u0113ros, uz g\u0101j\u0113ju celi\u0146iem. Jumtu un notekcauru\u013cu apstr\u0101dei pret apledojumu.*Neaizst\u0101jams ce\u013cu k\u0101pumu un kritumu virsmu apstr\u0101dei ziemas period\u0101.*Priv\u0101tm\u0101ju pagalmu segumi.<b>Pielieto\u0161anas veidi un uzglab\u0101\u0161ana<\/b>:*Flamil Eisfrei granulas (krist\u0101lus) vienm\u0113r\u012bgi (10 &#8211; 40 g \/ m\u00b2) izkais\u012bt uz apstr\u0101d\u0101jam\u0101s virsmas.<\/p>\n<p><b>Tehniskais raksturojums<\/b>:*<\/p>\n<p><b>Fizisk\u0101 forma<\/b>: granulas (krist\u0101li)*<b>Bl\u012bvums (20 \u00baC)<\/b>: 2.2 g \/ cm\u00b3 vai 710 g \/ ml*<b>PH l\u012bmenis (100 g\/l)<\/b>: 6*<\/p>\n<p><b>Sast\u0101vs<\/b>: modific\u0113tais kalcija hlor\u012bds, ledus kaus\u0113t\u0101js*<b>Produkta kods<\/b>: 424<\/p><\/p>\n","protected":false},"excerpt":{"rendered":"<p>L\u012aDZEKLIS SNIEGA, LEDUS UN ATKALAS KAUS\u0112\u0160ANAIPiln\u012bgi sadal\u0101s dab\u0101 \u012apa\u0161\u012bbas:*Efekt\u012bvi kaus\u0113 sniegu un ledu uz iel\u0101m, ce\u013ciem un laukumiem, pie \u0113ku ieej\u0101m.*Saglab\u0101 augstu kaus\u0113\u0161anas efektivit\u0101ti pat pie temperat\u016bras zem &#8211; 20 \u00b0C.*L\u012bdzek\u013ca augstais hidroskopiskums \u013cauj pan\u0101kt \u0101tru ku\u0161anas efektu, kas ir 4 &#8211; 5 reizes augst\u0101ks k\u0101 n\u0101trija s\u0101lim.*Saglab\u0101 kaus\u0113\u0161anas \u012bpa\u0161\u012bbas ilg\u0101 laika period\u0101, neatkar\u012bgi no&#8230;<\/p>\n","protected":false},"featured_media":4109,"comment_status":"open","ping_status":"closed","template":"","meta":[],"product_brand":[337],"product_cat":[353,401],"product_tag":[],"class_list":{"0":"post-4108","1":"product","2":"type-product","3":"status-publish","4":"has-post-thumbnail","6":"product_brand-flore-chemie","7":"product_cat-flore-chemie-produkti","8":"product_cat-piedevas-un-paligvielas","10":"first","11":"instock","12":"shipping-taxable","13":"purchasable","14":"product-type-variable","15":"has-default-attributes"},"_links":{"self":[{"href":"https:\/\/demo8.izveide.id.lv\/lv\/wp-json\/wp\/v2\/product\/4108","targetHints":{"allow":["GET"]}}],"collection":[{"href":"https:\/\/demo8.izveide.id.lv\/lv\/wp-json\/wp\/v2\/product"}],"about":[{"href":"https:\/\/demo8.izveide.id.lv\/lv\/wp-json\/wp\/v2\/types\/product"}],"replies":[{"embeddable":true,"href":"https:\/\/demo8.izveide.id.lv\/lv\/wp-json\/wp\/v2\/comments?post=4108"}],"wp:featuredmedia":[{"embeddable":true,"href":"https:\/\/demo8.izveide.id.lv\/lv\/wp-json\/wp\/v2\/media\/4109"}],"wp:attachment":[{"href":"https:\/\/demo8.izveide.id.lv\/lv\/wp-json\/wp\/v2\/media?parent=4108"}],"wp:term":[{"taxonomy":"product_brand","embeddable":true,"href":"https:\/\/demo8.izveide.id.lv\/lv\/wp-json\/wp\/v2\/product_brand?post=4108"},{"taxonomy":"product_cat","embeddable":true,"href":"https:\/\/demo8.izveide.id.lv\/lv\/wp-json\/wp\/v2\/product_cat?post=4108"},{"taxonomy":"product_tag","embeddable":true,"href":"https:\/\/demo8.izveide.id.lv\/lv\/wp-json\/wp\/v2\/product_tag?post=4108"}],"curies":[{"name":"wp","href":"https:\/\/api.w.org\/{rel}","templated":true}]}}