{"id":4102,"date":"2026-02-03T15:28:07","date_gmt":"2026-02-03T15:28:07","guid":{"rendered":"https:\/\/demo8.izveide.id.lv\/?post_type=product&#038;p=4102"},"modified":"2026-02-03T15:28:20","modified_gmt":"2026-02-03T15:28:20","slug":"florin-algen-ex-bt-code-1144","status":"publish","type":"product","link":"https:\/\/demo8.izveide.id.lv\/lv\/products\/florin-algen-ex-bt-code-1144\/","title":{"rendered":"Florin Algen Ex BT (kods 1144)"},"content":{"rendered":"<p><img decoding=\"async\" src=\"\/wp-content\/uploads\/2026\/01\/1144-PARENT_desc.jpg\"\/><\/p>\n<p><p><\/p>\n<p> <b>PIEDEVA \u016aDENSTILPN\u0112M PRET A\u013b\u0122\u0112M UN BAKT\u0112RIJ\u0100M<\/b><\/p>\n<p><b>\u012apa\u0161\u012bbas<\/b>:*Biolo\u0123iski sadal\u0101s dab\u0101.*Neveido putas, nav toksisks.*Piln\u012bgi nekait\u012bgs cilv\u0113kiem, kuri atrodas \u016bden\u012b.*Basein\u0101 nav j\u016btama ne smar\u017ea, ne gar\u0161a.*Piln\u012bgi nov\u0113r\u0161 bakt\u0113riju vairo\u0161anos pat proporcij\u0101 1:500 000.<\/p>\n<p><b>Pielieto\u0161anas iesp\u0113jas<\/b>:*Sald\u0113\u0161anas iek\u0101rt\u0101s.*Str\u016bklak\u0101s.*Baseinos.*Piem\u0101jas \u016bdenstilpn\u0113s.<b>Pielieto\u0161anas veidi un uzglab\u0101\u0161ana<\/b>:*L\u012bdzeklis pielietojams \u016bdenstilpn\u0113s proporcij\u0101 1 litrs uz 10 \u2013 50 m\u00b3, turpm\u0101k pievienojot prepar\u0101tu 1 reizi ned\u0113\u013c\u0101, 10% apjom\u0101 no pirmreiz\u0113j\u0101 pielietojuma daudzuma.*Sald\u0113\u0161anas sist\u0113m\u0101s izmantot 1:5000 l\u012bdz 1:30000.Uzglab\u0101t sl\u0113gt\u0101 trauk\u0101! Sarg\u0101t no b\u0113rniem! Nok\u013c\u016bstot ac\u012bs, skalot ar lielu \u016bdens daudzumu! B\u012bstam\u012bbas kategorija \u201cXi\u201d.Uzman\u012bbu! Koncentr\u0101ts kairina acis un \u0101du! Neizmantot, ja \u016bdenstilpn\u0113 dz\u012bvo zivis!<\/p>\n<p><b>Tehniskais raksturojums<\/b>:*<\/p>\n<p><b>Fizisk\u0101 forma<\/b>: \u0161\u0137idrums*<b>Bl\u012bvums (20 \u00baC)<\/b>: 1.00 g \/ ml*<b>PH l\u012bmenis<\/b>: 8.5*<b>Uzliesmo\u0161anas temperat\u016bra<\/b>: +45 \u00baC*<b>Produkta kods<\/b>: 1144 <\/p>\n","protected":false},"excerpt":{"rendered":"<p>PIEDEVA \u016aDENSTILPN\u0112M PRET A\u013b\u0122\u0112M UN BAKT\u0112RIJ\u0100M \u012apa\u0161\u012bbas:*Biolo\u0123iski sadal\u0101s dab\u0101.*Neveido putas, nav toksisks.*Piln\u012bgi nekait\u012bgs cilv\u0113kiem, kuri atrodas \u016bden\u012b.*Basein\u0101 nav j\u016btama ne smar\u017ea, ne gar\u0161a.*Piln\u012bgi nov\u0113r\u0161 bakt\u0113riju vairo\u0161anos pat proporcij\u0101 1:500 000. Pielieto\u0161anas iesp\u0113jas:*Sald\u0113\u0161anas iek\u0101rt\u0101s.*Str\u016bklak\u0101s.*Baseinos.*Piem\u0101jas \u016bdenstilpn\u0113s.Pielieto\u0161anas veidi un uzglab\u0101\u0161ana:*L\u012bdzeklis pielietojams \u016bdenstilpn\u0113s proporcij\u0101 1 litrs uz 10 \u2013 50 m\u00b3, turpm\u0101k pievienojot prepar\u0101tu 1 reizi ned\u0113\u013c\u0101, 10% apjom\u0101&#8230;<\/p>\n","protected":false},"featured_media":4103,"comment_status":"open","ping_status":"closed","template":"","meta":[],"product_brand":[337],"product_cat":[353,401],"product_tag":[],"class_list":{"0":"post-4102","1":"product","2":"type-product","3":"status-publish","4":"has-post-thumbnail","6":"product_brand-flore-chemie","7":"product_cat-flore-chemie-produkti","8":"product_cat-piedevas-un-paligvielas","10":"first","11":"instock","12":"shipping-taxable","13":"purchasable","14":"product-type-variable","15":"has-default-attributes"},"_links":{"self":[{"href":"https:\/\/demo8.izveide.id.lv\/lv\/wp-json\/wp\/v2\/product\/4102","targetHints":{"allow":["GET"]}}],"collection":[{"href":"https:\/\/demo8.izveide.id.lv\/lv\/wp-json\/wp\/v2\/product"}],"about":[{"href":"https:\/\/demo8.izveide.id.lv\/lv\/wp-json\/wp\/v2\/types\/product"}],"replies":[{"embeddable":true,"href":"https:\/\/demo8.izveide.id.lv\/lv\/wp-json\/wp\/v2\/comments?post=4102"}],"wp:featuredmedia":[{"embeddable":true,"href":"https:\/\/demo8.izveide.id.lv\/lv\/wp-json\/wp\/v2\/media\/4103"}],"wp:attachment":[{"href":"https:\/\/demo8.izveide.id.lv\/lv\/wp-json\/wp\/v2\/media?parent=4102"}],"wp:term":[{"taxonomy":"product_brand","embeddable":true,"href":"https:\/\/demo8.izveide.id.lv\/lv\/wp-json\/wp\/v2\/product_brand?post=4102"},{"taxonomy":"product_cat","embeddable":true,"href":"https:\/\/demo8.izveide.id.lv\/lv\/wp-json\/wp\/v2\/product_cat?post=4102"},{"taxonomy":"product_tag","embeddable":true,"href":"https:\/\/demo8.izveide.id.lv\/lv\/wp-json\/wp\/v2\/product_tag?post=4102"}],"curies":[{"name":"wp","href":"https:\/\/api.w.org\/{rel}","templated":true}]}}