{"id":4084,"date":"2026-02-03T15:28:02","date_gmt":"2026-02-03T15:28:02","guid":{"rendered":"https:\/\/demo8.izveide.id.lv\/?post_type=product&#038;p=4084"},"modified":"2026-02-03T15:28:03","modified_gmt":"2026-02-03T15:28:03","slug":"schaumkanone-v-8-kod-0540","status":"publish","type":"product","link":"https:\/\/demo8.izveide.id.lv\/lv\/products\/schaumkanone-v-8-kod-0540\/","title":{"rendered":"Schaumkanone V 8 (kods 0540)"},"content":{"rendered":"<p><p><b>Putu pistole V 8<\/b>\u2022 Putu pistole V 8 piesl\u0113dzama pie jebkur\u0101m standarta \u016bdens \u0161\u013c\u016bten\u0113m\u2022 Pieejama ar 1L vai 2L tilpumu\u2022 Iesp\u0113jam\u0101 doz\u0101cija ar \u016bdeni proporcij\u0101s 1:259 l\u012bdz 1:3<\/p><\/p>\n","protected":false},"excerpt":{"rendered":"<p>Putu pistole V 8\u2022 Putu pistole V 8 piesl\u0113dzama pie jebkur\u0101m standarta \u016bdens \u0161\u013c\u016bten\u0113m\u2022 Pieejama ar 1L vai 2L tilpumu\u2022 Iesp\u0113jam\u0101 doz\u0101cija ar \u016bdeni proporcij\u0101s 1:259 l\u012bdz 1:3<\/p>\n","protected":false},"featured_media":4085,"comment_status":"open","ping_status":"closed","template":"","meta":[],"product_brand":[337],"product_cat":[353,404],"product_tag":[],"class_list":{"0":"post-4084","1":"product","2":"type-product","3":"status-publish","4":"has-post-thumbnail","6":"product_brand-flore-chemie","7":"product_cat-flore-chemie-produkti","8":"product_cat-iekartas-un-papildus-produkti","10":"first","11":"instock","12":"shipping-taxable","13":"purchasable","14":"product-type-simple"},"_links":{"self":[{"href":"https:\/\/demo8.izveide.id.lv\/lv\/wp-json\/wp\/v2\/product\/4084","targetHints":{"allow":["GET"]}}],"collection":[{"href":"https:\/\/demo8.izveide.id.lv\/lv\/wp-json\/wp\/v2\/product"}],"about":[{"href":"https:\/\/demo8.izveide.id.lv\/lv\/wp-json\/wp\/v2\/types\/product"}],"replies":[{"embeddable":true,"href":"https:\/\/demo8.izveide.id.lv\/lv\/wp-json\/wp\/v2\/comments?post=4084"}],"wp:featuredmedia":[{"embeddable":true,"href":"https:\/\/demo8.izveide.id.lv\/lv\/wp-json\/wp\/v2\/media\/4085"}],"wp:attachment":[{"href":"https:\/\/demo8.izveide.id.lv\/lv\/wp-json\/wp\/v2\/media?parent=4084"}],"wp:term":[{"taxonomy":"product_brand","embeddable":true,"href":"https:\/\/demo8.izveide.id.lv\/lv\/wp-json\/wp\/v2\/product_brand?post=4084"},{"taxonomy":"product_cat","embeddable":true,"href":"https:\/\/demo8.izveide.id.lv\/lv\/wp-json\/wp\/v2\/product_cat?post=4084"},{"taxonomy":"product_tag","embeddable":true,"href":"https:\/\/demo8.izveide.id.lv\/lv\/wp-json\/wp\/v2\/product_tag?post=4084"}],"curies":[{"name":"wp","href":"https:\/\/api.w.org\/{rel}","templated":true}]}}