{"id":4072,"date":"2026-02-03T15:28:00","date_gmt":"2026-02-03T15:28:00","guid":{"rendered":"https:\/\/demo8.izveide.id.lv\/?post_type=product&#038;p=4072"},"modified":"2026-02-03T15:28:08","modified_gmt":"2026-02-03T15:28:08","slug":"alk-1492-lk","status":"publish","type":"product","link":"https:\/\/demo8.izveide.id.lv\/lv\/products\/alk-1492-lk\/","title":{"rendered":"ALK 1492 LK"},"content":{"rendered":"<p><img decoding=\"async\" src=\"\/wp-content\/uploads\/2026\/01\/ALK-1492-LK-PARENT_desc.jpg\"\/><\/p>\n<p><p><\/p>\n<p style=\"font-family: Arial, Helvetica, sans-serif; letter-spacing: normal; background-color: rgba(255, 255, 255, 0.8);\"><b>HOCHALKALISCHER INDUSTRIEREINIGER<\/b><\/p>\n<p style=\"font-family: Arial, Helvetica, sans-serif; letter-spacing: normal; background-color: rgba(255, 255, 255, 0.8); text-align: justify;\"><b>Anwendungsgebiete<\/b> <\/p>\n<p style=\"font-family: Arial, Helvetica, sans-serif; letter-spacing: normal; background-color: rgba(255, 255, 255, 0.8); text-align: justify;\">&#8220;ALK1492 LK&#8221; ist ein hochalkalischer Reiniger f\u00fcr extreme und hartn\u00e4ckige Verschmutzungen. Entfernt leicht \u00d6le, K\u00fchlschmierstoffr\u00fcckst\u00e4nde und Fette auf Werkzeugen, Blechen, Werkst\u00fccken im Tauchverfahren, Materialw\u00e4scher und zur manuellen Reinigung. Auch bestens f\u00fcr die Bodenreinigung geeignet. <span style=\"letter-spacing: normal;\">&#8220;ALK1492 LK&#8221;<\/span> ist schaumarm eingestellt, speziell f\u00fcr Scheuersaugmaschinen geeignet.<\/p>\n<p style=\"font-family: Arial, Helvetica, sans-serif; letter-spacing: normal; background-color: rgba(255, 255, 255, 0.8); text-align: justify;\"><b>Verarbeitung<\/b> <\/p>\n<p style=\"font-family: Arial, Helvetica, sans-serif; letter-spacing: normal; background-color: rgba(255, 255, 255, 0.8); text-align: justify;\"><span style=\"letter-spacing: normal;\">&#8220;ALK1492 LK&#8221;<\/span> wird bei der: <\/p>\n<p style=\"font-family: Arial, Helvetica, sans-serif; letter-spacing: normal; background-color: rgba(255, 255, 255, 0.8); text-align: justify;\">manuellen Reinigung 1-5 %ig <\/p>\n<p style=\"font-family: Arial, Helvetica, sans-serif; letter-spacing: normal; background-color: rgba(255, 255, 255, 0.8); text-align: justify;\">Automatenreinigung 1-5 %ig <\/p>\n<p style=\"font-family: Arial, Helvetica, sans-serif; letter-spacing: normal; background-color: rgba(255, 255, 255, 0.8); text-align: justify;\">Spr\u00fchreinigung 1-3 %ig <\/p>\n<p style=\"font-family: Arial, Helvetica, sans-serif; letter-spacing: normal; background-color: rgba(255, 255, 255, 0.8); text-align: justify;\">Tauchreinigung 1-5 %ig angewendet. <\/p>\n<p style=\"font-family: Arial, Helvetica, sans-serif; letter-spacing: normal; background-color: rgba(255, 255, 255, 0.8); text-align: justify;\"><b>Hinweise<\/b> <\/p>\n<p style=\"font-family: Arial, Helvetica, sans-serif; letter-spacing: normal; background-color: rgba(255, 255, 255, 0.8); text-align: justify;\"><span style=\"letter-spacing: normal;\">&#8220;ALK1492 LK&#8221;<\/span> enth\u00e4lt gem\u00e4\u00df EG 648\/2004 VO Detergenzien: &lt;5 % anionischen Tensiden, &lt;5 % nichtionischen Tensiden, &lt;5 % Phoshate, &lt;5 % NTA, Alkalisatoren, Duftstoffen<\/p>\n<p style=\"font-family: Arial, Helvetica, sans-serif; letter-spacing: normal; background-color: rgba(255, 255, 255, 0.8); text-align: justify;\"><b>pH<\/b>: 14 (Konz.)<\/p><\/p>\n","protected":false},"excerpt":{"rendered":"<p>HOCHALKALISCHER INDUSTRIEREINIGER Anwendungsgebiete &#8220;ALK1492 LK&#8221; ist ein hochalkalischer Reiniger f\u00fcr extreme und hartn\u00e4ckige Verschmutzungen. Entfernt leicht \u00d6le, K\u00fchlschmierstoffr\u00fcckst\u00e4nde und Fette auf Werkzeugen, Blechen, Werkst\u00fccken im Tauchverfahren, Materialw\u00e4scher und zur manuellen Reinigung. Auch bestens f\u00fcr die Bodenreinigung geeignet. &#8220;ALK1492 LK&#8221; ist schaumarm eingestellt, speziell f\u00fcr Scheuersaugmaschinen geeignet. Verarbeitung &#8220;ALK1492 LK&#8221; wird bei der: manuellen Reinigung 1-5&#8230;<\/p>\n","protected":false},"featured_media":4073,"comment_status":"open","ping_status":"closed","template":"","meta":[],"product_brand":[319],"product_cat":[414,417,420],"product_tag":[],"class_list":{"0":"post-4072","1":"product","2":"type-product","3":"status-publish","4":"has-post-thumbnail","6":"product_brand-chemie-spezial","7":"product_cat-chemie-spezial-produkti","8":"product_cat-industrija","9":"product_cat-tirisana-un-attaukosana","11":"first","12":"instock","13":"shipping-taxable","14":"purchasable","15":"product-type-variable","16":"has-default-attributes"},"_links":{"self":[{"href":"https:\/\/demo8.izveide.id.lv\/lv\/wp-json\/wp\/v2\/product\/4072","targetHints":{"allow":["GET"]}}],"collection":[{"href":"https:\/\/demo8.izveide.id.lv\/lv\/wp-json\/wp\/v2\/product"}],"about":[{"href":"https:\/\/demo8.izveide.id.lv\/lv\/wp-json\/wp\/v2\/types\/product"}],"replies":[{"embeddable":true,"href":"https:\/\/demo8.izveide.id.lv\/lv\/wp-json\/wp\/v2\/comments?post=4072"}],"wp:featuredmedia":[{"embeddable":true,"href":"https:\/\/demo8.izveide.id.lv\/lv\/wp-json\/wp\/v2\/media\/4073"}],"wp:attachment":[{"href":"https:\/\/demo8.izveide.id.lv\/lv\/wp-json\/wp\/v2\/media?parent=4072"}],"wp:term":[{"taxonomy":"product_brand","embeddable":true,"href":"https:\/\/demo8.izveide.id.lv\/lv\/wp-json\/wp\/v2\/product_brand?post=4072"},{"taxonomy":"product_cat","embeddable":true,"href":"https:\/\/demo8.izveide.id.lv\/lv\/wp-json\/wp\/v2\/product_cat?post=4072"},{"taxonomy":"product_tag","embeddable":true,"href":"https:\/\/demo8.izveide.id.lv\/lv\/wp-json\/wp\/v2\/product_tag?post=4072"}],"curies":[{"name":"wp","href":"https:\/\/api.w.org\/{rel}","templated":true}]}}