{"id":4042,"date":"2026-02-03T15:27:51","date_gmt":"2026-02-03T15:27:51","guid":{"rendered":"https:\/\/demo8.izveide.id.lv\/?post_type=product&#038;p=4042"},"modified":"2026-02-03T15:27:54","modified_gmt":"2026-02-03T15:27:54","slug":"col1141-cn","status":"publish","type":"product","link":"https:\/\/demo8.izveide.id.lv\/lv\/products\/col1141-cn\/","title":{"rendered":"COL1141 CN"},"content":{"rendered":"<p><img decoding=\"async\" src=\"\/wp-content\/uploads\/2026\/01\/COL1141-CN-PARENT_desc.jpg\"\/><\/p>\n<p><p><\/p>\n<p><b>WASSERMISCHBARES K<\/b><strong style=\"font-family: Arial, Helvetica, sans-serif; letter-spacing: normal; background-color: rgba(255, 255, 255, 0.8);\">\u00dc<\/strong><b>HLSCHMIERMITTEL AUF WEI<span style=\"text-align: center;\">\u00df<\/b><\/span><span style=\"font-family: Arial, Helvetica, sans-serif; font-weight: 700; letter-spacing: normal; text-align: justify; background-color: rgba(255, 255, 255, 0.8);\">\u00d6<\/span><b><span style=\"text-align: center;\">LBASIS<\/b><\/span><\/p>\n<p style=\"text-align: justify; \"><b style=\"font-family: Arial; font-size: 13.3333px; letter-spacing: normal;\">Produkt beschreibung:<\/b><b><span style=\"text-align: center;\"><br \/><\/b><\/span><\/p>\n<p><span style=\"font-family: Arial; font-size: small; letter-spacing: normal;\">&#8220;COL1141 CN&#8221; ist ein mittellegiertes K\u00fchlschmiermittel auf Wei\u00df\u00f6lbasis. Das Produkt enth\u00e4lt keine leicht nitrosierbaren Amine.<\/span><span style=\"font-family: Arial; font-size: small; letter-spacing: normal;\"><span style=\"letter-spacing: normal; font-family: Arial;\">&#8220;COL1141 CN&#8221;<\/span><span style=\"letter-spacing: normal; font-family: Arial;\"> ist frei von bioziden Stoffen und aromatischen Kohlenwasserstoffen.<\/span><\/span><span style=\"font-family: Arial; font-size: small; letter-spacing: normal;\"><span style=\"font-family: Arial; letter-spacing: normal;\">Es besitzt in der Anwendungskonzentration ein hohes Netzverm\u00f6gen und eine gute Sp\u00fclwirkung.<\/span><\/span><\/p>\n<p style=\"text-align: justify; \"><b font-size:=\"\" letter-spacing:=\"\" medium;=\"\" new=\"\" normal;\"=\"\" roman\";=\"\" style=\"font-family: \" times=\"\"><span style=\"font-size: 10pt; font-family: Arial;\">Anwendungstechnik:<\/span><\/b><span style=\"font-family: Arial; font-size: small; letter-spacing: normal;\"><br \/><\/span><\/p>\n<p><span style=\"letter-spacing: normal; font-family: Arial; font-size: small;\">&#8220;COL1141 CN&#8221;<\/span><span style=\"letter-spacing: normal; font-family: Arial; font-size: small;\"> eignet sich besonders zum Einsatz in einzelbef\u00fcllten Anlagen und Zentralanlagen wo bedingt durch dauerhafte Begrenzung des mikrobiziden Bewuchses und wirksame Puffersubstanzen zur pH &#8211; Wert &#8211; Erhaltung, ein problemloser Einsatz gew\u00e4hrleistet ist.<\/span><span style=\"font-family: Arial; font-size: small; letter-spacing: normal;\"><span style=\"font-family: Arial; letter-spacing: normal;\">Aufgrund seines Aufbaues wird <\/span><span style=\"font-family: Arial; letter-spacing: normal; text-align: start;\">&#8220;COL1141 CN&#8221;<\/span><span style=\"font-family: Arial; letter-spacing: normal;\"> mit Erfolg bei Werkstoffen bis zu einer Festigkeit von 850 N\/mm\u00b2 beim Drehen, Bohren, Schleifen und S\u00e4gen verwendet.<\/span><\/span><span style=\"font-family: Arial; font-size: small; letter-spacing: normal;\"><span style=\"font-family: Arial; letter-spacing: normal;\">Eine Bearbeitung von Buntmetallen ist aufgrund seiner Inhibierung m\u00f6glich. Aluminiumlegierungen werden ebenfalls nicht angegriffen.<\/span><\/span><span style=\"font-family: Arial; font-size: small; letter-spacing: normal;\"><span style=\"font-family: Arial; letter-spacing: normal;\">Die Vertr\u00e4glichkeit gegen\u00fcber handels\u00fcblichen Maschinenlacken ist bis zu einer Einsatzkonzentration von 10 % gegeben.<\/span><\/span><span style=\"font-family: Arial; font-size: small; letter-spacing: normal;\"><span style=\"font-family: Arial; letter-spacing: normal;\">&#8220;COL1141 CN&#8221;<\/span><span style=\"font-family: Arial; letter-spacing: normal;\"> ist nicht vorkonserviert und aromatenfrei, daher sehr hautfreundlich.<\/span><\/span><span style=\"font-family: Arial; font-size: small; letter-spacing: normal;\"><span style=\"font-family: Arial; letter-spacing: normal;\">Aufgrund des verwendeten aromatenfreien Wei\u00df\u00f6les ist <\/span><span style=\"font-family: Arial; letter-spacing: normal; text-align: start;\">&#8220;COL1141 CN&#8221;<\/span><span style=\"font-family: Arial; letter-spacing: normal;\"> in die Wassergef\u00e4hrdungsklasse 2 ( Selbsteinstufung ) eingestuft.<\/span><b -webkit-left;\"=\"\" font-size:=\"\" letter-spacing:=\"\" medium;=\"\" new=\"\" normal;=\"\" roman\";=\"\" style=\"font-family: \" text-align:=\"\" times=\"\"><span style=\"font-size: 10pt; font-family: Arial;\">Technische Daten:<\/span><\/b><span style=\"font-family: Arial; letter-spacing: normal;\"><br \/><\/span><b>Dichte ( 20 \u00b0C ): <\/b><span style=\"font-family: Arial; letter-spacing: normal;\">0,95 g\/cm\u00b3<\/span><b -webkit-left;\"=\"\" font-size:=\"\" letter-spacing:=\"\" medium;=\"\" new=\"\" normal;=\"\" roman\";=\"\" style=\"font-family: \" text-align:=\"\" times=\"\"><span style=\"font-size: 10pt; font-family: Arial;\"><br \/><\/span><\/b><b>pH-Wert (5 %): <\/b><span style=\"font-family: Arial; letter-spacing: normal;\">9,3<\/span><span style=\"font-family: Arial; letter-spacing: normal;\"><br \/><\/span><b>Einsatzkonzentration: <\/b><span style=\"font-family: Arial; letter-spacing: normal;\">4 &#8211; 6 % je nach Materialbeschaffenheit<\/span><span style=\"font-family: Arial; letter-spacing: normal;\"><br \/><\/span><b>Viskosit\u00e4t ( 20 \u00b0C ): <\/b><span style=\"font-family: Arial; letter-spacing: normal;\">200 mm\u00b2\/s<\/span><span style=\"font-family: Arial; letter-spacing: normal;\"><br \/><\/span><b>Refraktometerwert: <\/b><span style=\"font-family: Arial; letter-spacing: normal;\">1,1<\/span><span style=\"font-family: Arial; letter-spacing: normal;\"><br \/><\/span><b>Korrosionsschutz: <\/b><span style=\"font-family: Arial; font-size: 13.3333px; letter-spacing: normal;\">0 und 0 bis 3 % nach DIN 51360 T2<\/span><span style=\"font-family: Arial; letter-spacing: normal;\"><br \/><\/span><b style=\"font-family: Arial; font-size: 13.3333px; letter-spacing: normal; text-align: -webkit-left;\">Anmerkung:<\/b><span style=\"font-family: Arial; font-size: 13.3333px; letter-spacing: normal;\"><br \/><\/span><span style=\"font-family: Arial; font-size: 13.3333px; letter-spacing: normal; text-align: -webkit-left;\">Dieses Merkblatt soll Sie nach bestem Wissen beraten, der Inhalt ist jedoch ohne Rechtsverbindlichkeit!<\/span><b style=\"font-family: Arial; font-size: 13.3333px; letter-spacing: normal; text-align: -webkit-left;\"><br \/><\/b><\/span><\/p><\/p>\n","protected":false},"excerpt":{"rendered":"<p>WASSERMISCHBARES K\u00dcHLSCHMIERMITTEL AUF WEI\u00df\u00d6LBASIS Produkt beschreibung: &#8220;COL1141 CN&#8221; ist ein mittellegiertes K\u00fchlschmiermittel auf Wei\u00df\u00f6lbasis. Das Produkt enth\u00e4lt keine leicht nitrosierbaren Amine.&#8220;COL1141 CN&#8221; ist frei von bioziden Stoffen und aromatischen Kohlenwasserstoffen.Es besitzt in der Anwendungskonzentration ein hohes Netzverm\u00f6gen und eine gute Sp\u00fclwirkung. Anwendungstechnik: &#8220;COL1141 CN&#8221; eignet sich besonders zum Einsatz in einzelbef\u00fcllten Anlagen und Zentralanlagen wo&#8230;<\/p>\n","protected":false},"featured_media":4043,"comment_status":"open","ping_status":"closed","template":"","meta":[],"product_brand":[319],"product_cat":[414,423,417],"product_tag":[],"class_list":{"0":"post-4042","1":"product","2":"type-product","3":"status-publish","4":"has-post-thumbnail","6":"product_brand-chemie-spezial","7":"product_cat-chemie-spezial-produkti","8":"product_cat-dzesesanas-smervielas","9":"product_cat-industrija","11":"first","12":"instock","13":"shipping-taxable","14":"purchasable","15":"product-type-variable","16":"has-default-attributes"},"_links":{"self":[{"href":"https:\/\/demo8.izveide.id.lv\/lv\/wp-json\/wp\/v2\/product\/4042","targetHints":{"allow":["GET"]}}],"collection":[{"href":"https:\/\/demo8.izveide.id.lv\/lv\/wp-json\/wp\/v2\/product"}],"about":[{"href":"https:\/\/demo8.izveide.id.lv\/lv\/wp-json\/wp\/v2\/types\/product"}],"replies":[{"embeddable":true,"href":"https:\/\/demo8.izveide.id.lv\/lv\/wp-json\/wp\/v2\/comments?post=4042"}],"wp:featuredmedia":[{"embeddable":true,"href":"https:\/\/demo8.izveide.id.lv\/lv\/wp-json\/wp\/v2\/media\/4043"}],"wp:attachment":[{"href":"https:\/\/demo8.izveide.id.lv\/lv\/wp-json\/wp\/v2\/media?parent=4042"}],"wp:term":[{"taxonomy":"product_brand","embeddable":true,"href":"https:\/\/demo8.izveide.id.lv\/lv\/wp-json\/wp\/v2\/product_brand?post=4042"},{"taxonomy":"product_cat","embeddable":true,"href":"https:\/\/demo8.izveide.id.lv\/lv\/wp-json\/wp\/v2\/product_cat?post=4042"},{"taxonomy":"product_tag","embeddable":true,"href":"https:\/\/demo8.izveide.id.lv\/lv\/wp-json\/wp\/v2\/product_tag?post=4042"}],"curies":[{"name":"wp","href":"https:\/\/api.w.org\/{rel}","templated":true}]}}